{"id":3368,"date":"2018-12-27T20:46:51","date_gmt":"2018-12-27T22:46:51","guid":{"rendered":"http:\/\/berkanainstituto.com.br\/?page_id=3368"},"modified":"2024-08-01T16:22:33","modified_gmt":"2024-08-01T19:22:33","slug":"about-us","status":"publish","type":"page","link":"https:\/\/angelopiovesan.com\/en\/quem-somos\/","title":{"rendered":"About Us"},"content":{"rendered":"<div data-elementor-type=\"wp-post\" data-elementor-id=\"3368\" class=\"elementor elementor-3368\">\n\t\t\t\t\t\t<section class=\"elementor-section elementor-top-section elementor-element elementor-element-d87aec1 elementor-section-boxed elementor-section-height-default elementor-section-height-default\" data-id=\"d87aec1\" data-element_type=\"section\" data-e-type=\"section\">\n\t\t\t\t\t\t<div class=\"elementor-container elementor-column-gap-default\">\n\t\t\t\t\t<div class=\"elementor-column elementor-col-100 elementor-top-column elementor-element elementor-element-f3858db\" data-id=\"f3858db\" data-element_type=\"column\" data-e-type=\"column\">\n\t\t\t<div class=\"elementor-widget-wrap elementor-element-populated\">\n\t\t\t\t\t\t<div class=\"elementor-element elementor-element-7cca0d1 elementor-widget elementor-widget-heading\" data-id=\"7cca0d1\" data-element_type=\"widget\" data-e-type=\"widget\" data-widget_type=\"heading.default\">\n\t\t\t\t<div class=\"elementor-widget-container\">\n\t\t\t\t\t<h1 class=\"elementor-heading-title elementor-size-default\">About Us<\/h1>\t\t\t\t<\/div>\n\t\t\t\t<\/div>\n\t\t\t\t\t<\/div>\n\t\t<\/div>\n\t\t\t\t\t<\/div>\n\t\t<\/section>\n\t\t\t\t<section class=\"elementor-section elementor-top-section elementor-element elementor-element-dd35eba elementor-section-boxed elementor-section-height-default elementor-section-height-default\" data-id=\"dd35eba\" data-element_type=\"section\" data-e-type=\"section\">\n\t\t\t\t\t\t<div class=\"elementor-container elementor-column-gap-default\">\n\t\t\t\t\t<div class=\"elementor-column elementor-col-50 elementor-top-column elementor-element elementor-element-d6da291\" data-id=\"d6da291\" data-element_type=\"column\" data-e-type=\"column\">\n\t\t\t<div class=\"elementor-widget-wrap elementor-element-populated\">\n\t\t\t\t\t\t<div class=\"elementor-element elementor-element-0c779d2 elementor-widget elementor-widget-text-editor\" data-id=\"0c779d2\" data-element_type=\"widget\" data-e-type=\"widget\" data-widget_type=\"text-editor.default\">\n\t\t\t\t<div class=\"elementor-widget-container\">\n\t\t\t\t\t\t\t\t\t<h2><span style=\"font-size: 18pt;\"><strong>Angelo Piovesan, Ph.D.<\/strong><\/span><\/h2><p>There are some experiences we have had as children that we do not realize, with the necessary clarity, what was happening at the time.<\/p><p>On the one hand, I have always been a super studious and dedicated boy, the best student in the class, of quick thinking and words that always flowed rapidly and clearly - people said I was \u201chyper energetic\u201d; devouring all and any literature, from the library books to my aunt's photo novels magazines, to the far western stories published in pocketbooks to the medicine inserts; and, of course, dictionaries, I\u2019ve always loved dictionaries.<\/p><p>On the other hand, I have always been fascinated by and in communion with nature. As I liked to take care of the vegetable garden and the hen houses (yes, we used to have a chicken coop only for broody hens and newborn chicks) I would spend hours looking at the sky and imagining thousands of fantastic stories, or watching the movement of ants and preventing them, with a wooden stick, from eating the vegetables; people said that I was disconnected, out of the world, because they called me and I didn't answer - of course I was so absorbed that I didn't even hear. Experiences so diverse and paradoxical that they seemed incongruous, or lived by different people; but, yes, it was me then, and I am still myself now!<\/p>\t\t\t\t\t\t\t\t<\/div>\n\t\t\t\t<\/div>\n\t\t\t\t\t<\/div>\n\t\t<\/div>\n\t\t\t\t<div class=\"elementor-column elementor-col-50 elementor-top-column elementor-element elementor-element-a38197c\" data-id=\"a38197c\" data-element_type=\"column\" data-e-type=\"column\">\n\t\t\t<div class=\"elementor-widget-wrap elementor-element-populated\">\n\t\t\t\t\t\t<div class=\"elementor-element elementor-element-0783112 elementor-widget elementor-widget-image\" data-id=\"0783112\" data-element_type=\"widget\" data-e-type=\"widget\" data-widget_type=\"image.default\">\n\t\t\t\t<div class=\"elementor-widget-container\">\n\t\t\t\t\t\t\t\t\t\t\t\t\t\t\t<img fetchpriority=\"high\" decoding=\"async\" width=\"500\" height=\"606\" src=\"https:\/\/angelopiovesan.com\/wp-content\/uploads\/2022\/10\/angelo-quem-somos-en.png\" class=\"attachment-large size-large wp-image-7303\" alt=\"\" srcset=\"https:\/\/angelopiovesan.com\/wp-content\/uploads\/2022\/10\/angelo-quem-somos-en.png 500w, https:\/\/angelopiovesan.com\/wp-content\/uploads\/2022\/10\/angelo-quem-somos-en-248x300.png 248w, https:\/\/angelopiovesan.com\/wp-content\/uploads\/2022\/10\/angelo-quem-somos-en-10x12.png 10w, https:\/\/angelopiovesan.com\/wp-content\/uploads\/2022\/10\/angelo-quem-somos-en-20x24.png 20w, https:\/\/angelopiovesan.com\/wp-content\/uploads\/2022\/10\/angelo-quem-somos-en-30x36.png 30w, https:\/\/angelopiovesan.com\/wp-content\/uploads\/2022\/10\/angelo-quem-somos-en-40x48.png 40w\" sizes=\"(max-width: 500px) 100vw, 500px\" \/>\t\t\t\t\t\t\t\t\t\t\t\t\t\t\t<\/div>\n\t\t\t\t<\/div>\n\t\t\t\t\t<\/div>\n\t\t<\/div>\n\t\t\t\t\t<\/div>\n\t\t<\/section>\n\t\t\t\t<section class=\"elementor-section elementor-top-section elementor-element elementor-element-19e2871 elementor-section-boxed elementor-section-height-default elementor-section-height-default\" data-id=\"19e2871\" data-element_type=\"section\" data-e-type=\"section\">\n\t\t\t\t\t\t<div class=\"elementor-container elementor-column-gap-default\">\n\t\t\t\t\t<div class=\"elementor-column elementor-col-100 elementor-top-column elementor-element elementor-element-e4b86b0\" data-id=\"e4b86b0\" data-element_type=\"column\" data-e-type=\"column\">\n\t\t\t<div class=\"elementor-widget-wrap elementor-element-populated\">\n\t\t\t\t\t\t<section class=\"elementor-section elementor-inner-section elementor-element elementor-element-7875991 elementor-section-boxed elementor-section-height-default elementor-section-height-default\" data-id=\"7875991\" data-element_type=\"section\" data-e-type=\"section\">\n\t\t\t\t\t\t<div class=\"elementor-container elementor-column-gap-default\">\n\t\t\t\t\t<div class=\"elementor-column elementor-col-100 elementor-inner-column elementor-element elementor-element-5c09bcf\" data-id=\"5c09bcf\" data-element_type=\"column\" data-e-type=\"column\">\n\t\t\t<div class=\"elementor-widget-wrap elementor-element-populated\">\n\t\t\t\t\t\t<div class=\"elementor-element elementor-element-ddccd39 elementor-widget elementor-widget-text-editor\" data-id=\"ddccd39\" data-element_type=\"widget\" data-e-type=\"widget\" data-widget_type=\"text-editor.default\">\n\t\t\t\t<div class=\"elementor-widget-container\">\n\t\t\t\t\t\t\t\t\t<p><span style=\"font-weight: 400;\">Maybe that explains the multiple interests, throughout my life, for everything and everyone, that took me to academic studies - at the age of 28 years old I was already a Ph.D. by an important American university, with a doctoral thesis written in a foreign language - and, at the same time, it took me to holistic and esoteric studies where, in addition to books and courses, inner searching, introspection and meditation were always present. The intuitions, the premonitions often confirmed, the spiritual gifts, which, I believe, we all have, have been subtle and, sometimes, imperceptibly, showing throughout my life.<\/span><\/p><p><span style=\"font-weight: 400;\">I worked on radio and television, both in commercial and educational stations; I was a university professor at the largest public university in Brazil and academic advisor for dozens of master's and doctoral theses; UN consultant for the areas of communication, education and health; director of international promotional marketing, developing diversified actions in more than 30 countries; among many other things that do not need to be mentioned here, I lived all aspects and values of academic science.\u00a0<\/span><\/p><p><span style=\"font-weight: 400;\">I have always dedicated myself to social projects and the service to others, I had the privilege of voluntarily caring for the elderly and children, highlighting that caring for children has always occupied a very important place in my heart. \nAll of this aligns very well, astrologically my sun is in cancer and as such my family has always been essential in my life - my three children are the great blessings of my existence, to whom I thank, always and infinitely, the honor of being their father, and the joy for the four grandchildren that have been given to me so far, in the hope that others will arrive, because the possibilities always exist.<\/span><\/p><p><span style=\"font-weight: 400;\">At the same time, I have always been deeply involved in holistic and esoteric matters, trying to understand the energetic manifestations and how to use them correctly; looking for all the ways that were available to me to access the Divine, inside and outside of me. Even with a solid Catholic background - I even thought about being a priest, but soon gave it up when I realized that I had no vocation for celibacy - I dedicated myself to the study of various philosophies, religions and spiritual traditions, from Christianity, to Islam, Buddhism, Hinduism, Shamanism, Umbanda among so many others, because I have always been interested in the multiple forms of communication with the Divine.<\/span><\/p><p><span style=\"font-weight: 400;\">I have walked through the studies of Theosophy; I went deeper into the world of the Great White Brotherhood, which transcends religions, falling in love irremediably with the Ascended Masters. I dedicated myself to the study of various holistic therapies, seeking to understand them, receiving treatments and learning how to use them. I have also dedicated myself to the study and practice of some oracles, finding in Tarot a wonderful instrument - I have been reading Tarot since 2003. I have also had the privilege of participating in the Inner Alchemy Movement in Brazil where I studied, went deep into the service of light, joined the inner core support group, and, later on, I helped create and was the first rector of the Alchemy's University of Consciousness.<\/span><\/p>\t\t\t\t\t\t\t\t<\/div>\n\t\t\t\t<\/div>\n\t\t\t\t<div class=\"elementor-element elementor-element-d896f77 elementor-widget elementor-widget-text-editor\" data-id=\"d896f77\" data-element_type=\"widget\" data-e-type=\"widget\" data-widget_type=\"text-editor.default\">\n\t\t\t\t<div class=\"elementor-widget-container\">\n\t\t\t\t\t\t\t\t\t<p style=\"text-align: center;\"><i><span style=\"font-weight: 400;\">Everything mixed together and all at the same time, seeking unity in the expression of the diversity that I am. I have always been immersed in the endless process of self-knowledge that, I was confirming more and more intensely, goes hand in hand, and with very tight hands, with the process of expanding consciousness and spiritual growth.<\/span><\/i><\/p>\t\t\t\t\t\t\t\t<\/div>\n\t\t\t\t<\/div>\n\t\t\t\t\t<\/div>\n\t\t<\/div>\n\t\t\t\t\t<\/div>\n\t\t<\/section>\n\t\t\t\t<div class=\"elementor-element elementor-element-67c028c elementor-widget elementor-widget-image\" data-id=\"67c028c\" data-element_type=\"widget\" data-e-type=\"widget\" data-widget_type=\"image.default\">\n\t\t\t\t<div class=\"elementor-widget-container\">\n\t\t\t\t\t\t\t\t\t\t\t\t<figure class=\"wp-caption\">\n\t\t\t\t\t\t\t\t\t\t<img decoding=\"async\" width=\"1280\" height=\"853\" src=\"https:\/\/angelopiovesan.com\/wp-content\/uploads\/2024\/08\/angelo-quem-somos-betula.jpg\" class=\"attachment-full size-full wp-image-8576\" alt=\"\" srcset=\"https:\/\/angelopiovesan.com\/wp-content\/uploads\/2024\/08\/angelo-quem-somos-betula.jpg 1280w, https:\/\/angelopiovesan.com\/wp-content\/uploads\/2024\/08\/angelo-quem-somos-betula-300x200.jpg 300w, https:\/\/angelopiovesan.com\/wp-content\/uploads\/2024\/08\/angelo-quem-somos-betula-1024x682.jpg 1024w, https:\/\/angelopiovesan.com\/wp-content\/uploads\/2024\/08\/angelo-quem-somos-betula-768x512.jpg 768w, https:\/\/angelopiovesan.com\/wp-content\/uploads\/2024\/08\/angelo-quem-somos-betula-18x12.jpg 18w, https:\/\/angelopiovesan.com\/wp-content\/uploads\/2024\/08\/angelo-quem-somos-betula-24x16.jpg 24w, https:\/\/angelopiovesan.com\/wp-content\/uploads\/2024\/08\/angelo-quem-somos-betula-36x24.jpg 36w, https:\/\/angelopiovesan.com\/wp-content\/uploads\/2024\/08\/angelo-quem-somos-betula-48x32.jpg 48w\" sizes=\"(max-width: 1280px) 100vw, 1280px\" \/>\t\t\t\t\t\t\t\t\t\t\t<figcaption class=\"widget-image-caption wp-caption-text\">Berkana is the name of a rune and also represents the birch tree (image).<\/figcaption>\n\t\t\t\t\t\t\t\t\t\t<\/figure>\n\t\t\t\t\t\t\t\t\t<\/div>\n\t\t\t\t<\/div>\n\t\t\t\t<div class=\"elementor-element elementor-element-c490547 elementor-widget elementor-widget-text-editor\" data-id=\"c490547\" data-element_type=\"widget\" data-e-type=\"widget\" data-widget_type=\"text-editor.default\">\n\t\t\t\t<div class=\"elementor-widget-container\">\n\t\t\t\t\t\t\t\t\t<h4>\u00a0<\/h4><h2><span style=\"font-size: 18pt;\"><strong><b>The early structure and the evolution of the services<\/b><\/strong><\/span><\/h2><h3><span style=\"font-size: 14pt;\"><b>From Berkana Instituto to Angelo Piovesan<\/b><\/span><\/h3><p><span style=\"font-weight: 400;\"><img decoding=\"async\" class=\"alignright size-full wp-image-7307\" src=\"https:\/\/angelopiovesan.com\/wp-content\/uploads\/2022\/10\/logo-berkana-angelo-v2.png\" alt=\"\" width=\"381\" height=\"158\" srcset=\"https:\/\/angelopiovesan.com\/wp-content\/uploads\/2022\/10\/logo-berkana-angelo-v2.png 381w, https:\/\/angelopiovesan.com\/wp-content\/uploads\/2022\/10\/logo-berkana-angelo-v2-300x124.png 300w, https:\/\/angelopiovesan.com\/wp-content\/uploads\/2022\/10\/logo-berkana-angelo-v2-16x7.png 16w, https:\/\/angelopiovesan.com\/wp-content\/uploads\/2022\/10\/logo-berkana-angelo-v2-24x10.png 24w, https:\/\/angelopiovesan.com\/wp-content\/uploads\/2022\/10\/logo-berkana-angelo-v2-36x15.png 36w, https:\/\/angelopiovesan.com\/wp-content\/uploads\/2022\/10\/logo-berkana-angelo-v2-48x20.png 48w\" sizes=\"(max-width: 381px) 100vw, 381px\" \/>I had only a few years left to retire as a professor from the university when, unable to resist any longer the internal calls, and under the inspiration of the Spiritual Plan, it was urgent to create the basic structure to carry out activities to promote self-knowledge, expansion of consciousness and spiritual development. At that early moment, around the year 2010, still focused on creating the infrastructure for the services I could provide, I created the Berkana Institute. <\/span><\/p><p><span style=\"font-weight: 400;\">The search for the name of the institute went through some processes, but it was resolved when, even though I had never studied the rune oracle, I came across the rune Berkana, which means <\/span><i><span style=\"font-weight: 400;\">\"true growth rises from within\"<\/span><\/i><span style=\"font-weight: 400;\">. This brought me clarity of what I have always believed in and what gives meaning to the service I want to provide: helping people in their process of self-knowledge so that, by knowing themselves more and more deeply, they can find the truth that dwells in their hearts, awaken their consciousness and spiritual gifts, commune with the Divine and, taking full responsibility for their own lives, they can live in the joy of being what they truly are.<\/span><\/p><p><span style=\"font-weight: 400;\">In the initial years of activity, the Berkana Institute offered, always with me at the head, but in partnership with professionals specialized in various areas, individual consultations, in presence and at a distance (online), courses, workshops, lectures, free events, always with the purpose of offering excellent quality services. And, thanks to everyone's commitment, we have been very successful in this endeavor.\u00a0<\/span><span style=\"color: var( --e-global-color-text );\">However, over the years, experience was showing that I should be alone in this process, that everyone has their own mission in life, and that I had created the infrastructure to fulfill my service mission.\u00a0<\/span><\/p><p><span style=\"color: var( --e-global-color-text );\">Little by little, in a spontaneous and harmonious way, people left the institute, making it even clearer that this was my mission. At the same time, with the arrival of the COVID pandemic, I had to close the big house where the institute used to work in the city of S\u00e3o Paulo and, started to perform the individual consultations exclusively online, either by videoconference or through audio description.\u00a0<\/span><\/p><p><span style=\"color: var( --e-global-color-text );\">I had to take a break from in-person activities, and when I resumed them, it was in partnership with spaces of friendly professionals, many times in geographic extremes of the city. In 2022, on a vacation trip to visit family, I was in Marietta, a city in the Atlanta area, capital of the state of Georgia, in the United States, and had the opportunity to conduct in-person Reiki Courses, and do sessions with the Tarot and the Radionic Board of the Sacred Flame.\u00a0<\/span><\/p><p><span style=\"color: var( --e-global-color-text );\">This made it even clearer that Berkana Institute was in fact me, wherever I was, anywhere in the world, using any of the languages in which I am fluent. So, faced with the reality of the facts, and from the point of view of the identity of the work, it was necessary to make this integration: to assume, clearly and unequivocally, that the services, whether in person or at a distance (online), are provided exclusively by me.\u00a0<\/span><\/p><p><span style=\"color: var( --e-global-color-text );\">That is why, after years, the site - which used to be called berkanainstituto - now has my own name.<\/span><\/p>\t\t\t\t\t\t\t\t<\/div>\n\t\t\t\t<\/div>\n\t\t\t\t\t<\/div>\n\t\t<\/div>\n\t\t\t\t\t<\/div>\n\t\t<\/section>\n\t\t\t\t<section class=\"elementor-section elementor-top-section elementor-element elementor-element-3671b62 elementor-section-boxed elementor-section-height-default elementor-section-height-default\" data-id=\"3671b62\" data-element_type=\"section\" data-e-type=\"section\">\n\t\t\t\t\t\t<div class=\"elementor-container elementor-column-gap-default\">\n\t\t\t\t\t<div class=\"elementor-column elementor-col-100 elementor-top-column elementor-element elementor-element-1d6591c\" data-id=\"1d6591c\" data-element_type=\"column\" data-e-type=\"column\">\n\t\t\t<div class=\"elementor-widget-wrap elementor-element-populated\">\n\t\t\t\t\t\t<div class=\"elementor-element elementor-element-fea477a elementor-widget elementor-widget-heading\" data-id=\"fea477a\" data-element_type=\"widget\" data-e-type=\"widget\" data-widget_type=\"heading.default\">\n\t\t\t\t<div class=\"elementor-widget-container\">\n\t\t\t\t\t<h2 class=\"elementor-heading-title elementor-size-default\">Testimonials<\/h2>\t\t\t\t<\/div>\n\t\t\t\t<\/div>\n\t\t\t\t<div class=\"elementor-element elementor-element-364ab0b elementor-widget elementor-widget-heading\" data-id=\"364ab0b\" data-element_type=\"widget\" data-e-type=\"widget\" data-widget_type=\"heading.default\">\n\t\t\t\t<div class=\"elementor-widget-container\">\n\t\t\t\t\t<h3 class=\"elementor-heading-title elementor-size-default\">(English version \/ subtitles will be available soon)<\/h3>\t\t\t\t<\/div>\n\t\t\t\t<\/div>\n\t\t\t\t<section class=\"elementor-section elementor-inner-section elementor-element elementor-element-98dc62f elementor-section-boxed elementor-section-height-default elementor-section-height-default\" data-id=\"98dc62f\" data-element_type=\"section\" data-e-type=\"section\">\n\t\t\t\t\t\t<div class=\"elementor-container elementor-column-gap-default\">\n\t\t\t\t\t<div class=\"elementor-column elementor-col-33 elementor-inner-column elementor-element elementor-element-c269cb4\" data-id=\"c269cb4\" data-element_type=\"column\" data-e-type=\"column\" data-settings=\"{&quot;background_background&quot;:&quot;classic&quot;}\">\n\t\t\t<div class=\"elementor-widget-wrap elementor-element-populated\">\n\t\t\t\t\t\t<div class=\"elementor-element elementor-element-2cfb90e elementor-widget elementor-widget-video\" data-id=\"2cfb90e\" data-element_type=\"widget\" data-e-type=\"widget\" data-settings=\"{&quot;youtube_url&quot;:&quot;https:\\\/\\\/youtu.be\\\/fRVQ943SnxA&quot;,&quot;video_type&quot;:&quot;youtube&quot;,&quot;controls&quot;:&quot;yes&quot;}\" data-widget_type=\"video.default\">\n\t\t\t\t<div class=\"elementor-widget-container\">\n\t\t\t\t\t\t\t<div class=\"elementor-wrapper elementor-open-inline\">\n\t\t\t<div class=\"elementor-video\"><\/div>\t\t<\/div>\n\t\t\t\t\t\t<\/div>\n\t\t\t\t<\/div>\n\t\t\t\t\t<\/div>\n\t\t<\/div>\n\t\t\t\t<div class=\"elementor-column elementor-col-33 elementor-inner-column elementor-element elementor-element-da3c9e6\" data-id=\"da3c9e6\" data-element_type=\"column\" data-e-type=\"column\" data-settings=\"{&quot;background_background&quot;:&quot;classic&quot;}\">\n\t\t\t<div class=\"elementor-widget-wrap elementor-element-populated\">\n\t\t\t\t\t\t<div class=\"elementor-element elementor-element-bd33b49 elementor-widget elementor-widget-video\" data-id=\"bd33b49\" data-element_type=\"widget\" data-e-type=\"widget\" data-settings=\"{&quot;youtube_url&quot;:&quot;https:\\\/\\\/www.youtube.com\\\/watch?v=WU4cErtVa9Q&quot;,&quot;video_type&quot;:&quot;youtube&quot;,&quot;controls&quot;:&quot;yes&quot;}\" data-widget_type=\"video.default\">\n\t\t\t\t<div class=\"elementor-widget-container\">\n\t\t\t\t\t\t\t<div class=\"elementor-wrapper elementor-open-inline\">\n\t\t\t<div class=\"elementor-video\"><\/div>\t\t<\/div>\n\t\t\t\t\t\t<\/div>\n\t\t\t\t<\/div>\n\t\t\t\t\t<\/div>\n\t\t<\/div>\n\t\t\t\t<div class=\"elementor-column elementor-col-33 elementor-inner-column elementor-element elementor-element-addbf77\" data-id=\"addbf77\" data-element_type=\"column\" data-e-type=\"column\" data-settings=\"{&quot;background_background&quot;:&quot;classic&quot;}\">\n\t\t\t<div class=\"elementor-widget-wrap elementor-element-populated\">\n\t\t\t\t\t\t<div class=\"elementor-element elementor-element-0b5aae1 elementor-widget elementor-widget-video\" data-id=\"0b5aae1\" data-element_type=\"widget\" data-e-type=\"widget\" data-settings=\"{&quot;youtube_url&quot;:&quot;https:\\\/\\\/youtu.be\\\/8mcJPWXADaM&quot;,&quot;video_type&quot;:&quot;youtube&quot;,&quot;controls&quot;:&quot;yes&quot;}\" data-widget_type=\"video.default\">\n\t\t\t\t<div class=\"elementor-widget-container\">\n\t\t\t\t\t\t\t<div class=\"elementor-wrapper elementor-open-inline\">\n\t\t\t<div class=\"elementor-video\"><\/div>\t\t<\/div>\n\t\t\t\t\t\t<\/div>\n\t\t\t\t<\/div>\n\t\t\t\t\t<\/div>\n\t\t<\/div>\n\t\t\t\t\t<\/div>\n\t\t<\/section>\n\t\t\t\t\t<\/div>\n\t\t<\/div>\n\t\t\t\t\t<\/div>\n\t\t<\/section>\n\t\t\t\t<\/div>","protected":false},"excerpt":{"rendered":"<p>Quem Somos Angelo Piovesan Tem coisas que vivemos ainda crian\u00e7as e n\u00e3o percebemos, com a necess\u00e1ria clareza, o que estava ocorrendo na ocasi\u00e3o. Por um lado, eu sempre fui um menino super estudioso e dedicado, o melhor aluno da turma, de pensamento r\u00e1pido e palavras que sempre flu\u00edam com clareza \u2013 diziam que eu era [&hellip;]<\/p>\n","protected":false},"author":4,"featured_media":3372,"parent":0,"menu_order":0,"comment_status":"closed","ping_status":"closed","template":"elementor_header_footer","meta":{"footnotes":""},"class_list":["post-3368","page","type-page","status-publish","has-post-thumbnail","hentry"],"publishpress_future_action":{"enabled":false,"date":"2026-05-02 15:46:35","action":"change-status","newStatus":"draft","terms":[],"taxonomy":"","extraData":[]},"publishpress_future_workflow_manual_trigger":{"enabledWorkflows":[]},"_links":{"self":[{"href":"https:\/\/angelopiovesan.com\/en\/wp-json\/wp\/v2\/pages\/3368","targetHints":{"allow":["GET"]}}],"collection":[{"href":"https:\/\/angelopiovesan.com\/en\/wp-json\/wp\/v2\/pages"}],"about":[{"href":"https:\/\/angelopiovesan.com\/en\/wp-json\/wp\/v2\/types\/page"}],"author":[{"embeddable":true,"href":"https:\/\/angelopiovesan.com\/en\/wp-json\/wp\/v2\/users\/4"}],"replies":[{"embeddable":true,"href":"https:\/\/angelopiovesan.com\/en\/wp-json\/wp\/v2\/comments?post=3368"}],"version-history":[{"count":47,"href":"https:\/\/angelopiovesan.com\/en\/wp-json\/wp\/v2\/pages\/3368\/revisions"}],"predecessor-version":[{"id":8579,"href":"https:\/\/angelopiovesan.com\/en\/wp-json\/wp\/v2\/pages\/3368\/revisions\/8579"}],"wp:featuredmedia":[{"embeddable":true,"href":"https:\/\/angelopiovesan.com\/en\/wp-json\/wp\/v2\/media\/3372"}],"wp:attachment":[{"href":"https:\/\/angelopiovesan.com\/en\/wp-json\/wp\/v2\/media?parent=3368"}],"curies":[{"name":"wp","href":"https:\/\/api.w.org\/{rel}","templated":true}]}}