{"id":3726,"date":"2019-01-21T17:18:51","date_gmt":"2019-01-21T19:18:51","guid":{"rendered":"http:\/\/berkanainstituto.com.br\/?page_id=3726"},"modified":"2022-11-18T12:02:00","modified_gmt":"2022-11-18T15:02:00","slug":"curso-de-mesa-radionica-do-fogo-sagrado-nivel-ii-sao-paulo-sp-19-01-2019","status":"publish","type":"page","link":"https:\/\/angelopiovesan.com\/en\/fotos\/curso-de-mesa-radionica-do-fogo-sagrado-nivel-ii-sao-paulo-sp-19-01-2019\/","title":{"rendered":"Curso de Mesa Radi\u00f4nica do Fogo Sagrado N\u00edvel II (S\u00e3o Paulo &#8211; SP) &#8211; 19\/01\/2019"},"content":{"rendered":"<div data-elementor-type=\"wp-post\" data-elementor-id=\"3726\" class=\"elementor elementor-3726\">\n\t\t\t\t\t\t<section class=\"elementor-section elementor-top-section elementor-element elementor-element-d87aec1 elementor-section-boxed elementor-section-height-default elementor-section-height-default\" data-id=\"d87aec1\" data-element_type=\"section\" data-e-type=\"section\">\n\t\t\t\t\t\t<div class=\"elementor-container elementor-column-gap-default\">\n\t\t\t\t\t<div class=\"elementor-column elementor-col-100 elementor-top-column elementor-element elementor-element-f3858db\" data-id=\"f3858db\" data-element_type=\"column\" data-e-type=\"column\">\n\t\t\t<div class=\"elementor-widget-wrap elementor-element-populated\">\n\t\t\t\t\t\t<div class=\"elementor-element elementor-element-7cca0d1 elementor-widget elementor-widget-heading\" data-id=\"7cca0d1\" data-element_type=\"widget\" data-e-type=\"widget\" data-widget_type=\"heading.default\">\n\t\t\t\t<div class=\"elementor-widget-container\">\n\t\t\t\t\t<h1 class=\"elementor-heading-title elementor-size-default\">Radionic Board of the Sacred Flame Course - Level II (S\u00e3o Paulo - SP) - Jan. 19, 2019<br><br><\/h1>\t\t\t\t<\/div>\n\t\t\t\t<\/div>\n\t\t\t\t\t<\/div>\n\t\t<\/div>\n\t\t\t\t\t<\/div>\n\t\t<\/section>\n\t\t\t\t<section class=\"elementor-section elementor-top-section elementor-element elementor-element-67b604b elementor-section-boxed elementor-section-height-default elementor-section-height-default\" data-id=\"67b604b\" data-element_type=\"section\" data-e-type=\"section\">\n\t\t\t\t\t\t<div class=\"elementor-container elementor-column-gap-default\">\n\t\t\t\t\t<div class=\"elementor-column elementor-col-100 elementor-top-column elementor-element elementor-element-db70e1c\" data-id=\"db70e1c\" data-element_type=\"column\" data-e-type=\"column\">\n\t\t\t<div class=\"elementor-widget-wrap elementor-element-populated\">\n\t\t\t\t\t\t<div class=\"elementor-element elementor-element-cef3bc5 elementor-widget elementor-widget-image-gallery\" data-id=\"cef3bc5\" data-element_type=\"widget\" data-e-type=\"widget\" data-widget_type=\"image-gallery.default\">\n\t\t\t\t<div class=\"elementor-widget-container\">\n\t\t\t\t\t\t\t<div class=\"elementor-image-gallery\">\n\t\t\t<div id='gallery-1' class='gallery galleryid-3726 gallery-columns-5 gallery-size-medium'><figure class='gallery-item'>\n\t\t\t<div class='gallery-icon landscape'>\n\t\t\t\t<a data-elementor-open-lightbox=\"yes\" data-elementor-lightbox-slideshow=\"cef3bc5\" data-elementor-lightbox-title=\"mesa-nivel-ii-19-01-2019 (1)\" data-e-action-hash=\"#elementor-action%3Aaction%3Dlightbox%26settings%3DeyJpZCI6MzcyOCwidXJsIjoiaHR0cHM6XC9cL2FuZ2Vsb3Bpb3Zlc2FuLmNvbVwvd3AtY29udGVudFwvdXBsb2Fkc1wvMjAxOVwvMDFcL21lc2Etbml2ZWwtaWktMTktMDEtMjAxOS0xLmpwZyIsInNsaWRlc2hvdyI6ImNlZjNiYzUifQ%3D%3D\" href='https:\/\/angelopiovesan.com\/wp-content\/uploads\/2019\/01\/mesa-nivel-ii-19-01-2019-1.jpg'><img fetchpriority=\"high\" decoding=\"async\" width=\"300\" height=\"257\" src=\"https:\/\/angelopiovesan.com\/wp-content\/uploads\/2019\/01\/mesa-nivel-ii-19-01-2019-1-300x257.jpg\" class=\"attachment-medium size-medium\" alt=\"\" srcset=\"https:\/\/angelopiovesan.com\/wp-content\/uploads\/2019\/01\/mesa-nivel-ii-19-01-2019-1-300x257.jpg 300w, https:\/\/angelopiovesan.com\/wp-content\/uploads\/2019\/01\/mesa-nivel-ii-19-01-2019-1.jpg 700w\" sizes=\"(max-width: 300px) 100vw, 300px\" \/><\/a>\n\t\t\t<\/div><\/figure><figure class='gallery-item'>\n\t\t\t<div class='gallery-icon landscape'>\n\t\t\t\t<a data-elementor-open-lightbox=\"yes\" data-elementor-lightbox-slideshow=\"cef3bc5\" data-elementor-lightbox-title=\"mesa-nivel-ii-19-01-2019 (2)\" data-e-action-hash=\"#elementor-action%3Aaction%3Dlightbox%26settings%3DeyJpZCI6MzcyOSwidXJsIjoiaHR0cHM6XC9cL2FuZ2Vsb3Bpb3Zlc2FuLmNvbVwvd3AtY29udGVudFwvdXBsb2Fkc1wvMjAxOVwvMDFcL21lc2Etbml2ZWwtaWktMTktMDEtMjAxOS0yLmpwZyIsInNsaWRlc2hvdyI6ImNlZjNiYzUifQ%3D%3D\" href='https:\/\/angelopiovesan.com\/wp-content\/uploads\/2019\/01\/mesa-nivel-ii-19-01-2019-2.jpg'><img decoding=\"async\" width=\"300\" height=\"257\" src=\"https:\/\/angelopiovesan.com\/wp-content\/uploads\/2019\/01\/mesa-nivel-ii-19-01-2019-2-300x257.jpg\" class=\"attachment-medium size-medium\" alt=\"\" srcset=\"https:\/\/angelopiovesan.com\/wp-content\/uploads\/2019\/01\/mesa-nivel-ii-19-01-2019-2-300x257.jpg 300w, https:\/\/angelopiovesan.com\/wp-content\/uploads\/2019\/01\/mesa-nivel-ii-19-01-2019-2.jpg 700w\" sizes=\"(max-width: 300px) 100vw, 300px\" \/><\/a>\n\t\t\t<\/div><\/figure><figure class='gallery-item'>\n\t\t\t<div class='gallery-icon landscape'>\n\t\t\t\t<a data-elementor-open-lightbox=\"yes\" data-elementor-lightbox-slideshow=\"cef3bc5\" data-elementor-lightbox-title=\"mesa-nivel-ii-19-01-2019 (3)\" data-e-action-hash=\"#elementor-action%3Aaction%3Dlightbox%26settings%3DeyJpZCI6MzczMCwidXJsIjoiaHR0cHM6XC9cL2FuZ2Vsb3Bpb3Zlc2FuLmNvbVwvd3AtY29udGVudFwvdXBsb2Fkc1wvMjAxOVwvMDFcL21lc2Etbml2ZWwtaWktMTktMDEtMjAxOS0zLmpwZyIsInNsaWRlc2hvdyI6ImNlZjNiYzUifQ%3D%3D\" href='https:\/\/angelopiovesan.com\/wp-content\/uploads\/2019\/01\/mesa-nivel-ii-19-01-2019-3.jpg'><img decoding=\"async\" width=\"300\" height=\"257\" src=\"https:\/\/angelopiovesan.com\/wp-content\/uploads\/2019\/01\/mesa-nivel-ii-19-01-2019-3-300x257.jpg\" class=\"attachment-medium size-medium\" alt=\"\" srcset=\"https:\/\/angelopiovesan.com\/wp-content\/uploads\/2019\/01\/mesa-nivel-ii-19-01-2019-3-300x257.jpg 300w, https:\/\/angelopiovesan.com\/wp-content\/uploads\/2019\/01\/mesa-nivel-ii-19-01-2019-3.jpg 700w\" sizes=\"(max-width: 300px) 100vw, 300px\" \/><\/a>\n\t\t\t<\/div><\/figure><figure class='gallery-item'>\n\t\t\t<div class='gallery-icon landscape'>\n\t\t\t\t<a data-elementor-open-lightbox=\"yes\" data-elementor-lightbox-slideshow=\"cef3bc5\" data-elementor-lightbox-title=\"mesa-nivel-ii-19-01-2019 (4)\" data-e-action-hash=\"#elementor-action%3Aaction%3Dlightbox%26settings%3DeyJpZCI6MzczMSwidXJsIjoiaHR0cHM6XC9cL2FuZ2Vsb3Bpb3Zlc2FuLmNvbVwvd3AtY29udGVudFwvdXBsb2Fkc1wvMjAxOVwvMDFcL21lc2Etbml2ZWwtaWktMTktMDEtMjAxOS00LmpwZyIsInNsaWRlc2hvdyI6ImNlZjNiYzUifQ%3D%3D\" href='https:\/\/angelopiovesan.com\/wp-content\/uploads\/2019\/01\/mesa-nivel-ii-19-01-2019-4.jpg'><img loading=\"lazy\" decoding=\"async\" width=\"300\" height=\"257\" src=\"https:\/\/angelopiovesan.com\/wp-content\/uploads\/2019\/01\/mesa-nivel-ii-19-01-2019-4-300x257.jpg\" class=\"attachment-medium size-medium\" alt=\"\" srcset=\"https:\/\/angelopiovesan.com\/wp-content\/uploads\/2019\/01\/mesa-nivel-ii-19-01-2019-4-300x257.jpg 300w, https:\/\/angelopiovesan.com\/wp-content\/uploads\/2019\/01\/mesa-nivel-ii-19-01-2019-4.jpg 700w\" sizes=\"(max-width: 300px) 100vw, 300px\" \/><\/a>\n\t\t\t<\/div><\/figure><figure class='gallery-item'>\n\t\t\t<div class='gallery-icon landscape'>\n\t\t\t\t<a data-elementor-open-lightbox=\"yes\" data-elementor-lightbox-slideshow=\"cef3bc5\" data-elementor-lightbox-title=\"mesa-nivel-ii-19-01-2019 (5)\" data-e-action-hash=\"#elementor-action%3Aaction%3Dlightbox%26settings%3DeyJpZCI6MzczMiwidXJsIjoiaHR0cHM6XC9cL2FuZ2Vsb3Bpb3Zlc2FuLmNvbVwvd3AtY29udGVudFwvdXBsb2Fkc1wvMjAxOVwvMDFcL21lc2Etbml2ZWwtaWktMTktMDEtMjAxOS01LmpwZyIsInNsaWRlc2hvdyI6ImNlZjNiYzUifQ%3D%3D\" href='https:\/\/angelopiovesan.com\/wp-content\/uploads\/2019\/01\/mesa-nivel-ii-19-01-2019-5.jpg'><img loading=\"lazy\" decoding=\"async\" width=\"300\" height=\"257\" src=\"https:\/\/angelopiovesan.com\/wp-content\/uploads\/2019\/01\/mesa-nivel-ii-19-01-2019-5-300x257.jpg\" class=\"attachment-medium size-medium\" alt=\"\" srcset=\"https:\/\/angelopiovesan.com\/wp-content\/uploads\/2019\/01\/mesa-nivel-ii-19-01-2019-5-300x257.jpg 300w, https:\/\/angelopiovesan.com\/wp-content\/uploads\/2019\/01\/mesa-nivel-ii-19-01-2019-5.jpg 700w\" sizes=\"(max-width: 300px) 100vw, 300px\" \/><\/a>\n\t\t\t<\/div><\/figure><figure class='gallery-item'>\n\t\t\t<div class='gallery-icon landscape'>\n\t\t\t\t<a data-elementor-open-lightbox=\"yes\" data-elementor-lightbox-slideshow=\"cef3bc5\" data-elementor-lightbox-title=\"mesa-nivel-ii-19-01-2019 (6)\" data-e-action-hash=\"#elementor-action%3Aaction%3Dlightbox%26settings%3DeyJpZCI6MzczMywidXJsIjoiaHR0cHM6XC9cL2FuZ2Vsb3Bpb3Zlc2FuLmNvbVwvd3AtY29udGVudFwvdXBsb2Fkc1wvMjAxOVwvMDFcL21lc2Etbml2ZWwtaWktMTktMDEtMjAxOS02LmpwZyIsInNsaWRlc2hvdyI6ImNlZjNiYzUifQ%3D%3D\" href='https:\/\/angelopiovesan.com\/wp-content\/uploads\/2019\/01\/mesa-nivel-ii-19-01-2019-6.jpg'><img loading=\"lazy\" decoding=\"async\" width=\"300\" height=\"257\" src=\"https:\/\/angelopiovesan.com\/wp-content\/uploads\/2019\/01\/mesa-nivel-ii-19-01-2019-6-300x257.jpg\" class=\"attachment-medium size-medium\" alt=\"\" srcset=\"https:\/\/angelopiovesan.com\/wp-content\/uploads\/2019\/01\/mesa-nivel-ii-19-01-2019-6-300x257.jpg 300w, https:\/\/angelopiovesan.com\/wp-content\/uploads\/2019\/01\/mesa-nivel-ii-19-01-2019-6.jpg 700w\" sizes=\"(max-width: 300px) 100vw, 300px\" \/><\/a>\n\t\t\t<\/div><\/figure><figure class='gallery-item'>\n\t\t\t<div class='gallery-icon landscape'>\n\t\t\t\t<a data-elementor-open-lightbox=\"yes\" data-elementor-lightbox-slideshow=\"cef3bc5\" data-elementor-lightbox-title=\"mesa-nivel-ii-19-01-2019 (7)\" data-e-action-hash=\"#elementor-action%3Aaction%3Dlightbox%26settings%3DeyJpZCI6MzczNCwidXJsIjoiaHR0cHM6XC9cL2FuZ2Vsb3Bpb3Zlc2FuLmNvbVwvd3AtY29udGVudFwvdXBsb2Fkc1wvMjAxOVwvMDFcL21lc2Etbml2ZWwtaWktMTktMDEtMjAxOS03LmpwZyIsInNsaWRlc2hvdyI6ImNlZjNiYzUifQ%3D%3D\" href='https:\/\/angelopiovesan.com\/wp-content\/uploads\/2019\/01\/mesa-nivel-ii-19-01-2019-7.jpg'><img loading=\"lazy\" decoding=\"async\" width=\"300\" height=\"257\" src=\"https:\/\/angelopiovesan.com\/wp-content\/uploads\/2019\/01\/mesa-nivel-ii-19-01-2019-7-300x257.jpg\" class=\"attachment-medium size-medium\" alt=\"\" srcset=\"https:\/\/angelopiovesan.com\/wp-content\/uploads\/2019\/01\/mesa-nivel-ii-19-01-2019-7-300x257.jpg 300w, https:\/\/angelopiovesan.com\/wp-content\/uploads\/2019\/01\/mesa-nivel-ii-19-01-2019-7.jpg 700w\" sizes=\"(max-width: 300px) 100vw, 300px\" \/><\/a>\n\t\t\t<\/div><\/figure><figure class='gallery-item'>\n\t\t\t<div class='gallery-icon landscape'>\n\t\t\t\t<a data-elementor-open-lightbox=\"yes\" data-elementor-lightbox-slideshow=\"cef3bc5\" data-elementor-lightbox-title=\"mesa-nivel-ii-19-01-2019 (8)\" data-e-action-hash=\"#elementor-action%3Aaction%3Dlightbox%26settings%3DeyJpZCI6MzczNSwidXJsIjoiaHR0cHM6XC9cL2FuZ2Vsb3Bpb3Zlc2FuLmNvbVwvd3AtY29udGVudFwvdXBsb2Fkc1wvMjAxOVwvMDFcL21lc2Etbml2ZWwtaWktMTktMDEtMjAxOS04LmpwZyIsInNsaWRlc2hvdyI6ImNlZjNiYzUifQ%3D%3D\" href='https:\/\/angelopiovesan.com\/wp-content\/uploads\/2019\/01\/mesa-nivel-ii-19-01-2019-8.jpg'><img loading=\"lazy\" decoding=\"async\" width=\"300\" height=\"257\" src=\"https:\/\/angelopiovesan.com\/wp-content\/uploads\/2019\/01\/mesa-nivel-ii-19-01-2019-8-300x257.jpg\" class=\"attachment-medium size-medium\" alt=\"\" srcset=\"https:\/\/angelopiovesan.com\/wp-content\/uploads\/2019\/01\/mesa-nivel-ii-19-01-2019-8-300x257.jpg 300w, https:\/\/angelopiovesan.com\/wp-content\/uploads\/2019\/01\/mesa-nivel-ii-19-01-2019-8.jpg 700w\" sizes=\"(max-width: 300px) 100vw, 300px\" \/><\/a>\n\t\t\t<\/div><\/figure><figure class='gallery-item'>\n\t\t\t<div class='gallery-icon landscape'>\n\t\t\t\t<a data-elementor-open-lightbox=\"yes\" data-elementor-lightbox-slideshow=\"cef3bc5\" data-elementor-lightbox-title=\"mesa-nivel-ii-19-01-2019 (9)\" data-e-action-hash=\"#elementor-action%3Aaction%3Dlightbox%26settings%3DeyJpZCI6MzczNiwidXJsIjoiaHR0cHM6XC9cL2FuZ2Vsb3Bpb3Zlc2FuLmNvbVwvd3AtY29udGVudFwvdXBsb2Fkc1wvMjAxOVwvMDFcL21lc2Etbml2ZWwtaWktMTktMDEtMjAxOS05LmpwZyIsInNsaWRlc2hvdyI6ImNlZjNiYzUifQ%3D%3D\" href='https:\/\/angelopiovesan.com\/wp-content\/uploads\/2019\/01\/mesa-nivel-ii-19-01-2019-9.jpg'><img loading=\"lazy\" decoding=\"async\" width=\"300\" height=\"257\" src=\"https:\/\/angelopiovesan.com\/wp-content\/uploads\/2019\/01\/mesa-nivel-ii-19-01-2019-9-300x257.jpg\" class=\"attachment-medium size-medium\" alt=\"\" srcset=\"https:\/\/angelopiovesan.com\/wp-content\/uploads\/2019\/01\/mesa-nivel-ii-19-01-2019-9-300x257.jpg 300w, https:\/\/angelopiovesan.com\/wp-content\/uploads\/2019\/01\/mesa-nivel-ii-19-01-2019-9.jpg 700w\" sizes=\"(max-width: 300px) 100vw, 300px\" \/><\/a>\n\t\t\t<\/div><\/figure><figure class='gallery-item'>\n\t\t\t<div class='gallery-icon landscape'>\n\t\t\t\t<a data-elementor-open-lightbox=\"yes\" data-elementor-lightbox-slideshow=\"cef3bc5\" data-elementor-lightbox-title=\"mesa-nivel-ii-19-01-2019 (10)\" data-e-action-hash=\"#elementor-action%3Aaction%3Dlightbox%26settings%3DeyJpZCI6MzczNywidXJsIjoiaHR0cHM6XC9cL2FuZ2Vsb3Bpb3Zlc2FuLmNvbVwvd3AtY29udGVudFwvdXBsb2Fkc1wvMjAxOVwvMDFcL21lc2Etbml2ZWwtaWktMTktMDEtMjAxOS0xMC5qcGciLCJzbGlkZXNob3ciOiJjZWYzYmM1In0%3D\" href='https:\/\/angelopiovesan.com\/wp-content\/uploads\/2019\/01\/mesa-nivel-ii-19-01-2019-10.jpg'><img loading=\"lazy\" decoding=\"async\" width=\"300\" height=\"257\" src=\"https:\/\/angelopiovesan.com\/wp-content\/uploads\/2019\/01\/mesa-nivel-ii-19-01-2019-10-300x257.jpg\" class=\"attachment-medium size-medium\" alt=\"\" srcset=\"https:\/\/angelopiovesan.com\/wp-content\/uploads\/2019\/01\/mesa-nivel-ii-19-01-2019-10-300x257.jpg 300w, https:\/\/angelopiovesan.com\/wp-content\/uploads\/2019\/01\/mesa-nivel-ii-19-01-2019-10.jpg 700w\" sizes=\"(max-width: 300px) 100vw, 300px\" \/><\/a>\n\t\t\t<\/div><\/figure><figure class='gallery-item'>\n\t\t\t<div class='gallery-icon landscape'>\n\t\t\t\t<a data-elementor-open-lightbox=\"yes\" data-elementor-lightbox-slideshow=\"cef3bc5\" data-elementor-lightbox-title=\"mesa-nivel-ii-19-01-2019 (12)\" data-e-action-hash=\"#elementor-action%3Aaction%3Dlightbox%26settings%3DeyJpZCI6MzczOSwidXJsIjoiaHR0cHM6XC9cL2FuZ2Vsb3Bpb3Zlc2FuLmNvbVwvd3AtY29udGVudFwvdXBsb2Fkc1wvMjAxOVwvMDFcL21lc2Etbml2ZWwtaWktMTktMDEtMjAxOS0xMi5qcGciLCJzbGlkZXNob3ciOiJjZWYzYmM1In0%3D\" href='https:\/\/angelopiovesan.com\/wp-content\/uploads\/2019\/01\/mesa-nivel-ii-19-01-2019-12.jpg'><img loading=\"lazy\" decoding=\"async\" width=\"300\" height=\"257\" src=\"https:\/\/angelopiovesan.com\/wp-content\/uploads\/2019\/01\/mesa-nivel-ii-19-01-2019-12-300x257.jpg\" class=\"attachment-medium size-medium\" alt=\"\" srcset=\"https:\/\/angelopiovesan.com\/wp-content\/uploads\/2019\/01\/mesa-nivel-ii-19-01-2019-12-300x257.jpg 300w, https:\/\/angelopiovesan.com\/wp-content\/uploads\/2019\/01\/mesa-nivel-ii-19-01-2019-12.jpg 700w\" sizes=\"(max-width: 300px) 100vw, 300px\" \/><\/a>\n\t\t\t<\/div><\/figure><figure class='gallery-item'>\n\t\t\t<div class='gallery-icon landscape'>\n\t\t\t\t<a data-elementor-open-lightbox=\"yes\" data-elementor-lightbox-slideshow=\"cef3bc5\" data-elementor-lightbox-title=\"mesa-nivel-ii-19-01-2019 (13)\" data-e-action-hash=\"#elementor-action%3Aaction%3Dlightbox%26settings%3DeyJpZCI6Mzc0MCwidXJsIjoiaHR0cHM6XC9cL2FuZ2Vsb3Bpb3Zlc2FuLmNvbVwvd3AtY29udGVudFwvdXBsb2Fkc1wvMjAxOVwvMDFcL21lc2Etbml2ZWwtaWktMTktMDEtMjAxOS0xMy5qcGciLCJzbGlkZXNob3ciOiJjZWYzYmM1In0%3D\" href='https:\/\/angelopiovesan.com\/wp-content\/uploads\/2019\/01\/mesa-nivel-ii-19-01-2019-13.jpg'><img loading=\"lazy\" decoding=\"async\" width=\"300\" height=\"257\" src=\"https:\/\/angelopiovesan.com\/wp-content\/uploads\/2019\/01\/mesa-nivel-ii-19-01-2019-13-300x257.jpg\" class=\"attachment-medium size-medium\" alt=\"\" srcset=\"https:\/\/angelopiovesan.com\/wp-content\/uploads\/2019\/01\/mesa-nivel-ii-19-01-2019-13-300x257.jpg 300w, https:\/\/angelopiovesan.com\/wp-content\/uploads\/2019\/01\/mesa-nivel-ii-19-01-2019-13.jpg 700w\" sizes=\"(max-width: 300px) 100vw, 300px\" \/><\/a>\n\t\t\t<\/div><\/figure><figure class='gallery-item'>\n\t\t\t<div class='gallery-icon landscape'>\n\t\t\t\t<a data-elementor-open-lightbox=\"yes\" data-elementor-lightbox-slideshow=\"cef3bc5\" data-elementor-lightbox-title=\"mesa-nivel-ii-19-01-2019 (14)\" data-e-action-hash=\"#elementor-action%3Aaction%3Dlightbox%26settings%3DeyJpZCI6Mzc0MSwidXJsIjoiaHR0cHM6XC9cL2FuZ2Vsb3Bpb3Zlc2FuLmNvbVwvd3AtY29udGVudFwvdXBsb2Fkc1wvMjAxOVwvMDFcL21lc2Etbml2ZWwtaWktMTktMDEtMjAxOS0xNC5qcGciLCJzbGlkZXNob3ciOiJjZWYzYmM1In0%3D\" href='https:\/\/angelopiovesan.com\/wp-content\/uploads\/2019\/01\/mesa-nivel-ii-19-01-2019-14.jpg'><img loading=\"lazy\" decoding=\"async\" width=\"300\" height=\"257\" src=\"https:\/\/angelopiovesan.com\/wp-content\/uploads\/2019\/01\/mesa-nivel-ii-19-01-2019-14-300x257.jpg\" class=\"attachment-medium size-medium\" alt=\"\" srcset=\"https:\/\/angelopiovesan.com\/wp-content\/uploads\/2019\/01\/mesa-nivel-ii-19-01-2019-14-300x257.jpg 300w, https:\/\/angelopiovesan.com\/wp-content\/uploads\/2019\/01\/mesa-nivel-ii-19-01-2019-14.jpg 700w\" sizes=\"(max-width: 300px) 100vw, 300px\" \/><\/a>\n\t\t\t<\/div><\/figure><figure class='gallery-item'>\n\t\t\t<div class='gallery-icon landscape'>\n\t\t\t\t<a data-elementor-open-lightbox=\"yes\" data-elementor-lightbox-slideshow=\"cef3bc5\" data-elementor-lightbox-title=\"mesa-nivel-ii-19-01-2019 (15)\" data-e-action-hash=\"#elementor-action%3Aaction%3Dlightbox%26settings%3DeyJpZCI6Mzc0MiwidXJsIjoiaHR0cHM6XC9cL2FuZ2Vsb3Bpb3Zlc2FuLmNvbVwvd3AtY29udGVudFwvdXBsb2Fkc1wvMjAxOVwvMDFcL21lc2Etbml2ZWwtaWktMTktMDEtMjAxOS0xNS5qcGciLCJzbGlkZXNob3ciOiJjZWYzYmM1In0%3D\" href='https:\/\/angelopiovesan.com\/wp-content\/uploads\/2019\/01\/mesa-nivel-ii-19-01-2019-15.jpg'><img loading=\"lazy\" decoding=\"async\" width=\"300\" height=\"257\" src=\"https:\/\/angelopiovesan.com\/wp-content\/uploads\/2019\/01\/mesa-nivel-ii-19-01-2019-15-300x257.jpg\" class=\"attachment-medium size-medium\" alt=\"\" srcset=\"https:\/\/angelopiovesan.com\/wp-content\/uploads\/2019\/01\/mesa-nivel-ii-19-01-2019-15-300x257.jpg 300w, https:\/\/angelopiovesan.com\/wp-content\/uploads\/2019\/01\/mesa-nivel-ii-19-01-2019-15.jpg 700w\" sizes=\"(max-width: 300px) 100vw, 300px\" \/><\/a>\n\t\t\t<\/div><\/figure><figure class='gallery-item'>\n\t\t\t<div class='gallery-icon landscape'>\n\t\t\t\t<a data-elementor-open-lightbox=\"yes\" data-elementor-lightbox-slideshow=\"cef3bc5\" data-elementor-lightbox-title=\"mesa-nivel-ii-19-01-2019 (16)\" data-e-action-hash=\"#elementor-action%3Aaction%3Dlightbox%26settings%3DeyJpZCI6Mzc0MywidXJsIjoiaHR0cHM6XC9cL2FuZ2Vsb3Bpb3Zlc2FuLmNvbVwvd3AtY29udGVudFwvdXBsb2Fkc1wvMjAxOVwvMDFcL21lc2Etbml2ZWwtaWktMTktMDEtMjAxOS0xNi5qcGciLCJzbGlkZXNob3ciOiJjZWYzYmM1In0%3D\" href='https:\/\/angelopiovesan.com\/wp-content\/uploads\/2019\/01\/mesa-nivel-ii-19-01-2019-16.jpg'><img loading=\"lazy\" decoding=\"async\" width=\"300\" height=\"257\" src=\"https:\/\/angelopiovesan.com\/wp-content\/uploads\/2019\/01\/mesa-nivel-ii-19-01-2019-16-300x257.jpg\" class=\"attachment-medium size-medium\" alt=\"\" srcset=\"https:\/\/angelopiovesan.com\/wp-content\/uploads\/2019\/01\/mesa-nivel-ii-19-01-2019-16-300x257.jpg 300w, https:\/\/angelopiovesan.com\/wp-content\/uploads\/2019\/01\/mesa-nivel-ii-19-01-2019-16.jpg 700w\" sizes=\"(max-width: 300px) 100vw, 300px\" \/><\/a>\n\t\t\t<\/div><\/figure><figure class='gallery-item'>\n\t\t\t<div class='gallery-icon landscape'>\n\t\t\t\t<a data-elementor-open-lightbox=\"yes\" data-elementor-lightbox-slideshow=\"cef3bc5\" data-elementor-lightbox-title=\"mesa-nivel-ii-19-01-2019 (17)\" data-e-action-hash=\"#elementor-action%3Aaction%3Dlightbox%26settings%3DeyJpZCI6Mzc0NCwidXJsIjoiaHR0cHM6XC9cL2FuZ2Vsb3Bpb3Zlc2FuLmNvbVwvd3AtY29udGVudFwvdXBsb2Fkc1wvMjAxOVwvMDFcL21lc2Etbml2ZWwtaWktMTktMDEtMjAxOS0xNy5qcGciLCJzbGlkZXNob3ciOiJjZWYzYmM1In0%3D\" href='https:\/\/angelopiovesan.com\/wp-content\/uploads\/2019\/01\/mesa-nivel-ii-19-01-2019-17.jpg'><img loading=\"lazy\" decoding=\"async\" width=\"300\" height=\"257\" src=\"https:\/\/angelopiovesan.com\/wp-content\/uploads\/2019\/01\/mesa-nivel-ii-19-01-2019-17-300x257.jpg\" class=\"attachment-medium size-medium\" alt=\"\" srcset=\"https:\/\/angelopiovesan.com\/wp-content\/uploads\/2019\/01\/mesa-nivel-ii-19-01-2019-17-300x257.jpg 300w, https:\/\/angelopiovesan.com\/wp-content\/uploads\/2019\/01\/mesa-nivel-ii-19-01-2019-17.jpg 700w\" sizes=\"(max-width: 300px) 100vw, 300px\" \/><\/a>\n\t\t\t<\/div><\/figure>\n\t\t<\/div>\n\t\t<\/div>\n\t\t\t\t\t\t<\/div>\n\t\t\t\t<\/div>\n\t\t\t\t\t<\/div>\n\t\t<\/div>\n\t\t\t\t\t<\/div>\n\t\t<\/section>\n\t\t\t\t<\/div>","protected":false},"excerpt":{"rendered":"<p>Curso de Mesa Radi\u00f4nica do Fogo Sagrado N\u00edvel II (S\u00e3o Paulo &#8211; SP) &#8211; 19\/01\/2019<\/p>","protected":false},"author":4,"featured_media":3734,"parent":3245,"menu_order":0,"comment_status":"closed","ping_status":"closed","template":"elementor_header_footer","meta":{"footnotes":""},"class_list":["post-3726","page","type-page","status-publish","has-post-thumbnail","hentry"],"publishpress_future_action":{"enabled":false,"date":"2026-04-30 14:50:58","action":"change-status","newStatus":"draft","terms":[],"taxonomy":"","extraData":[]},"publishpress_future_workflow_manual_trigger":{"enabledWorkflows":[]},"_links":{"self":[{"href":"https:\/\/angelopiovesan.com\/en\/wp-json\/wp\/v2\/pages\/3726","targetHints":{"allow":["GET"]}}],"collection":[{"href":"https:\/\/angelopiovesan.com\/en\/wp-json\/wp\/v2\/pages"}],"about":[{"href":"https:\/\/angelopiovesan.com\/en\/wp-json\/wp\/v2\/types\/page"}],"author":[{"embeddable":true,"href":"https:\/\/angelopiovesan.com\/en\/wp-json\/wp\/v2\/users\/4"}],"replies":[{"embeddable":true,"href":"https:\/\/angelopiovesan.com\/en\/wp-json\/wp\/v2\/comments?post=3726"}],"version-history":[{"count":13,"href":"https:\/\/angelopiovesan.com\/en\/wp-json\/wp\/v2\/pages\/3726\/revisions"}],"predecessor-version":[{"id":7599,"href":"https:\/\/angelopiovesan.com\/en\/wp-json\/wp\/v2\/pages\/3726\/revisions\/7599"}],"up":[{"embeddable":true,"href":"https:\/\/angelopiovesan.com\/en\/wp-json\/wp\/v2\/pages\/3245"}],"wp:featuredmedia":[{"embeddable":true,"href":"https:\/\/angelopiovesan.com\/en\/wp-json\/wp\/v2\/media\/3734"}],"wp:attachment":[{"href":"https:\/\/angelopiovesan.com\/en\/wp-json\/wp\/v2\/media?parent=3726"}],"curies":[{"name":"wp","href":"https:\/\/api.w.org\/{rel}","templated":true}]}}