{"id":6512,"date":"2021-10-01T06:52:17","date_gmt":"2021-10-01T09:52:17","guid":{"rendered":"http:\/\/berkanainstituto.com.br\/?page_id=6512"},"modified":"2024-08-02T10:41:11","modified_gmt":"2024-08-02T13:41:11","slug":"sessions","status":"publish","type":"page","link":"https:\/\/angelopiovesan.com\/en\/consultas\/","title":{"rendered":"Sessions"},"content":{"rendered":"<div data-elementor-type=\"wp-post\" data-elementor-id=\"6512\" class=\"elementor elementor-6512\">\n\t\t\t\t\t\t<section class=\"elementor-section elementor-top-section elementor-element elementor-element-d87aec1 elementor-section-boxed elementor-section-height-default elementor-section-height-default\" data-id=\"d87aec1\" data-element_type=\"section\" data-e-type=\"section\">\n\t\t\t\t\t\t<div class=\"elementor-container elementor-column-gap-default\">\n\t\t\t\t\t<div class=\"elementor-column elementor-col-100 elementor-top-column elementor-element elementor-element-f3858db\" data-id=\"f3858db\" data-element_type=\"column\" data-e-type=\"column\">\n\t\t\t<div class=\"elementor-widget-wrap elementor-element-populated\">\n\t\t\t\t\t\t<div class=\"elementor-element elementor-element-7cca0d1 elementor-widget elementor-widget-heading\" data-id=\"7cca0d1\" data-element_type=\"widget\" data-e-type=\"widget\" data-widget_type=\"heading.default\">\n\t\t\t\t<div class=\"elementor-widget-container\">\n\t\t\t\t\t<h1 class=\"elementor-heading-title elementor-size-default\">Sessions<\/h1>\t\t\t\t<\/div>\n\t\t\t\t<\/div>\n\t\t\t\t<div class=\"elementor-element elementor-element-3cd6f98 elementor-widget elementor-widget-heading\" data-id=\"3cd6f98\" data-element_type=\"widget\" data-e-type=\"widget\" data-widget_type=\"heading.default\">\n\t\t\t\t<div class=\"elementor-widget-container\">\n\t\t\t\t\t<h3 class=\"elementor-heading-title elementor-size-default\">Helping you with the inseparable process of self-knowledge and spiritual development<\/h3>\t\t\t\t<\/div>\n\t\t\t\t<\/div>\n\t\t\t\t\t<\/div>\n\t\t<\/div>\n\t\t\t\t\t<\/div>\n\t\t<\/section>\n\t\t\t\t<section class=\"elementor-section elementor-top-section elementor-element elementor-element-0f8c535 elementor-section-boxed elementor-section-height-default elementor-section-height-default\" data-id=\"0f8c535\" data-element_type=\"section\" data-e-type=\"section\">\n\t\t\t\t\t\t<div class=\"elementor-container elementor-column-gap-default\">\n\t\t\t\t\t<div class=\"elementor-column elementor-col-50 elementor-top-column elementor-element elementor-element-ed2589b\" data-id=\"ed2589b\" data-element_type=\"column\" data-e-type=\"column\">\n\t\t\t<div class=\"elementor-widget-wrap elementor-element-populated\">\n\t\t\t\t\t\t<div class=\"elementor-element elementor-element-437f9c1 elementor-widget elementor-widget-heading\" data-id=\"437f9c1\" data-element_type=\"widget\" data-e-type=\"widget\" data-widget_type=\"heading.default\">\n\t\t\t\t<div class=\"elementor-widget-container\">\n\t\t\t\t\t<h2 class=\"elementor-heading-title elementor-size-default\">Radionic Board of the Sacred Flame<\/h2>\t\t\t\t<\/div>\n\t\t\t\t<\/div>\n\t\t\t\t<div class=\"elementor-element elementor-element-230e5a1 elementor-widget elementor-widget-image\" data-id=\"230e5a1\" data-element_type=\"widget\" data-e-type=\"widget\" data-widget_type=\"image.default\">\n\t\t\t\t<div class=\"elementor-widget-container\">\n\t\t\t\t\t\t\t\t\t\t\t\t\t\t\t<img decoding=\"async\" src=\"https:\/\/angelopiovesan.com\/wp-content\/uploads\/elementor\/thumbs\/Mesa-Radi\u00f4nica-do-Fogo-Sagrado-1-pvc5wyv5c232p4hsywikmyk8uuotld3sjv7bzp90jk.jpg\" title=\"Mesa Radi\u00f4nica do Fogo Sagrado 1\" alt=\"The Radionic Board of the Sacred Flame works the physical, emotional, mental and spiritual bodies.\" loading=\"lazy\" \/>\t\t\t\t\t\t\t\t\t\t\t\t\t\t\t<\/div>\n\t\t\t\t<\/div>\n\t\t\t\t<div class=\"elementor-element elementor-element-d45b844 elementor-widget elementor-widget-text-editor\" data-id=\"d45b844\" data-element_type=\"widget\" data-e-type=\"widget\" data-widget_type=\"text-editor.default\">\n\t\t\t\t<div class=\"elementor-widget-container\">\n\t\t\t\t\t\t\t\t\t<p>The Radionic Board of the Sacred Flame is a healing tool based on the teachings of Sacred Geometry, Radiesthesia, Geobiology, Feng Shui and the Great White Brotherhood, with the Twelve Rays of Creation, the Ascended Masters, the Archangels and the Elohim.<\/p>\t\t\t\t\t\t\t\t<\/div>\n\t\t\t\t<\/div>\n\t\t\t\t<div class=\"elementor-element elementor-element-72a33a6 elementor-align-left elementor-widget elementor-widget-button\" data-id=\"72a33a6\" data-element_type=\"widget\" data-e-type=\"widget\" data-widget_type=\"button.default\">\n\t\t\t\t<div class=\"elementor-widget-container\">\n\t\t\t\t\t\t\t\t\t<div class=\"elementor-button-wrapper\">\n\t\t\t\t\t<a class=\"elementor-button elementor-button-link elementor-size-sm\" href=\"https:\/\/angelopiovesan.com\/en\/radionic-board-of-the-sacred-flame-session\/\">\n\t\t\t\t\t\t<span class=\"elementor-button-content-wrapper\">\n\t\t\t\t\t\t\t\t\t<span class=\"elementor-button-text\">Learn More<\/span>\n\t\t\t\t\t<\/span>\n\t\t\t\t\t<\/a>\n\t\t\t\t<\/div>\n\t\t\t\t\t\t\t\t<\/div>\n\t\t\t\t<\/div>\n\t\t\t\t\t<\/div>\n\t\t<\/div>\n\t\t\t\t<div class=\"elementor-column elementor-col-50 elementor-top-column elementor-element elementor-element-82d86a0\" data-id=\"82d86a0\" data-element_type=\"column\" data-e-type=\"column\">\n\t\t\t<div class=\"elementor-widget-wrap elementor-element-populated\">\n\t\t\t\t\t\t<div class=\"elementor-element elementor-element-978c3b2 elementor-widget elementor-widget-heading\" data-id=\"978c3b2\" data-element_type=\"widget\" data-e-type=\"widget\" data-widget_type=\"heading.default\">\n\t\t\t\t<div class=\"elementor-widget-container\">\n\t\t\t\t\t<h2 class=\"elementor-heading-title elementor-size-default\">Tarot Reading<\/h2>\t\t\t\t<\/div>\n\t\t\t\t<\/div>\n\t\t\t\t<div class=\"elementor-element elementor-element-952f378 elementor-widget elementor-widget-image\" data-id=\"952f378\" data-element_type=\"widget\" data-e-type=\"widget\" data-widget_type=\"image.default\">\n\t\t\t\t<div class=\"elementor-widget-container\">\n\t\t\t\t\t\t\t\t\t\t\t\t\t\t\t<img decoding=\"async\" src=\"https:\/\/angelopiovesan.com\/wp-content\/uploads\/elementor\/thumbs\/tarot-2022-pvc5wsaa07u2furd1bo6ni80p5l93hdo6ymxmrirr4.jpg\" title=\"tarot-2022\" alt=\"tarot-2022\" loading=\"lazy\" \/>\t\t\t\t\t\t\t\t\t\t\t\t\t\t\t<\/div>\n\t\t\t\t<\/div>\n\t\t\t\t<div class=\"elementor-element elementor-element-8baa080 elementor-widget elementor-widget-text-editor\" data-id=\"8baa080\" data-element_type=\"widget\" data-e-type=\"widget\" data-widget_type=\"text-editor.default\">\n\t\t\t\t<div class=\"elementor-widget-container\">\n\t\t\t\t\t\t\t\t\t<p>The Tarot is a divinatory oracle that can clarify important aspects concerning the life of the person who consults it. In the Tarot Reading Session, you are helped to face problems, to solve doubts and to make decisions, which helps you to unveil and understand your life journey.<\/p>\t\t\t\t\t\t\t\t<\/div>\n\t\t\t\t<\/div>\n\t\t\t\t<div class=\"elementor-element elementor-element-d5a48db elementor-align-left elementor-widget elementor-widget-button\" data-id=\"d5a48db\" data-element_type=\"widget\" data-e-type=\"widget\" data-widget_type=\"button.default\">\n\t\t\t\t<div class=\"elementor-widget-container\">\n\t\t\t\t\t\t\t\t\t<div class=\"elementor-button-wrapper\">\n\t\t\t\t\t<a class=\"elementor-button elementor-button-link elementor-size-sm\" href=\"https:\/\/angelopiovesan.com\/en\/tarot-session\/\">\n\t\t\t\t\t\t<span class=\"elementor-button-content-wrapper\">\n\t\t\t\t\t\t\t\t\t<span class=\"elementor-button-text\">Learn More<\/span>\n\t\t\t\t\t<\/span>\n\t\t\t\t\t<\/a>\n\t\t\t\t<\/div>\n\t\t\t\t\t\t\t\t<\/div>\n\t\t\t\t<\/div>\n\t\t\t\t\t<\/div>\n\t\t<\/div>\n\t\t\t\t\t<\/div>\n\t\t<\/section>\n\t\t\t\t<section class=\"elementor-section elementor-top-section elementor-element elementor-element-5709bd2 elementor-section-boxed elementor-section-height-default elementor-section-height-default\" data-id=\"5709bd2\" data-element_type=\"section\" data-e-type=\"section\">\n\t\t\t\t\t\t<div class=\"elementor-container elementor-column-gap-default\">\n\t\t\t\t\t<div class=\"elementor-column elementor-col-50 elementor-top-column elementor-element elementor-element-4f14310\" data-id=\"4f14310\" data-element_type=\"column\" data-e-type=\"column\">\n\t\t\t<div class=\"elementor-widget-wrap elementor-element-populated\">\n\t\t\t\t\t\t<div class=\"elementor-element elementor-element-984a112 elementor-widget elementor-widget-heading\" data-id=\"984a112\" data-element_type=\"widget\" data-e-type=\"widget\" data-widget_type=\"heading.default\">\n\t\t\t\t<div class=\"elementor-widget-container\">\n\t\t\t\t\t<h2 class=\"elementor-heading-title elementor-size-default\">Feng Shui for Residences and Companies<\/h2>\t\t\t\t<\/div>\n\t\t\t\t<\/div>\n\t\t\t\t<div class=\"elementor-element elementor-element-a98f48f elementor-widget elementor-widget-image\" data-id=\"a98f48f\" data-element_type=\"widget\" data-e-type=\"widget\" data-widget_type=\"image.default\">\n\t\t\t\t<div class=\"elementor-widget-container\">\n\t\t\t\t\t\t\t\t\t\t\t\t\t\t\t<img decoding=\"async\" src=\"https:\/\/angelopiovesan.com\/wp-content\/uploads\/elementor\/thumbs\/feng-shui-consultoria-consultas-pvc5wsaa07u28hl4aka9d8gpw7t0dtnrd86k0fnmdc.png\" title=\"feng-shui-consultoria-consultas\" alt=\"feng-shui-consultoria-consultas\" loading=\"lazy\" \/>\t\t\t\t\t\t\t\t\t\t\t\t\t\t\t<\/div>\n\t\t\t\t<\/div>\n\t\t\t\t<div class=\"elementor-element elementor-element-12c2c24 elementor-widget elementor-widget-text-editor\" data-id=\"12c2c24\" data-element_type=\"widget\" data-e-type=\"widget\" data-widget_type=\"text-editor.default\">\n\t\t\t\t<div class=\"elementor-widget-container\">\n\t\t\t\t\t\t\t\t\t<p>Feng Shui is an ancient Chinese practice that organizes the 5 elements of nature so that vital energy flows in a balanced manner, bringing harmony to the environments.  In the Feng Shui consultancy, which is integrated with the Radionic Board of the Sacred Flame, cleaning takes place, as well as the harmonization and strengthening of the people and environments worked on.<\/p>\t\t\t\t\t\t\t\t<\/div>\n\t\t\t\t<\/div>\n\t\t\t\t<div class=\"elementor-element elementor-element-2969092 elementor-align-left elementor-widget elementor-widget-button\" data-id=\"2969092\" data-element_type=\"widget\" data-e-type=\"widget\" data-widget_type=\"button.default\">\n\t\t\t\t<div class=\"elementor-widget-container\">\n\t\t\t\t\t\t\t\t\t<div class=\"elementor-button-wrapper\">\n\t\t\t\t\t<a class=\"elementor-button elementor-button-link elementor-size-sm\" href=\"https:\/\/angelopiovesan.com\/en\/feng-shui-consultancy-for-residences-and-companies\/\">\n\t\t\t\t\t\t<span class=\"elementor-button-content-wrapper\">\n\t\t\t\t\t\t\t\t\t<span class=\"elementor-button-text\">Learn More<\/span>\n\t\t\t\t\t<\/span>\n\t\t\t\t\t<\/a>\n\t\t\t\t<\/div>\n\t\t\t\t\t\t\t\t<\/div>\n\t\t\t\t<\/div>\n\t\t\t\t\t<\/div>\n\t\t<\/div>\n\t\t\t\t<div class=\"elementor-column elementor-col-50 elementor-top-column elementor-element elementor-element-69182f0\" data-id=\"69182f0\" data-element_type=\"column\" data-e-type=\"column\">\n\t\t\t<div class=\"elementor-widget-wrap elementor-element-populated\">\n\t\t\t\t\t\t<div class=\"elementor-element elementor-element-b39087b elementor-widget elementor-widget-heading\" data-id=\"b39087b\" data-element_type=\"widget\" data-e-type=\"widget\" data-widget_type=\"heading.default\">\n\t\t\t\t<div class=\"elementor-widget-container\">\n\t\t\t\t\t<h2 class=\"elementor-heading-title elementor-size-default\">The Maha Leela Game<\/h2>\t\t\t\t<\/div>\n\t\t\t\t<\/div>\n\t\t\t\t<div class=\"elementor-element elementor-element-e6beba7 elementor-widget elementor-widget-image\" data-id=\"e6beba7\" data-element_type=\"widget\" data-e-type=\"widget\" data-widget_type=\"image.default\">\n\t\t\t\t<div class=\"elementor-widget-container\">\n\t\t\t\t\t\t\t\t\t\t\t\t\t\t\t<img decoding=\"async\" src=\"https:\/\/angelopiovesan.com\/wp-content\/uploads\/elementor\/thumbs\/Maha-Lilah-qk521vqawmgw7v18h6dqzd9r8ltvtevjx7g5chppts.png\" title=\"Maha Leela\" alt=\"Maha Leela\" loading=\"lazy\" \/>\t\t\t\t\t\t\t\t\t\t\t\t\t\t\t<\/div>\n\t\t\t\t<\/div>\n\t\t\t\t<div class=\"elementor-element elementor-element-8a8a99b elementor-widget elementor-widget-text-editor\" data-id=\"8a8a99b\" data-element_type=\"widget\" data-e-type=\"widget\" data-widget_type=\"text-editor.default\">\n\t\t\t\t<div class=\"elementor-widget-container\">\n\t\t\t\t\t\t\t\t\t<p>The Maha Leela is a therapeutic tool for self-knowledge that comes from ancient Indian wisdom. Everything that exists takes part in this game and, as self-conscious beings, we can become more conscious of our role in this game of life.\u00a0<\/p>\t\t\t\t\t\t\t\t<\/div>\n\t\t\t\t<\/div>\n\t\t\t\t<div class=\"elementor-element elementor-element-421bc85 elementor-align-left elementor-widget elementor-widget-button\" data-id=\"421bc85\" data-element_type=\"widget\" data-e-type=\"widget\" data-widget_type=\"button.default\">\n\t\t\t\t<div class=\"elementor-widget-container\">\n\t\t\t\t\t\t\t\t\t<div class=\"elementor-button-wrapper\">\n\t\t\t\t\t<a class=\"elementor-button elementor-button-link elementor-size-sm\" href=\"https:\/\/angelopiovesan.com\/en\/maha-leela-game\/\">\n\t\t\t\t\t\t<span class=\"elementor-button-content-wrapper\">\n\t\t\t\t\t\t\t\t\t<span class=\"elementor-button-text\">Learn More<\/span>\n\t\t\t\t\t<\/span>\n\t\t\t\t\t<\/a>\n\t\t\t\t<\/div>\n\t\t\t\t\t\t\t\t<\/div>\n\t\t\t\t<\/div>\n\t\t\t\t\t<\/div>\n\t\t<\/div>\n\t\t\t\t\t<\/div>\n\t\t<\/section>\n\t\t\t\t<section class=\"elementor-section elementor-top-section elementor-element elementor-element-6cd770f elementor-section-full_width elementor-section-height-default elementor-section-height-default\" data-id=\"6cd770f\" data-element_type=\"section\" data-e-type=\"section\">\n\t\t\t\t\t\t<div class=\"elementor-container elementor-column-gap-default\">\n\t\t\t\t\t<div class=\"elementor-column elementor-col-100 elementor-top-column elementor-element elementor-element-657f3d3\" data-id=\"657f3d3\" data-element_type=\"column\" data-e-type=\"column\">\n\t\t\t<div class=\"elementor-widget-wrap elementor-element-populated\">\n\t\t\t\t\t\t<section class=\"elementor-section elementor-inner-section elementor-element elementor-element-147494c elementor-section-content-middle elementor-section-boxed elementor-section-height-default elementor-section-height-default\" data-id=\"147494c\" data-element_type=\"section\" data-e-type=\"section\">\n\t\t\t\t\t\t<div class=\"elementor-container elementor-column-gap-default\">\n\t\t\t\t\t<div class=\"elementor-column elementor-col-66 elementor-inner-column elementor-element elementor-element-243d751\" data-id=\"243d751\" data-element_type=\"column\" data-e-type=\"column\">\n\t\t\t<div class=\"elementor-widget-wrap elementor-element-populated\">\n\t\t\t\t\t\t<div class=\"elementor-element elementor-element-0035fde elementor-widget elementor-widget-text-editor\" data-id=\"0035fde\" data-element_type=\"widget\" data-e-type=\"widget\" data-widget_type=\"text-editor.default\">\n\t\t\t\t<div class=\"elementor-widget-container\">\n\t\t\t\t\t\t\t\t\t<p>We provide individual sessions, always offering excellent quality services, promoting welfare, self-knowledge, spiritual development and the expansion of consciousness.<\/p>\t\t\t\t\t\t\t\t<\/div>\n\t\t\t\t<\/div>\n\t\t\t\t\t<\/div>\n\t\t<\/div>\n\t\t\t\t<div class=\"elementor-column elementor-col-33 elementor-inner-column elementor-element elementor-element-2a17685\" data-id=\"2a17685\" data-element_type=\"column\" data-e-type=\"column\">\n\t\t\t<div class=\"elementor-widget-wrap elementor-element-populated\">\n\t\t\t\t\t\t<div class=\"elementor-element elementor-element-68693cd elementor-widget elementor-widget-image\" data-id=\"68693cd\" data-element_type=\"widget\" data-e-type=\"widget\" data-widget_type=\"image.default\">\n\t\t\t\t<div class=\"elementor-widget-container\">\n\t\t\t\t\t\t\t\t\t\t\t\t\t\t\t<img fetchpriority=\"high\" decoding=\"async\" width=\"640\" height=\"426\" src=\"https:\/\/angelopiovesan.com\/wp-content\/uploads\/2024\/08\/consultas-angelo.jpg\" class=\"attachment-large size-large wp-image-8614\" alt=\"\" srcset=\"https:\/\/angelopiovesan.com\/wp-content\/uploads\/2024\/08\/consultas-angelo.jpg 640w, https:\/\/angelopiovesan.com\/wp-content\/uploads\/2024\/08\/consultas-angelo-300x200.jpg 300w, https:\/\/angelopiovesan.com\/wp-content\/uploads\/2024\/08\/consultas-angelo-18x12.jpg 18w, https:\/\/angelopiovesan.com\/wp-content\/uploads\/2024\/08\/consultas-angelo-24x16.jpg 24w, https:\/\/angelopiovesan.com\/wp-content\/uploads\/2024\/08\/consultas-angelo-36x24.jpg 36w, https:\/\/angelopiovesan.com\/wp-content\/uploads\/2024\/08\/consultas-angelo-48x32.jpg 48w\" sizes=\"(max-width: 640px) 100vw, 640px\" \/>\t\t\t\t\t\t\t\t\t\t\t\t\t\t\t<\/div>\n\t\t\t\t<\/div>\n\t\t\t\t\t<\/div>\n\t\t<\/div>\n\t\t\t\t\t<\/div>\n\t\t<\/section>\n\t\t\t\t<div class=\"elementor-element elementor-element-6318d2b elementor-widget elementor-widget-image\" data-id=\"6318d2b\" data-element_type=\"widget\" data-e-type=\"widget\" data-widget_type=\"image.default\">\n\t\t\t\t<div class=\"elementor-widget-container\">\n\t\t\t\t\t\t\t\t\t\t\t\t\t\t\t<img decoding=\"async\" src=\"https:\/\/angelopiovesan.com\/wp-content\/uploads\/elementor\/thumbs\/bg-consultas-qs0pme97c52tzw4gm1fjjfojzydr3hxio69qbqr0h4.jpg\" title=\"bg-consultas\" alt=\"bg-consultas\" loading=\"lazy\" \/>\t\t\t\t\t\t\t\t\t\t\t\t\t\t\t<\/div>\n\t\t\t\t<\/div>\n\t\t\t\t\t<\/div>\n\t\t<\/div>\n\t\t\t\t\t<\/div>\n\t\t<\/section>\n\t\t\t\t<\/div>","protected":false},"excerpt":{"rendered":"<p>Consultas Ajudando voc\u00ea no processo insepar\u00e1vel de autoconhecimento e crescimento espiritual Mesa Radi\u00f4nica do Fogo Sagrado A Mesa Radi\u00f4nica do Fogo Sagrado \u00e9 uma ferramenta de cura baseada nos ensinamentos da Geometria Sagrada, da Radiestesia, da Geobiologia, do Feng Shui e da Grande Fraternidade Branca, com os Doze Raios da Cria\u00e7\u00e3o e os Mestres Ascensionados, [&hellip;]<\/p>\n","protected":false},"author":4,"featured_media":3519,"parent":0,"menu_order":0,"comment_status":"closed","ping_status":"closed","template":"elementor_header_footer","meta":{"footnotes":""},"class_list":["post-6512","page","type-page","status-publish","has-post-thumbnail","hentry"],"publishpress_future_action":{"enabled":false,"date":"2026-05-02 15:46:34","action":"change-status","newStatus":"draft","terms":[],"taxonomy":"","extraData":[]},"publishpress_future_workflow_manual_trigger":{"enabledWorkflows":[]},"_links":{"self":[{"href":"https:\/\/angelopiovesan.com\/en\/wp-json\/wp\/v2\/pages\/6512","targetHints":{"allow":["GET"]}}],"collection":[{"href":"https:\/\/angelopiovesan.com\/en\/wp-json\/wp\/v2\/pages"}],"about":[{"href":"https:\/\/angelopiovesan.com\/en\/wp-json\/wp\/v2\/types\/page"}],"author":[{"embeddable":true,"href":"https:\/\/angelopiovesan.com\/en\/wp-json\/wp\/v2\/users\/4"}],"replies":[{"embeddable":true,"href":"https:\/\/angelopiovesan.com\/en\/wp-json\/wp\/v2\/comments?post=6512"}],"version-history":[{"count":56,"href":"https:\/\/angelopiovesan.com\/en\/wp-json\/wp\/v2\/pages\/6512\/revisions"}],"predecessor-version":[{"id":8621,"href":"https:\/\/angelopiovesan.com\/en\/wp-json\/wp\/v2\/pages\/6512\/revisions\/8621"}],"wp:featuredmedia":[{"embeddable":true,"href":"https:\/\/angelopiovesan.com\/en\/wp-json\/wp\/v2\/media\/3519"}],"wp:attachment":[{"href":"https:\/\/angelopiovesan.com\/en\/wp-json\/wp\/v2\/media?parent=6512"}],"curies":[{"name":"wp","href":"https:\/\/api.w.org\/{rel}","templated":true}]}}