{"id":3232,"date":"2018-12-27T18:28:32","date_gmt":"2018-12-27T20:28:32","guid":{"rendered":"http:\/\/berkanainstituto.com.br\/?page_id=3232"},"modified":"2025-09-18T16:23:35","modified_gmt":"2025-09-18T19:23:35","slug":"clinica-gratis-de-reiki","status":"publish","type":"page","link":"https:\/\/angelopiovesan.com\/es\/plantao-de-reiki-gratuito\/","title":{"rendered":"Cl\u00ednica gratis de REIKI"},"content":{"rendered":"<div data-elementor-type=\"wp-post\" data-elementor-id=\"3232\" class=\"elementor elementor-3232\">\n\t\t\t\t\t\t<section class=\"elementor-section elementor-top-section elementor-element elementor-element-d87aec1 elementor-section-boxed elementor-section-height-default elementor-section-height-default\" data-id=\"d87aec1\" data-element_type=\"section\" data-e-type=\"section\">\n\t\t\t\t\t\t<div class=\"elementor-container elementor-column-gap-default\">\n\t\t\t\t\t<div class=\"elementor-column elementor-col-100 elementor-top-column elementor-element elementor-element-f3858db\" data-id=\"f3858db\" data-element_type=\"column\" data-e-type=\"column\">\n\t\t\t<div class=\"elementor-widget-wrap elementor-element-populated\">\n\t\t\t\t\t\t<div class=\"elementor-element elementor-element-7cca0d1 elementor-widget elementor-widget-heading\" data-id=\"7cca0d1\" data-element_type=\"widget\" data-e-type=\"widget\" data-widget_type=\"heading.default\">\n\t\t\t\t<div class=\"elementor-widget-container\">\n\t\t\t\t\t<h1 class=\"elementor-heading-title elementor-size-default\">Cl\u00ednica gratis de REIKI<\/h1>\t\t\t\t<\/div>\n\t\t\t\t<\/div>\n\t\t\t\t<div class=\"elementor-element elementor-element-3cd6f98 elementor-widget elementor-widget-heading\" data-id=\"3cd6f98\" data-element_type=\"widget\" data-e-type=\"widget\" data-widget_type=\"heading.default\">\n\t\t\t\t<div class=\"elementor-widget-container\">\n\t\t\t\t\t<h3 class=\"elementor-heading-title elementor-size-default\">PARA CANALIZAR LA ENERG\u00cdA UNIVERSAL Y RESTABLECER EL EQUILIBRIO DEL INDIVIDUO<\/h3>\t\t\t\t<\/div>\n\t\t\t\t<\/div>\n\t\t\t\t<div class=\"elementor-element elementor-element-b79fd2e elementor-widget elementor-widget-heading\" data-id=\"b79fd2e\" data-element_type=\"widget\" data-e-type=\"widget\" data-widget_type=\"heading.default\">\n\t\t\t\t<div class=\"elementor-widget-container\">\n\t\t\t\t\t<h3 class=\"elementor-heading-title elementor-size-default\">CON EL MAESTRO DE REIKI ANGELO PIOVESAN<\/h3>\t\t\t\t<\/div>\n\t\t\t\t<\/div>\n\t\t\t\t<section class=\"elementor-section elementor-inner-section elementor-element elementor-element-147494c elementor-section-boxed elementor-section-height-default elementor-section-height-default\" data-id=\"147494c\" data-element_type=\"section\" data-e-type=\"section\">\n\t\t\t\t\t\t<div class=\"elementor-container elementor-column-gap-default\">\n\t\t\t\t\t<div class=\"elementor-column elementor-col-66 elementor-inner-column elementor-element elementor-element-243d751\" data-id=\"243d751\" data-element_type=\"column\" data-e-type=\"column\">\n\t\t\t<div class=\"elementor-widget-wrap elementor-element-populated\">\n\t\t\t\t\t\t<div class=\"elementor-element elementor-element-0035fde elementor-widget elementor-widget-text-editor\" data-id=\"0035fde\" data-element_type=\"widget\" data-e-type=\"widget\" data-widget_type=\"text-editor.default\">\n\t\t\t\t<div class=\"elementor-widget-container\">\n\t\t\t\t\t\t\t\t\t<p>Desde 2015 ofrecemos la Cl\u00ednica de REIKI gratuita para todo aquel que necesite esta maravillosa energ\u00eda curativa que aporta armon\u00eda y bienestar a las molestias y aflicciones.<\/p><p><strong>Venga a recibir y comprender mejor esta energ\u00eda vital universal y la practicidad de su aplicaci\u00f3n en personas, animales, ambientes, alimentos, entre otros.<\/strong><\/p><p>En estas cl\u00ednicas, los estudiantes iniciados en los cursos de REIKI ense\u00f1ados por el Maestro Angelo Piovesan tienen la oportunidad de aplicar el REIKI bajo la supervisi\u00f3n de su maestro y de reikianos m\u00e1s avanzados.<\/p>\t\t\t\t\t\t\t\t<\/div>\n\t\t\t\t<\/div>\n\t\t\t\t\t<\/div>\n\t\t<\/div>\n\t\t\t\t<div class=\"elementor-column elementor-col-33 elementor-inner-column elementor-element elementor-element-2a17685\" data-id=\"2a17685\" data-element_type=\"column\" data-e-type=\"column\">\n\t\t\t<div class=\"elementor-widget-wrap elementor-element-populated\">\n\t\t\t\t\t\t<div class=\"elementor-element elementor-element-68693cd elementor-widget elementor-widget-image\" data-id=\"68693cd\" data-element_type=\"widget\" data-e-type=\"widget\" data-widget_type=\"image.default\">\n\t\t\t\t<div class=\"elementor-widget-container\">\n\t\t\t\t\t\t\t\t\t\t\t\t\t\t\t<img fetchpriority=\"high\" decoding=\"async\" width=\"500\" height=\"429\" src=\"https:\/\/angelopiovesan.com\/wp-content\/uploads\/2024\/08\/reiki-gratuito.jpg\" class=\"attachment-large size-large wp-image-8622\" alt=\"\" srcset=\"https:\/\/angelopiovesan.com\/wp-content\/uploads\/2024\/08\/reiki-gratuito.jpg 500w, https:\/\/angelopiovesan.com\/wp-content\/uploads\/2024\/08\/reiki-gratuito-300x257.jpg 300w, https:\/\/angelopiovesan.com\/wp-content\/uploads\/2024\/08\/reiki-gratuito-14x12.jpg 14w, https:\/\/angelopiovesan.com\/wp-content\/uploads\/2024\/08\/reiki-gratuito-24x21.jpg 24w, https:\/\/angelopiovesan.com\/wp-content\/uploads\/2024\/08\/reiki-gratuito-36x31.jpg 36w, https:\/\/angelopiovesan.com\/wp-content\/uploads\/2024\/08\/reiki-gratuito-48x41.jpg 48w\" sizes=\"(max-width: 500px) 100vw, 500px\" \/>\t\t\t\t\t\t\t\t\t\t\t\t\t\t\t<\/div>\n\t\t\t\t<\/div>\n\t\t\t\t\t<\/div>\n\t\t<\/div>\n\t\t\t\t\t<\/div>\n\t\t<\/section>\n\t\t\t\t\t<\/div>\n\t\t<\/div>\n\t\t\t\t\t<\/div>\n\t\t<\/section>\n\t\t\t\t<section class=\"elementor-section elementor-top-section elementor-element elementor-element-fce39d3 elementor-section-boxed elementor-section-height-default elementor-section-height-default\" data-id=\"fce39d3\" data-element_type=\"section\" data-e-type=\"section\">\n\t\t\t\t\t\t<div class=\"elementor-container elementor-column-gap-default\">\n\t\t\t\t\t<div class=\"elementor-column elementor-col-100 elementor-top-column elementor-element elementor-element-fd19c5d\" data-id=\"fd19c5d\" data-element_type=\"column\" data-e-type=\"column\">\n\t\t\t<div class=\"elementor-widget-wrap elementor-element-populated\">\n\t\t\t\t\t\t<div class=\"elementor-element elementor-element-0ae845d elementor-widget elementor-widget-text-editor\" data-id=\"0ae845d\" data-element_type=\"widget\" data-e-type=\"widget\" data-widget_type=\"text-editor.default\">\n\t\t\t\t<div class=\"elementor-widget-container\">\n\t\t\t\t\t\t\t\t\t<p><span style=\"font-weight: 400;\">Las Cl\u00ednicas de REIKI gratuitas se realizan, normalmente, una vez al mes en un d\u00eda espec\u00edfico de la semana, a partir de las 18:30 horas. Los servicios se prestan por orden de llegada, pero pedimos a la gente que llegue antes de las 19:30 horas para poder garantizar que todo el mundo ser\u00e1 atendido. Al t\u00e9rmino de los servicios presenciales, tambi\u00e9n ofrecemos REIKI a distancia para quienes no puedan estar presentes.<\/span><\/p><p><span style=\"font-weight: 400;\">Para la realizaci\u00f3n de la Cl\u00ednica es <\/span><b>necesario<\/b><span style=\"font-weight: 400;\"> que los interesados en recibir el REIKI confirmen su presencia hasta las 17:00 horas del d\u00eda anterior al programado. La Cl\u00ednica s\u00f3lo se realizar\u00e1 si se confirman -como m\u00ednimo- cinco (5) personas.<\/span><\/p><p><span style=\"font-weight: 400;\">P\u00f3ngase en contacto con nosotros para confirmar la fecha de la pr\u00f3xima Cl\u00ednica gratis de REIKI.<\/span><\/p><h4><strong>\u00a0<\/strong><\/h4><h2><span style=\"font-size: 18pt;\"><strong>Energ\u00eda de cambio<\/strong><\/span><\/h2><p><span style=\"font-weight: 400;\">Para mover la poderosa energ\u00eda del intercambio, pedimos a todos los que puedan ayudar que donen al menos un paquete de alimentos no perecederos. Las donaciones se entregar\u00e1n a instituciones que ayudan a personas necesitadas en las proximidades del lugar donde se realizan las Cl\u00ednicas gratis de REIKI.<\/span><\/p>\t\t\t\t\t\t\t\t<\/div>\n\t\t\t\t<\/div>\n\t\t\t\t\t<\/div>\n\t\t<\/div>\n\t\t\t\t\t<\/div>\n\t\t<\/section>\n\t\t\t\t<section class=\"elementor-section elementor-top-section elementor-element elementor-element-6cd770f elementor-section-full_width elementor-section-height-default elementor-section-height-default\" data-id=\"6cd770f\" data-element_type=\"section\" data-e-type=\"section\">\n\t\t\t\t\t\t<div class=\"elementor-container elementor-column-gap-default\">\n\t\t\t\t\t<div class=\"elementor-column elementor-col-100 elementor-top-column elementor-element elementor-element-657f3d3\" data-id=\"657f3d3\" data-element_type=\"column\" data-e-type=\"column\">\n\t\t\t<div class=\"elementor-widget-wrap elementor-element-populated\">\n\t\t\t\t\t\t<div class=\"elementor-element elementor-element-6318d2b elementor-widget elementor-widget-image\" data-id=\"6318d2b\" data-element_type=\"widget\" data-e-type=\"widget\" data-widget_type=\"image.default\">\n\t\t\t\t<div class=\"elementor-widget-container\">\n\t\t\t\t\t\t\t\t\t\t\t\t\t\t\t<img decoding=\"async\" src=\"https:\/\/angelopiovesan.com\/wp-content\/uploads\/elementor\/thumbs\/reiki-plantao-b-pvc5x4j70pm5wouqfkmepqfmb1h22wpcqsvcqeq1pk.jpg\" title=\"reiki-plantao-b\" alt=\"reiki-plantao-b\" loading=\"lazy\" \/>\t\t\t\t\t\t\t\t\t\t\t\t\t\t\t<\/div>\n\t\t\t\t<\/div>\n\t\t\t\t\t<\/div>\n\t\t<\/div>\n\t\t\t\t\t<\/div>\n\t\t<\/section>\n\t\t\t\t<section class=\"elementor-section elementor-top-section elementor-element elementor-element-c0cb9aa elementor-section-boxed elementor-section-height-default elementor-section-height-default\" data-id=\"c0cb9aa\" data-element_type=\"section\" data-e-type=\"section\">\n\t\t\t\t\t\t<div class=\"elementor-container elementor-column-gap-default\">\n\t\t\t\t\t<div class=\"elementor-column elementor-col-100 elementor-top-column elementor-element elementor-element-7149fb8\" data-id=\"7149fb8\" data-element_type=\"column\" data-e-type=\"column\">\n\t\t\t<div class=\"elementor-widget-wrap elementor-element-populated\">\n\t\t\t\t\t\t<div class=\"elementor-element elementor-element-969a507 elementor-widget elementor-widget-heading\" data-id=\"969a507\" data-element_type=\"widget\" data-e-type=\"widget\" data-widget_type=\"heading.default\">\n\t\t\t\t<div class=\"elementor-widget-container\">\n\t\t\t\t\t<h2 class=\"elementor-heading-title elementor-size-default\">Informaciones sobre las Cl\u00ednicas de REIKI Gratuitas<\/h2>\t\t\t\t<\/div>\n\t\t\t\t<\/div>\n\t\t\t\t\t<\/div>\n\t\t<\/div>\n\t\t\t\t\t<\/div>\n\t\t<\/section>\n\t\t\t\t<section class=\"elementor-section elementor-top-section elementor-element elementor-element-0f8c535 elementor-section-boxed elementor-section-height-default elementor-section-height-default\" data-id=\"0f8c535\" data-element_type=\"section\" data-e-type=\"section\">\n\t\t\t\t\t\t<div class=\"elementor-container elementor-column-gap-default\">\n\t\t\t\t\t<div class=\"elementor-column elementor-col-33 elementor-top-column elementor-element elementor-element-95f7061\" data-id=\"95f7061\" data-element_type=\"column\" data-e-type=\"column\">\n\t\t\t<div class=\"elementor-widget-wrap elementor-element-populated\">\n\t\t\t\t\t\t<div class=\"elementor-element elementor-element-13995e0 elementor-widget elementor-widget-heading\" data-id=\"13995e0\" data-element_type=\"widget\" data-e-type=\"widget\" data-widget_type=\"heading.default\">\n\t\t\t\t<div class=\"elementor-widget-container\">\n\t\t\t\t\t<h3 class=\"elementor-heading-title elementor-size-default\">Direcci\u00f3n<\/h3>\t\t\t\t<\/div>\n\t\t\t\t<\/div>\n\t\t\t\t<div class=\"elementor-element elementor-element-83d49fa elementor-widget elementor-widget-text-editor\" data-id=\"83d49fa\" data-element_type=\"widget\" data-e-type=\"widget\" data-widget_type=\"text-editor.default\">\n\t\t\t\t<div class=\"elementor-widget-container\">\n\t\t\t\t\t\t\t\t\t<p>Por determinar.<\/p>\t\t\t\t\t\t\t\t<\/div>\n\t\t\t\t<\/div>\n\t\t\t\t\t<\/div>\n\t\t<\/div>\n\t\t\t\t<div class=\"elementor-column elementor-col-33 elementor-top-column elementor-element elementor-element-9f4a13b\" data-id=\"9f4a13b\" data-element_type=\"column\" data-e-type=\"column\">\n\t\t\t<div class=\"elementor-widget-wrap elementor-element-populated\">\n\t\t\t\t\t\t<div class=\"elementor-element elementor-element-32dc2f5 elementor-widget elementor-widget-heading\" data-id=\"32dc2f5\" data-element_type=\"widget\" data-e-type=\"widget\" data-widget_type=\"heading.default\">\n\t\t\t\t<div class=\"elementor-widget-container\">\n\t\t\t\t\t<h3 class=\"elementor-heading-title elementor-size-default\">Calendario<\/h3>\t\t\t\t<\/div>\n\t\t\t\t<\/div>\n\t\t\t\t<div class=\"elementor-element elementor-element-6795cf9 elementor-widget elementor-widget-text-editor\" data-id=\"6795cf9\" data-element_type=\"widget\" data-e-type=\"widget\" data-widget_type=\"text-editor.default\">\n\t\t\t\t<div class=\"elementor-widget-container\">\n\t\t\t\t\t\t\t\t\t<p>Por determinar.<\/p>\t\t\t\t\t\t\t\t<\/div>\n\t\t\t\t<\/div>\n\t\t\t\t\t<\/div>\n\t\t<\/div>\n\t\t\t\t<div class=\"elementor-column elementor-col-33 elementor-top-column elementor-element elementor-element-b062057\" data-id=\"b062057\" data-element_type=\"column\" data-e-type=\"column\">\n\t\t\t<div class=\"elementor-widget-wrap elementor-element-populated\">\n\t\t\t\t\t\t<div class=\"elementor-element elementor-element-83da213 elementor-widget elementor-widget-heading\" data-id=\"83da213\" data-element_type=\"widget\" data-e-type=\"widget\" data-widget_type=\"heading.default\">\n\t\t\t\t<div class=\"elementor-widget-container\">\n\t\t\t\t\t<h3 class=\"elementor-heading-title elementor-size-default\">Donaci\u00f3n<\/h3>\t\t\t\t<\/div>\n\t\t\t\t<\/div>\n\t\t\t\t<div class=\"elementor-element elementor-element-376c5eb elementor-widget elementor-widget-text-editor\" data-id=\"376c5eb\" data-element_type=\"widget\" data-e-type=\"widget\" data-widget_type=\"text-editor.default\">\n\t\t\t\t<div class=\"elementor-widget-container\">\n\t\t\t\t\t\t\t\t\t<p>Al menos 1 paquete de alimentos no perecederos. Por supuesto, donaciones mayores (en alimentos) son necesarias y siempre bienvenidas.<\/p>\t\t\t\t\t\t\t\t<\/div>\n\t\t\t\t<\/div>\n\t\t\t\t\t<\/div>\n\t\t<\/div>\n\t\t\t\t\t<\/div>\n\t\t<\/section>\n\t\t\t\t<section class=\"elementor-section elementor-top-section elementor-element elementor-element-7a5661e elementor-section-boxed elementor-section-height-default elementor-section-height-default\" data-id=\"7a5661e\" data-element_type=\"section\" data-e-type=\"section\">\n\t\t\t\t\t\t<div class=\"elementor-container elementor-column-gap-default\">\n\t\t\t\t\t<div class=\"elementor-column elementor-col-100 elementor-top-column elementor-element elementor-element-aea699c\" data-id=\"aea699c\" data-element_type=\"column\" data-e-type=\"column\">\n\t\t\t<div class=\"elementor-widget-wrap elementor-element-populated\">\n\t\t\t\t\t\t<div class=\"elementor-element elementor-element-796993b elementor-widget elementor-widget-text-editor\" data-id=\"796993b\" data-element_type=\"widget\" data-e-type=\"widget\" data-widget_type=\"text-editor.default\">\n\t\t\t\t<div class=\"elementor-widget-container\">\n\t\t\t\t\t\t\t\t\t<p>Confirme su presencia en la pr\u00f3xima Cl\u00ednica gratuita de REIKI:<\/p><p><span style=\"font-size: 12pt;\">Telefone e WhatsApp: (+55 11) 98244.2762<\/span><br \/><span style=\"font-size: 12pt;\">Correo electr\u00f3nico: angelo.piovesan@gmail.com<\/span><br \/><span style=\"font-size: 12pt;\">Messenger: <a href=\"http:\/\/m.me\/angelo.piovesan.1\">hacer clic aqu\u00ed<\/a><\/span><\/p>\t\t\t\t\t\t\t\t<\/div>\n\t\t\t\t<\/div>\n\t\t\t\t\t<\/div>\n\t\t<\/div>\n\t\t\t\t\t<\/div>\n\t\t<\/section>\n\t\t\t\t<\/div>","protected":false},"excerpt":{"rendered":"<p>Plant\u00e3o de REIKI Gratuito para canalizar a energia universal e restabelecer o equil\u00edbrio do indiv\u00edduo COM O MESTRE DE REIKI ANGELO PIOVESAN Desde 2015 oferecemos o Plant\u00e3o de REIKI gratuito para todos os que necessitem dessa maravilhosa energia de cura que traz a harmonia e o bem-estar para inc\u00f4modos e afli\u00e7\u00f5es. Venha receber e entender [&hellip;]<\/p>\n","protected":false},"author":4,"featured_media":3239,"parent":0,"menu_order":0,"comment_status":"closed","ping_status":"closed","template":"elementor_header_footer","meta":{"footnotes":""},"class_list":["post-3232","page","type-page","status-publish","has-post-thumbnail","hentry"],"publishpress_future_action":{"enabled":false,"date":"2026-04-30 11:45:58","action":"change-status","newStatus":"draft","terms":[],"taxonomy":"","extraData":[]},"publishpress_future_workflow_manual_trigger":{"enabledWorkflows":[]},"_links":{"self":[{"href":"https:\/\/angelopiovesan.com\/es\/wp-json\/wp\/v2\/pages\/3232","targetHints":{"allow":["GET"]}}],"collection":[{"href":"https:\/\/angelopiovesan.com\/es\/wp-json\/wp\/v2\/pages"}],"about":[{"href":"https:\/\/angelopiovesan.com\/es\/wp-json\/wp\/v2\/types\/page"}],"author":[{"embeddable":true,"href":"https:\/\/angelopiovesan.com\/es\/wp-json\/wp\/v2\/users\/4"}],"replies":[{"embeddable":true,"href":"https:\/\/angelopiovesan.com\/es\/wp-json\/wp\/v2\/comments?post=3232"}],"version-history":[{"count":111,"href":"https:\/\/angelopiovesan.com\/es\/wp-json\/wp\/v2\/pages\/3232\/revisions"}],"predecessor-version":[{"id":9422,"href":"https:\/\/angelopiovesan.com\/es\/wp-json\/wp\/v2\/pages\/3232\/revisions\/9422"}],"wp:featuredmedia":[{"embeddable":true,"href":"https:\/\/angelopiovesan.com\/es\/wp-json\/wp\/v2\/media\/3239"}],"wp:attachment":[{"href":"https:\/\/angelopiovesan.com\/es\/wp-json\/wp\/v2\/media?parent=3232"}],"curies":[{"name":"wp","href":"https:\/\/api.w.org\/{rel}","templated":true}]}}