{"id":3368,"date":"2018-12-27T20:46:51","date_gmt":"2018-12-27T22:46:51","guid":{"rendered":"http:\/\/berkanainstituto.com.br\/?page_id=3368"},"modified":"2024-08-01T16:22:33","modified_gmt":"2024-08-01T19:22:33","slug":"quien-somos","status":"publish","type":"page","link":"https:\/\/angelopiovesan.com\/es\/quem-somos\/","title":{"rendered":"Qui\u00e9n Somos"},"content":{"rendered":"<div data-elementor-type=\"wp-post\" data-elementor-id=\"3368\" class=\"elementor elementor-3368\">\n\t\t\t\t\t\t<section class=\"elementor-section elementor-top-section elementor-element elementor-element-d87aec1 elementor-section-boxed elementor-section-height-default elementor-section-height-default\" data-id=\"d87aec1\" data-element_type=\"section\" data-e-type=\"section\">\n\t\t\t\t\t\t<div class=\"elementor-container elementor-column-gap-default\">\n\t\t\t\t\t<div class=\"elementor-column elementor-col-100 elementor-top-column elementor-element elementor-element-f3858db\" data-id=\"f3858db\" data-element_type=\"column\" data-e-type=\"column\">\n\t\t\t<div class=\"elementor-widget-wrap elementor-element-populated\">\n\t\t\t\t\t\t<div class=\"elementor-element elementor-element-7cca0d1 elementor-widget elementor-widget-heading\" data-id=\"7cca0d1\" data-element_type=\"widget\" data-e-type=\"widget\" data-widget_type=\"heading.default\">\n\t\t\t\t<div class=\"elementor-widget-container\">\n\t\t\t\t\t<h1 class=\"elementor-heading-title elementor-size-default\">Qui\u00e9n Somos<\/h1>\t\t\t\t<\/div>\n\t\t\t\t<\/div>\n\t\t\t\t\t<\/div>\n\t\t<\/div>\n\t\t\t\t\t<\/div>\n\t\t<\/section>\n\t\t\t\t<section class=\"elementor-section elementor-top-section elementor-element elementor-element-dd35eba elementor-section-boxed elementor-section-height-default elementor-section-height-default\" data-id=\"dd35eba\" data-element_type=\"section\" data-e-type=\"section\">\n\t\t\t\t\t\t<div class=\"elementor-container elementor-column-gap-default\">\n\t\t\t\t\t<div class=\"elementor-column elementor-col-50 elementor-top-column elementor-element elementor-element-d6da291\" data-id=\"d6da291\" data-element_type=\"column\" data-e-type=\"column\">\n\t\t\t<div class=\"elementor-widget-wrap elementor-element-populated\">\n\t\t\t\t\t\t<div class=\"elementor-element elementor-element-0c779d2 elementor-widget elementor-widget-text-editor\" data-id=\"0c779d2\" data-element_type=\"widget\" data-e-type=\"widget\" data-widget_type=\"text-editor.default\">\n\t\t\t\t<div class=\"elementor-widget-container\">\n\t\t\t\t\t\t\t\t\t<h2><span style=\"font-size: 18pt;\"><strong>Angelo Piovesan<\/strong><\/span><\/h2><p>Hay cosas que vivimos de ni\u00f1os y no nos damos cuenta, con la claridad necesaria, de lo que estaba pasando en aquel momento.<\/p><p>Por un lado, siempre fui un chico s\u00faper estudioso y aplicado, el mejor alumno de la clase, de pensamiento r\u00e1pido y palabras que siempre flu\u00edan con claridad - se dec\u00eda que estaba \"enchufado a los 220v\" ; devoraba toda la literatura, desde los libros de la biblioteca hasta las fotonovelas de mi t\u00eda, pasando por los libritos de bolsillo y los prospectos de medicina; y, por supuesto, los diccionarios, siempre me encantaron los diccionarios.<\/p><p>Por otro lado, siempre he amado la naturaleza y he estado en comuni\u00f3n con ella. Como me gustaba cuidar el huerto y los gallineros (s\u00ed, ten\u00eda un gallinero s\u00f3lo para las gallinas paridas y los pollitos reci\u00e9n salidos del cascar\u00f3n) era capaz de quedarme horas mirando al cielo e imaginando mil historias fant\u00e1sticas, y otras muchas horas observando el movimiento de las hormigas e impidiendo, con un palo, que se comieran las verduras; dec\u00edan que estaba desconectado, fuera del mundo, porque me llamaban y yo no contestaba - por supuesto estaba tan absorto que ni siquiera escuchaba. Experiencias tan diversas y parad\u00f3jicas que parec\u00edan incongruentes, o vividas por personas diferentes; pero, s\u00ed, era yo, \u00a1y sigo siendo yo mismo!<\/p>\t\t\t\t\t\t\t\t<\/div>\n\t\t\t\t<\/div>\n\t\t\t\t\t<\/div>\n\t\t<\/div>\n\t\t\t\t<div class=\"elementor-column elementor-col-50 elementor-top-column elementor-element elementor-element-a38197c\" data-id=\"a38197c\" data-element_type=\"column\" data-e-type=\"column\">\n\t\t\t<div class=\"elementor-widget-wrap elementor-element-populated\">\n\t\t\t\t\t\t<div class=\"elementor-element elementor-element-0783112 elementor-widget elementor-widget-image\" data-id=\"0783112\" data-element_type=\"widget\" data-e-type=\"widget\" data-widget_type=\"image.default\">\n\t\t\t\t<div class=\"elementor-widget-container\">\n\t\t\t\t\t\t\t\t\t\t\t\t\t\t\t<img fetchpriority=\"high\" decoding=\"async\" width=\"500\" height=\"606\" src=\"https:\/\/angelopiovesan.com\/wp-content\/uploads\/2022\/10\/angelo-quem-somos.png\" class=\"attachment-large size-large wp-image-7303\" alt=\"\" srcset=\"https:\/\/angelopiovesan.com\/wp-content\/uploads\/2022\/10\/angelo-quem-somos.png 500w, https:\/\/angelopiovesan.com\/wp-content\/uploads\/2022\/10\/angelo-quem-somos-248x300.png 248w, https:\/\/angelopiovesan.com\/wp-content\/uploads\/2022\/10\/angelo-quem-somos-10x12.png 10w, https:\/\/angelopiovesan.com\/wp-content\/uploads\/2022\/10\/angelo-quem-somos-20x24.png 20w, https:\/\/angelopiovesan.com\/wp-content\/uploads\/2022\/10\/angelo-quem-somos-30x36.png 30w, https:\/\/angelopiovesan.com\/wp-content\/uploads\/2022\/10\/angelo-quem-somos-40x48.png 40w\" sizes=\"(max-width: 500px) 100vw, 500px\" \/>\t\t\t\t\t\t\t\t\t\t\t\t\t\t\t<\/div>\n\t\t\t\t<\/div>\n\t\t\t\t\t<\/div>\n\t\t<\/div>\n\t\t\t\t\t<\/div>\n\t\t<\/section>\n\t\t\t\t<section class=\"elementor-section elementor-top-section elementor-element elementor-element-19e2871 elementor-section-boxed elementor-section-height-default elementor-section-height-default\" data-id=\"19e2871\" data-element_type=\"section\" data-e-type=\"section\">\n\t\t\t\t\t\t<div class=\"elementor-container elementor-column-gap-default\">\n\t\t\t\t\t<div class=\"elementor-column elementor-col-100 elementor-top-column elementor-element elementor-element-e4b86b0\" data-id=\"e4b86b0\" data-element_type=\"column\" data-e-type=\"column\">\n\t\t\t<div class=\"elementor-widget-wrap elementor-element-populated\">\n\t\t\t\t\t\t<section class=\"elementor-section elementor-inner-section elementor-element elementor-element-7875991 elementor-section-boxed elementor-section-height-default elementor-section-height-default\" data-id=\"7875991\" data-element_type=\"section\" data-e-type=\"section\">\n\t\t\t\t\t\t<div class=\"elementor-container elementor-column-gap-default\">\n\t\t\t\t\t<div class=\"elementor-column elementor-col-100 elementor-inner-column elementor-element elementor-element-5c09bcf\" data-id=\"5c09bcf\" data-element_type=\"column\" data-e-type=\"column\">\n\t\t\t<div class=\"elementor-widget-wrap elementor-element-populated\">\n\t\t\t\t\t\t<div class=\"elementor-element elementor-element-ddccd39 elementor-widget elementor-widget-text-editor\" data-id=\"ddccd39\" data-element_type=\"widget\" data-e-type=\"widget\" data-widget_type=\"text-editor.default\">\n\t\t\t\t<div class=\"elementor-widget-container\">\n\t\t\t\t\t\t\t\t\t<p><span style=\"font-weight: 400;\">Talvez esto explique los m\u00faltiples intereses, a lo largo de mi vida, por todo y por todos, y que me llevaron a los estudios acad\u00e9micos -a los 28 a\u00f1os ya era doctor por una de las mayores universidades americanas, con una tesis doctoral escrita en un idioma extranjero - y, al mismo tiempo, me llevaron a los estudios hol\u00edsticos y esot\u00e9ricos donde, adem\u00e1s de los libros y los cursos, la b\u00fasqueda interior, la introspecci\u00f3n y la meditaci\u00f3n estuvieron siempre presentes. Las intuiciones, las premoniciones a menudo confirmadas, los dones espirituales, que creo que todos tenemos, se han ido presentando sutilmente y a veces imperceptiblemente a lo largo de mi vida.<\/span><\/p><p><span style=\"font-weight: 400;\">He trabajado en radio y televisi\u00f3n, tanto comercial como educativa; he sido profesor universitario en la mayor universidad p\u00fablica de Brasil y orientador de decenas de tesis de maestr\u00eda y doctorado; consultor de la ONU en las \u00e1reas de comunicaci\u00f3n, educaci\u00f3n y salud; director de marketing promocional internacional, desarrollando acciones diversi\ufb01cadas en m\u00e1s de 30 pa\u00edses; entre otras cosas que son dif\u00edciles de mencionar aqu\u00ed, es decir, viviendo todos los aspectos y valores de la ciencia acad\u00e9mica.\u00a0<\/span><\/p><p><span style=\"font-weight: 400;\">Dedic\u00e1ndome siempre a proyectos sociales y al servicio de los dem\u00e1s, he tenido el privilegio de cuidar voluntariamente de ancianos y ni\u00f1os, y el cuidado de los ni\u00f1os siempre ha ocupado un lugar muy importante en mi coraz\u00f3n. Y, como buen canceriano, la familia es y ha sido siempre esencial en mi vida: mis tres hijos son las grandes bendiciones de esta existencia m\u00eda, a los que agradezco siempre e infinitamente el honor de ser su padre, y la alegr\u00eda por los cuatro nietos que me han dado hasta ahora, con la esperanza de que lleguen otros, pues las posibilidades siempre existen.<\/span><\/p><p><span style=\"font-weight: 400;\">Al mismo tiempo, siempre estuve inmerso en temas hol\u00edsticos y esot\u00e9ricos, tratando de entender cu\u00e1les eran las manifestaciones energ\u00e9ticas y c\u00f3mo utilizarlas correctamente; buscando todas las formas disponibles para acceder a lo Divino, dentro y fuera de m\u00ed. Aunque ten\u00eda una s\u00f3lida formaci\u00f3n cat\u00f3lica - incluso pens\u00e9 en ser sacerdote, pero pronto desist\u00ed al ver que no ten\u00eda vocaci\u00f3n para el celibato - me dediqu\u00e9 al estudio de diversas filosof\u00edas, religiones y tradiciones espirituales, desde el cristianismo hasta el islamismo, pasando por el budismo, el hinduismo, el shamanismo y la umbanda, entre muchas otras, ya que siempre me interesaron las m\u00faltiples formas de comunicaci\u00f3n con lo Divino.<\/span><\/p><p><span style=\"font-weight: 400;\">Me dediqu\u00e9 al estudio de la Teosof\u00eda, profundic\u00e9 en el mundo de la Gran Hermandad Blanca, que trasciende las religiones, y me enamor\u00e9 perdidamente de los Maestros Ascendidos. Me dediqu\u00e9 al estudio de diversas terapias hol\u00edsticas, tratando de entenderlas, recibiendo tratamientos y aprendiendo a utilizarlas. Tambi\u00e9n me dediqu\u00e9 al estudio y a la pr\u00e1ctica de algunos or\u00e1culos, encontrando en el Tarot un instrumento maravilloso - soy tarologo desde 2003. Tuve el privilegio de participar en el movimiento de la Alquimia Interior, donde estudi\u00e9, profundic\u00e9 mi servicio, integr\u00e9 el n\u00facleo interno, y m\u00e1s tarde ayud\u00e9 a crear y fui el primer director de la Universidad de la Conciencia.<\/span><\/p>\t\t\t\t\t\t\t\t<\/div>\n\t\t\t\t<\/div>\n\t\t\t\t<div class=\"elementor-element elementor-element-d896f77 elementor-widget elementor-widget-text-editor\" data-id=\"d896f77\" data-element_type=\"widget\" data-e-type=\"widget\" data-widget_type=\"text-editor.default\">\n\t\t\t\t<div class=\"elementor-widget-container\">\n\t\t\t\t\t\t\t\t\t<p style=\"text-align: center;\"><i><span style=\"font-weight: 400;\">Todo junto y mezclado, buscando la Unidad en la expresi\u00f3n de la diversidad que soy. Siempre he estado inmerso en el interminable proceso de autoconocimiento que, he ido confirmando cada vez m\u00e1s intensamente, va de la mano, y muy estrechamente, con el proceso de expansi\u00f3n de la conciencia y la evoluci\u00f3n espiritual.<\/span><\/i><\/p>\t\t\t\t\t\t\t\t<\/div>\n\t\t\t\t<\/div>\n\t\t\t\t\t<\/div>\n\t\t<\/div>\n\t\t\t\t\t<\/div>\n\t\t<\/section>\n\t\t\t\t<div class=\"elementor-element elementor-element-67c028c elementor-widget elementor-widget-image\" data-id=\"67c028c\" data-element_type=\"widget\" data-e-type=\"widget\" data-widget_type=\"image.default\">\n\t\t\t\t<div class=\"elementor-widget-container\">\n\t\t\t\t\t\t\t\t\t\t\t\t<figure class=\"wp-caption\">\n\t\t\t\t\t\t\t\t\t\t<img decoding=\"async\" width=\"1280\" height=\"853\" src=\"https:\/\/angelopiovesan.com\/wp-content\/uploads\/2024\/08\/angelo-quem-somos-betula.jpg\" class=\"attachment-full size-full wp-image-8576\" alt=\"\" srcset=\"https:\/\/angelopiovesan.com\/wp-content\/uploads\/2024\/08\/angelo-quem-somos-betula.jpg 1280w, https:\/\/angelopiovesan.com\/wp-content\/uploads\/2024\/08\/angelo-quem-somos-betula-300x200.jpg 300w, https:\/\/angelopiovesan.com\/wp-content\/uploads\/2024\/08\/angelo-quem-somos-betula-1024x682.jpg 1024w, https:\/\/angelopiovesan.com\/wp-content\/uploads\/2024\/08\/angelo-quem-somos-betula-768x512.jpg 768w, https:\/\/angelopiovesan.com\/wp-content\/uploads\/2024\/08\/angelo-quem-somos-betula-18x12.jpg 18w, https:\/\/angelopiovesan.com\/wp-content\/uploads\/2024\/08\/angelo-quem-somos-betula-24x16.jpg 24w, https:\/\/angelopiovesan.com\/wp-content\/uploads\/2024\/08\/angelo-quem-somos-betula-36x24.jpg 36w, https:\/\/angelopiovesan.com\/wp-content\/uploads\/2024\/08\/angelo-quem-somos-betula-48x32.jpg 48w\" sizes=\"(max-width: 1280px) 100vw, 1280px\" \/>\t\t\t\t\t\t\t\t\t\t\t<figcaption class=\"widget-image-caption wp-caption-text\">Berkana es el nombre de una runa y tambi\u00e9n representa al \u00e1rbol del abedul (imagen).<\/figcaption>\n\t\t\t\t\t\t\t\t\t\t<\/figure>\n\t\t\t\t\t\t\t\t\t<\/div>\n\t\t\t\t<\/div>\n\t\t\t\t<div class=\"elementor-element elementor-element-c490547 elementor-widget elementor-widget-text-editor\" data-id=\"c490547\" data-element_type=\"widget\" data-e-type=\"widget\" data-widget_type=\"text-editor.default\">\n\t\t\t\t<div class=\"elementor-widget-container\">\n\t\t\t\t\t\t\t\t\t<h4>\u00a0<\/h4><h2><span style=\"font-size: 18pt;\"><strong><b>La estructuraci\u00f3n inicial y la evoluci\u00f3n de la obra\/servicios<\/b><\/strong><\/span><\/h2><h3><span style=\"font-size: 14pt;\"><b>Del Berkana Instituto a Angelo Piovesan<\/b><\/span><\/h3><p><span style=\"font-weight: 400;\"><img decoding=\"async\" class=\"alignright size-full wp-image-7307\" src=\"https:\/\/angelopiovesan.com\/wp-content\/uploads\/2022\/10\/logo-berkana-angelo-v2.png\" alt=\"\" width=\"381\" height=\"158\" srcset=\"https:\/\/angelopiovesan.com\/wp-content\/uploads\/2022\/10\/logo-berkana-angelo-v2.png 381w, https:\/\/angelopiovesan.com\/wp-content\/uploads\/2022\/10\/logo-berkana-angelo-v2-300x124.png 300w, https:\/\/angelopiovesan.com\/wp-content\/uploads\/2022\/10\/logo-berkana-angelo-v2-16x7.png 16w, https:\/\/angelopiovesan.com\/wp-content\/uploads\/2022\/10\/logo-berkana-angelo-v2-24x10.png 24w, https:\/\/angelopiovesan.com\/wp-content\/uploads\/2022\/10\/logo-berkana-angelo-v2-36x15.png 36w, https:\/\/angelopiovesan.com\/wp-content\/uploads\/2022\/10\/logo-berkana-angelo-v2-48x20.png 48w\" sizes=\"(max-width: 381px) 100vw, 381px\" \/>Me faltaban pocos a\u00f1os para jubilarme de la universidad cuando, no pudiendo resistir m\u00e1s a las llamadas internas, y bajo la inspiraci\u00f3n del Plan Espiritual, fue urgente crear la estructura b\u00e1sica para realizar actividades de promoci\u00f3n del autoconocimiento, de la expansi\u00f3n de la conciencia y del desarrollo espiritual. En ese momento inicial, en torno al a\u00f1o 2010, todav\u00eda centrado en crear la infraestructura para los servicios que pod\u00eda prestar, cre\u00e9 el Berkana Instituto. <\/span><\/p><p><span style=\"font-weight: 400;\">La b\u00fasqueda del nombre del instituto pas\u00f3 por algunos procesos, pero se resolvi\u00f3 cuando, a\u00fan sin haber estudiado nunca el or\u00e1culo de las runas, me encontr\u00e9 con la runa Berkana, que significa <\/span><i><span style=\"font-weight: 400;\">\"del interior viene el real crecimiento\"<\/span><\/i><span style=\"font-weight: 400;\">. Esto me aport\u00f3 la claridad de aquello en lo que siempre he cre\u00eddo y que da sentido al servicio que quiero prestar: ayudar a las personas en su proceso de autoconocimiento para que, conoci\u00e9ndose cada vez m\u00e1s profundamente, puedan encontrar la verdad que habita en sus corazones, despertar su conciencia, sus dones espirituales, comulgar con la Divinidad y, asumiendo la plena responsabilidad por sus propias vidas, vivir en plenitud con la alegr\u00eda de ser lo que verdaderamente son.<\/span><\/p><p><span style=\"font-weight: 400;\">En los primeros a\u00f1os de actividad, el Berkana Instituto ofrec\u00eda, siempre conmigo a la cabeza, pero en colaboraci\u00f3n con profesionales especializados en diversas \u00e1reas, consultas individuales, presenciales y a distancia (online), cursos, talleres, conferencias, eventos gratuitos, siempre con el objetivo de ofrecer servicios de excelente calidad. Y, gracias al compromiso de todos, hemos tenido mucho \u00e9xito en este empe\u00f1o.\u00a0<\/span><span style=\"color: var( --e-global-color-text );\">Sin embargo, con el paso de los a\u00f1os, la experiencia me ha demostrado que deber\u00eda estar solo en este proceso, que cada uno tiene su misi\u00f3n en la vida, y que yo hab\u00eda creado la infraestructura para cumplir mi misi\u00f3n de servicio.\u00a0<\/span><\/p><p><span style=\"color: var( --e-global-color-text );\">Poco a poco, de forma espont\u00e1nea y armoniosa, la gente fue despidi\u00e9ndose del instituto, dejando a\u00fan m\u00e1s claro que esa era mi misi\u00f3n. Al mismo tiempo, con la llegada de la pandemia de COVID, tuve que cerrar la casa grande donde funcionaba el instituto en la ciudad de S\u00e3o Paulo, y empec\u00e9 a realizar las consultas individuales exclusivamente por internet, ya sea por videoconferencia o mediante audiodescripci\u00f3n.\u00a0<\/span><\/p><p><span style=\"color: var( --e-global-color-text );\">Me tom\u00e9 un descanso de las actividades presenciales y, cuando las retom\u00e9, fue en colaboraci\u00f3n con espacios de amigos profesionales, a menudo en los extremos geogr\u00e1ficos de la ciudad. En el a\u00f1o 2022, en un viaje de vacaciones para visitar a la familia, estuve en Marietta, una ciudad del \u00e1rea de Atlanta, capital del estado de Georgia, en Estados Unidos, y tuve la oportunidad de impartir Cursos de Reiki presenciales, y hacer consultas con el Tarot y el Tablero Radi\u00f3nico del Fuego Sagrado.\u00a0<\/span><\/p><p><span style=\"color: var( --e-global-color-text );\">De este modo, qued\u00f3 a\u00fan m\u00e1s claro que el Berkana Instituto era en realidad yo, dondequiera que estuviera, en cualquier parte del mundo, utilizando cualquiera de las lenguas que domino. As\u00ed que, ante la realidad de los hechos, y desde el punto de vista de la identidad del trabajo, era necesario hacer esta integraci\u00f3n: asumir, de forma clara e inequ\u00edvoca, que los servicios, ya sean presenciales o a distancia, son prestados exclusivamente por m\u00ed.\u00a0<\/span><\/p><p><span style=\"color: var( --e-global-color-text );\">Por eso, despu\u00e9s de a\u00f1os, el website - que se llamaba berkanainstituto - tiene ahora mi propio nombre.<\/span><\/p>\t\t\t\t\t\t\t\t<\/div>\n\t\t\t\t<\/div>\n\t\t\t\t\t<\/div>\n\t\t<\/div>\n\t\t\t\t\t<\/div>\n\t\t<\/section>\n\t\t\t\t<section class=\"elementor-section elementor-top-section elementor-element elementor-element-3671b62 elementor-section-boxed elementor-section-height-default elementor-section-height-default\" data-id=\"3671b62\" data-element_type=\"section\" data-e-type=\"section\">\n\t\t\t\t\t\t<div class=\"elementor-container elementor-column-gap-default\">\n\t\t\t\t\t<div class=\"elementor-column elementor-col-100 elementor-top-column elementor-element elementor-element-1d6591c\" data-id=\"1d6591c\" data-element_type=\"column\" data-e-type=\"column\">\n\t\t\t<div class=\"elementor-widget-wrap elementor-element-populated\">\n\t\t\t\t\t\t<div class=\"elementor-element elementor-element-fea477a elementor-widget elementor-widget-heading\" data-id=\"fea477a\" data-element_type=\"widget\" data-e-type=\"widget\" data-widget_type=\"heading.default\">\n\t\t\t\t<div class=\"elementor-widget-container\">\n\t\t\t\t\t<h2 class=\"elementor-heading-title elementor-size-default\">Testimonios<\/h2>\t\t\t\t<\/div>\n\t\t\t\t<\/div>\n\t\t\t\t<div class=\"elementor-element elementor-element-364ab0b elementor-widget elementor-widget-heading\" data-id=\"364ab0b\" data-element_type=\"widget\" data-e-type=\"widget\" data-widget_type=\"heading.default\">\n\t\t\t\t<div class=\"elementor-widget-container\">\n\t\t\t\t\t<h3 class=\"elementor-heading-title elementor-size-default\">(versi\u00f3n en espa\u00f1ol \/ con subt\u00edtulos disponible pr\u00f3ximamente)<\/h3>\t\t\t\t<\/div>\n\t\t\t\t<\/div>\n\t\t\t\t<section class=\"elementor-section elementor-inner-section elementor-element elementor-element-98dc62f elementor-section-boxed elementor-section-height-default elementor-section-height-default\" data-id=\"98dc62f\" data-element_type=\"section\" data-e-type=\"section\">\n\t\t\t\t\t\t<div class=\"elementor-container elementor-column-gap-default\">\n\t\t\t\t\t<div class=\"elementor-column elementor-col-33 elementor-inner-column elementor-element elementor-element-c269cb4\" data-id=\"c269cb4\" data-element_type=\"column\" data-e-type=\"column\" data-settings=\"{&quot;background_background&quot;:&quot;classic&quot;}\">\n\t\t\t<div class=\"elementor-widget-wrap elementor-element-populated\">\n\t\t\t\t\t\t<div class=\"elementor-element elementor-element-2cfb90e elementor-widget elementor-widget-video\" data-id=\"2cfb90e\" data-element_type=\"widget\" data-e-type=\"widget\" data-settings=\"{&quot;youtube_url&quot;:&quot;https:\\\/\\\/youtu.be\\\/fRVQ943SnxA&quot;,&quot;video_type&quot;:&quot;youtube&quot;,&quot;controls&quot;:&quot;yes&quot;}\" data-widget_type=\"video.default\">\n\t\t\t\t<div class=\"elementor-widget-container\">\n\t\t\t\t\t\t\t<div class=\"elementor-wrapper elementor-open-inline\">\n\t\t\t<div class=\"elementor-video\"><\/div>\t\t<\/div>\n\t\t\t\t\t\t<\/div>\n\t\t\t\t<\/div>\n\t\t\t\t\t<\/div>\n\t\t<\/div>\n\t\t\t\t<div class=\"elementor-column elementor-col-33 elementor-inner-column elementor-element elementor-element-da3c9e6\" data-id=\"da3c9e6\" data-element_type=\"column\" data-e-type=\"column\" data-settings=\"{&quot;background_background&quot;:&quot;classic&quot;}\">\n\t\t\t<div class=\"elementor-widget-wrap elementor-element-populated\">\n\t\t\t\t\t\t<div class=\"elementor-element elementor-element-bd33b49 elementor-widget elementor-widget-video\" data-id=\"bd33b49\" data-element_type=\"widget\" data-e-type=\"widget\" data-settings=\"{&quot;youtube_url&quot;:&quot;https:\\\/\\\/www.youtube.com\\\/watch?v=WU4cErtVa9Q&quot;,&quot;video_type&quot;:&quot;youtube&quot;,&quot;controls&quot;:&quot;yes&quot;}\" data-widget_type=\"video.default\">\n\t\t\t\t<div class=\"elementor-widget-container\">\n\t\t\t\t\t\t\t<div class=\"elementor-wrapper elementor-open-inline\">\n\t\t\t<div class=\"elementor-video\"><\/div>\t\t<\/div>\n\t\t\t\t\t\t<\/div>\n\t\t\t\t<\/div>\n\t\t\t\t\t<\/div>\n\t\t<\/div>\n\t\t\t\t<div class=\"elementor-column elementor-col-33 elementor-inner-column elementor-element elementor-element-addbf77\" data-id=\"addbf77\" data-element_type=\"column\" data-e-type=\"column\" data-settings=\"{&quot;background_background&quot;:&quot;classic&quot;}\">\n\t\t\t<div class=\"elementor-widget-wrap elementor-element-populated\">\n\t\t\t\t\t\t<div class=\"elementor-element elementor-element-0b5aae1 elementor-widget elementor-widget-video\" data-id=\"0b5aae1\" data-element_type=\"widget\" data-e-type=\"widget\" data-settings=\"{&quot;youtube_url&quot;:&quot;https:\\\/\\\/youtu.be\\\/8mcJPWXADaM&quot;,&quot;video_type&quot;:&quot;youtube&quot;,&quot;controls&quot;:&quot;yes&quot;}\" data-widget_type=\"video.default\">\n\t\t\t\t<div class=\"elementor-widget-container\">\n\t\t\t\t\t\t\t<div class=\"elementor-wrapper elementor-open-inline\">\n\t\t\t<div class=\"elementor-video\"><\/div>\t\t<\/div>\n\t\t\t\t\t\t<\/div>\n\t\t\t\t<\/div>\n\t\t\t\t\t<\/div>\n\t\t<\/div>\n\t\t\t\t\t<\/div>\n\t\t<\/section>\n\t\t\t\t\t<\/div>\n\t\t<\/div>\n\t\t\t\t\t<\/div>\n\t\t<\/section>\n\t\t\t\t<\/div>","protected":false},"excerpt":{"rendered":"<p>Quem Somos Angelo Piovesan Tem coisas que vivemos ainda crian\u00e7as e n\u00e3o percebemos, com a necess\u00e1ria clareza, o que estava ocorrendo na ocasi\u00e3o. Por um lado, eu sempre fui um menino super estudioso e dedicado, o melhor aluno da turma, de pensamento r\u00e1pido e palavras que sempre flu\u00edam com clareza \u2013 diziam que eu era [&hellip;]<\/p>\n","protected":false},"author":4,"featured_media":3372,"parent":0,"menu_order":0,"comment_status":"closed","ping_status":"closed","template":"elementor_header_footer","meta":{"footnotes":""},"class_list":["post-3368","page","type-page","status-publish","has-post-thumbnail","hentry"],"publishpress_future_action":{"enabled":false,"date":"2026-04-30 11:45:58","action":"change-status","newStatus":"draft","terms":[],"taxonomy":"","extraData":[]},"publishpress_future_workflow_manual_trigger":{"enabledWorkflows":[]},"_links":{"self":[{"href":"https:\/\/angelopiovesan.com\/es\/wp-json\/wp\/v2\/pages\/3368","targetHints":{"allow":["GET"]}}],"collection":[{"href":"https:\/\/angelopiovesan.com\/es\/wp-json\/wp\/v2\/pages"}],"about":[{"href":"https:\/\/angelopiovesan.com\/es\/wp-json\/wp\/v2\/types\/page"}],"author":[{"embeddable":true,"href":"https:\/\/angelopiovesan.com\/es\/wp-json\/wp\/v2\/users\/4"}],"replies":[{"embeddable":true,"href":"https:\/\/angelopiovesan.com\/es\/wp-json\/wp\/v2\/comments?post=3368"}],"version-history":[{"count":47,"href":"https:\/\/angelopiovesan.com\/es\/wp-json\/wp\/v2\/pages\/3368\/revisions"}],"predecessor-version":[{"id":8579,"href":"https:\/\/angelopiovesan.com\/es\/wp-json\/wp\/v2\/pages\/3368\/revisions\/8579"}],"wp:featuredmedia":[{"embeddable":true,"href":"https:\/\/angelopiovesan.com\/es\/wp-json\/wp\/v2\/media\/3372"}],"wp:attachment":[{"href":"https:\/\/angelopiovesan.com\/es\/wp-json\/wp\/v2\/media?parent=3368"}],"curies":[{"name":"wp","href":"https:\/\/api.w.org\/{rel}","templated":true}]}}