{"id":4231,"date":"2019-02-20T16:49:00","date_gmt":"2019-02-20T19:49:00","guid":{"rendered":"http:\/\/berkanainstituto.com.br\/?page_id=4231"},"modified":"2022-11-18T12:03:38","modified_gmt":"2022-11-18T15:03:38","slug":"curso-de-mesa-radionica-do-fogo-sagrado-nivel-ii-sao-paulo-sp-03-02-2019","status":"publish","type":"page","link":"https:\/\/angelopiovesan.com\/es\/fotos\/curso-de-mesa-radionica-do-fogo-sagrado-nivel-ii-sao-paulo-sp-03-02-2019\/","title":{"rendered":"Curso de Mesa Radi\u00f4nica do Fogo Sagrado N\u00edvel II (S\u00e3o Paulo &#8211; SP) &#8211; 03\/02\/2019"},"content":{"rendered":"<div data-elementor-type=\"wp-post\" data-elementor-id=\"4231\" class=\"elementor elementor-4231\">\n\t\t\t\t\t\t<section class=\"elementor-section elementor-top-section elementor-element elementor-element-d87aec1 elementor-section-boxed elementor-section-height-default elementor-section-height-default\" data-id=\"d87aec1\" data-element_type=\"section\" data-e-type=\"section\">\n\t\t\t\t\t\t<div class=\"elementor-container elementor-column-gap-default\">\n\t\t\t\t\t<div class=\"elementor-column elementor-col-100 elementor-top-column elementor-element elementor-element-f3858db\" data-id=\"f3858db\" data-element_type=\"column\" data-e-type=\"column\">\n\t\t\t<div class=\"elementor-widget-wrap elementor-element-populated\">\n\t\t\t\t\t\t<div class=\"elementor-element elementor-element-7cca0d1 elementor-widget elementor-widget-heading\" data-id=\"7cca0d1\" data-element_type=\"widget\" data-e-type=\"widget\" data-widget_type=\"heading.default\">\n\t\t\t\t<div class=\"elementor-widget-container\">\n\t\t\t\t\t<h1 class=\"elementor-heading-title elementor-size-default\">Curso del Tablero Radi\u00f3nico del Fuego Sagrado N\u00edvel II (S\u00e3o Paulo - SP) - 03\/02\/2019<br><br><\/h1>\t\t\t\t<\/div>\n\t\t\t\t<\/div>\n\t\t\t\t\t<\/div>\n\t\t<\/div>\n\t\t\t\t\t<\/div>\n\t\t<\/section>\n\t\t\t\t<section class=\"elementor-section elementor-top-section elementor-element elementor-element-67b604b elementor-section-boxed elementor-section-height-default elementor-section-height-default\" data-id=\"67b604b\" data-element_type=\"section\" data-e-type=\"section\">\n\t\t\t\t\t\t<div class=\"elementor-container elementor-column-gap-default\">\n\t\t\t\t\t<div class=\"elementor-column elementor-col-100 elementor-top-column elementor-element elementor-element-db70e1c\" data-id=\"db70e1c\" data-element_type=\"column\" data-e-type=\"column\">\n\t\t\t<div class=\"elementor-widget-wrap elementor-element-populated\">\n\t\t\t\t\t\t<div class=\"elementor-element elementor-element-cef3bc5 elementor-widget elementor-widget-image-gallery\" data-id=\"cef3bc5\" data-element_type=\"widget\" data-e-type=\"widget\" data-widget_type=\"image-gallery.default\">\n\t\t\t\t<div class=\"elementor-widget-container\">\n\t\t\t\t\t\t\t<div class=\"elementor-image-gallery\">\n\t\t\t<div id='gallery-1' class='gallery galleryid-4231 gallery-columns-5 gallery-size-medium'><figure class='gallery-item'>\n\t\t\t<div class='gallery-icon landscape'>\n\t\t\t\t<a data-elementor-open-lightbox=\"yes\" data-elementor-lightbox-slideshow=\"cef3bc5\" data-elementor-lightbox-title=\"mesa-radionica-nivel2-03-02-2019 (4)\" data-e-action-hash=\"#elementor-action%3Aaction%3Dlightbox%26settings%3DeyJpZCI6NDIzNiwidXJsIjoiaHR0cHM6XC9cL2FuZ2Vsb3Bpb3Zlc2FuLmNvbVwvd3AtY29udGVudFwvdXBsb2Fkc1wvMjAxOVwvMDJcL21lc2EtcmFkaW9uaWNhLW5pdmVsMi0wMy0wMi0yMDE5LTQuanBnIiwic2xpZGVzaG93IjoiY2VmM2JjNSJ9\" href='https:\/\/angelopiovesan.com\/wp-content\/uploads\/2019\/02\/mesa-radionica-nivel2-03-02-2019-4.jpg'><img fetchpriority=\"high\" decoding=\"async\" width=\"300\" height=\"218\" src=\"https:\/\/angelopiovesan.com\/wp-content\/uploads\/2019\/02\/mesa-radionica-nivel2-03-02-2019-4-300x218.jpg\" class=\"attachment-medium size-medium\" alt=\"\" srcset=\"https:\/\/angelopiovesan.com\/wp-content\/uploads\/2019\/02\/mesa-radionica-nivel2-03-02-2019-4-300x218.jpg 300w, https:\/\/angelopiovesan.com\/wp-content\/uploads\/2019\/02\/mesa-radionica-nivel2-03-02-2019-4.jpg 600w\" sizes=\"(max-width: 300px) 100vw, 300px\" \/><\/a>\n\t\t\t<\/div><\/figure><figure class='gallery-item'>\n\t\t\t<div class='gallery-icon landscape'>\n\t\t\t\t<a data-elementor-open-lightbox=\"yes\" data-elementor-lightbox-slideshow=\"cef3bc5\" data-elementor-lightbox-title=\"mesa-radionica-nivel2-03-02-2019 (5)\" data-e-action-hash=\"#elementor-action%3Aaction%3Dlightbox%26settings%3DeyJpZCI6NDIzNywidXJsIjoiaHR0cHM6XC9cL2FuZ2Vsb3Bpb3Zlc2FuLmNvbVwvd3AtY29udGVudFwvdXBsb2Fkc1wvMjAxOVwvMDJcL21lc2EtcmFkaW9uaWNhLW5pdmVsMi0wMy0wMi0yMDE5LTUuanBnIiwic2xpZGVzaG93IjoiY2VmM2JjNSJ9\" href='https:\/\/angelopiovesan.com\/wp-content\/uploads\/2019\/02\/mesa-radionica-nivel2-03-02-2019-5.jpg'><img decoding=\"async\" width=\"300\" height=\"218\" src=\"https:\/\/angelopiovesan.com\/wp-content\/uploads\/2019\/02\/mesa-radionica-nivel2-03-02-2019-5-300x218.jpg\" class=\"attachment-medium size-medium\" alt=\"\" srcset=\"https:\/\/angelopiovesan.com\/wp-content\/uploads\/2019\/02\/mesa-radionica-nivel2-03-02-2019-5-300x218.jpg 300w, https:\/\/angelopiovesan.com\/wp-content\/uploads\/2019\/02\/mesa-radionica-nivel2-03-02-2019-5.jpg 600w\" sizes=\"(max-width: 300px) 100vw, 300px\" \/><\/a>\n\t\t\t<\/div><\/figure><figure class='gallery-item'>\n\t\t\t<div class='gallery-icon landscape'>\n\t\t\t\t<a data-elementor-open-lightbox=\"yes\" data-elementor-lightbox-slideshow=\"cef3bc5\" data-elementor-lightbox-title=\"mesa-radionica-nivel2-03-02-2019 (6)\" data-e-action-hash=\"#elementor-action%3Aaction%3Dlightbox%26settings%3DeyJpZCI6NDIzOCwidXJsIjoiaHR0cHM6XC9cL2FuZ2Vsb3Bpb3Zlc2FuLmNvbVwvd3AtY29udGVudFwvdXBsb2Fkc1wvMjAxOVwvMDJcL21lc2EtcmFkaW9uaWNhLW5pdmVsMi0wMy0wMi0yMDE5LTYuanBnIiwic2xpZGVzaG93IjoiY2VmM2JjNSJ9\" href='https:\/\/angelopiovesan.com\/wp-content\/uploads\/2019\/02\/mesa-radionica-nivel2-03-02-2019-6.jpg'><img decoding=\"async\" width=\"300\" height=\"218\" src=\"https:\/\/angelopiovesan.com\/wp-content\/uploads\/2019\/02\/mesa-radionica-nivel2-03-02-2019-6-300x218.jpg\" class=\"attachment-medium size-medium\" alt=\"\" srcset=\"https:\/\/angelopiovesan.com\/wp-content\/uploads\/2019\/02\/mesa-radionica-nivel2-03-02-2019-6-300x218.jpg 300w, https:\/\/angelopiovesan.com\/wp-content\/uploads\/2019\/02\/mesa-radionica-nivel2-03-02-2019-6.jpg 600w\" sizes=\"(max-width: 300px) 100vw, 300px\" \/><\/a>\n\t\t\t<\/div><\/figure><figure class='gallery-item'>\n\t\t\t<div class='gallery-icon landscape'>\n\t\t\t\t<a data-elementor-open-lightbox=\"yes\" data-elementor-lightbox-slideshow=\"cef3bc5\" data-elementor-lightbox-title=\"mesa-radionica-nivel2-03-02-2019 (1)\" data-e-action-hash=\"#elementor-action%3Aaction%3Dlightbox%26settings%3DeyJpZCI6NDIzMywidXJsIjoiaHR0cHM6XC9cL2FuZ2Vsb3Bpb3Zlc2FuLmNvbVwvd3AtY29udGVudFwvdXBsb2Fkc1wvMjAxOVwvMDJcL21lc2EtcmFkaW9uaWNhLW5pdmVsMi0wMy0wMi0yMDE5LTEuanBnIiwic2xpZGVzaG93IjoiY2VmM2JjNSJ9\" href='https:\/\/angelopiovesan.com\/wp-content\/uploads\/2019\/02\/mesa-radionica-nivel2-03-02-2019-1.jpg'><img loading=\"lazy\" decoding=\"async\" width=\"300\" height=\"218\" src=\"https:\/\/angelopiovesan.com\/wp-content\/uploads\/2019\/02\/mesa-radionica-nivel2-03-02-2019-1-300x218.jpg\" class=\"attachment-medium size-medium\" alt=\"\" srcset=\"https:\/\/angelopiovesan.com\/wp-content\/uploads\/2019\/02\/mesa-radionica-nivel2-03-02-2019-1-300x218.jpg 300w, https:\/\/angelopiovesan.com\/wp-content\/uploads\/2019\/02\/mesa-radionica-nivel2-03-02-2019-1.jpg 600w\" sizes=\"(max-width: 300px) 100vw, 300px\" \/><\/a>\n\t\t\t<\/div><\/figure><figure class='gallery-item'>\n\t\t\t<div class='gallery-icon landscape'>\n\t\t\t\t<a data-elementor-open-lightbox=\"yes\" data-elementor-lightbox-slideshow=\"cef3bc5\" data-elementor-lightbox-title=\"mesa-radionica-nivel2-03-02-2019 (2)\" data-e-action-hash=\"#elementor-action%3Aaction%3Dlightbox%26settings%3DeyJpZCI6NDIzNCwidXJsIjoiaHR0cHM6XC9cL2FuZ2Vsb3Bpb3Zlc2FuLmNvbVwvd3AtY29udGVudFwvdXBsb2Fkc1wvMjAxOVwvMDJcL21lc2EtcmFkaW9uaWNhLW5pdmVsMi0wMy0wMi0yMDE5LTIuanBnIiwic2xpZGVzaG93IjoiY2VmM2JjNSJ9\" href='https:\/\/angelopiovesan.com\/wp-content\/uploads\/2019\/02\/mesa-radionica-nivel2-03-02-2019-2.jpg'><img loading=\"lazy\" decoding=\"async\" width=\"300\" height=\"218\" src=\"https:\/\/angelopiovesan.com\/wp-content\/uploads\/2019\/02\/mesa-radionica-nivel2-03-02-2019-2-300x218.jpg\" class=\"attachment-medium size-medium\" alt=\"\" srcset=\"https:\/\/angelopiovesan.com\/wp-content\/uploads\/2019\/02\/mesa-radionica-nivel2-03-02-2019-2-300x218.jpg 300w, https:\/\/angelopiovesan.com\/wp-content\/uploads\/2019\/02\/mesa-radionica-nivel2-03-02-2019-2.jpg 600w\" sizes=\"(max-width: 300px) 100vw, 300px\" \/><\/a>\n\t\t\t<\/div><\/figure><figure class='gallery-item'>\n\t\t\t<div class='gallery-icon landscape'>\n\t\t\t\t<a data-elementor-open-lightbox=\"yes\" data-elementor-lightbox-slideshow=\"cef3bc5\" data-elementor-lightbox-title=\"mesa-radionica-nivel2-03-02-2019 (7)\" data-e-action-hash=\"#elementor-action%3Aaction%3Dlightbox%26settings%3DeyJpZCI6NDIzOSwidXJsIjoiaHR0cHM6XC9cL2FuZ2Vsb3Bpb3Zlc2FuLmNvbVwvd3AtY29udGVudFwvdXBsb2Fkc1wvMjAxOVwvMDJcL21lc2EtcmFkaW9uaWNhLW5pdmVsMi0wMy0wMi0yMDE5LTcuanBnIiwic2xpZGVzaG93IjoiY2VmM2JjNSJ9\" href='https:\/\/angelopiovesan.com\/wp-content\/uploads\/2019\/02\/mesa-radionica-nivel2-03-02-2019-7.jpg'><img loading=\"lazy\" decoding=\"async\" width=\"300\" height=\"218\" src=\"https:\/\/angelopiovesan.com\/wp-content\/uploads\/2019\/02\/mesa-radionica-nivel2-03-02-2019-7-300x218.jpg\" class=\"attachment-medium size-medium\" alt=\"\" srcset=\"https:\/\/angelopiovesan.com\/wp-content\/uploads\/2019\/02\/mesa-radionica-nivel2-03-02-2019-7-300x218.jpg 300w, https:\/\/angelopiovesan.com\/wp-content\/uploads\/2019\/02\/mesa-radionica-nivel2-03-02-2019-7.jpg 600w\" sizes=\"(max-width: 300px) 100vw, 300px\" \/><\/a>\n\t\t\t<\/div><\/figure><figure class='gallery-item'>\n\t\t\t<div class='gallery-icon landscape'>\n\t\t\t\t<a data-elementor-open-lightbox=\"yes\" data-elementor-lightbox-slideshow=\"cef3bc5\" data-elementor-lightbox-title=\"mesa-radionica-nivel2-03-02-2019 (8)\" data-e-action-hash=\"#elementor-action%3Aaction%3Dlightbox%26settings%3DeyJpZCI6NDI0MCwidXJsIjoiaHR0cHM6XC9cL2FuZ2Vsb3Bpb3Zlc2FuLmNvbVwvd3AtY29udGVudFwvdXBsb2Fkc1wvMjAxOVwvMDJcL21lc2EtcmFkaW9uaWNhLW5pdmVsMi0wMy0wMi0yMDE5LTguanBnIiwic2xpZGVzaG93IjoiY2VmM2JjNSJ9\" href='https:\/\/angelopiovesan.com\/wp-content\/uploads\/2019\/02\/mesa-radionica-nivel2-03-02-2019-8.jpg'><img loading=\"lazy\" decoding=\"async\" width=\"300\" height=\"218\" src=\"https:\/\/angelopiovesan.com\/wp-content\/uploads\/2019\/02\/mesa-radionica-nivel2-03-02-2019-8-300x218.jpg\" class=\"attachment-medium size-medium\" alt=\"\" srcset=\"https:\/\/angelopiovesan.com\/wp-content\/uploads\/2019\/02\/mesa-radionica-nivel2-03-02-2019-8-300x218.jpg 300w, https:\/\/angelopiovesan.com\/wp-content\/uploads\/2019\/02\/mesa-radionica-nivel2-03-02-2019-8.jpg 600w\" sizes=\"(max-width: 300px) 100vw, 300px\" \/><\/a>\n\t\t\t<\/div><\/figure><figure class='gallery-item'>\n\t\t\t<div class='gallery-icon landscape'>\n\t\t\t\t<a data-elementor-open-lightbox=\"yes\" data-elementor-lightbox-slideshow=\"cef3bc5\" data-elementor-lightbox-title=\"mesa-radionica-nivel2-03-02-2019 (9)\" data-e-action-hash=\"#elementor-action%3Aaction%3Dlightbox%26settings%3DeyJpZCI6NDI0MSwidXJsIjoiaHR0cHM6XC9cL2FuZ2Vsb3Bpb3Zlc2FuLmNvbVwvd3AtY29udGVudFwvdXBsb2Fkc1wvMjAxOVwvMDJcL21lc2EtcmFkaW9uaWNhLW5pdmVsMi0wMy0wMi0yMDE5LTkuanBnIiwic2xpZGVzaG93IjoiY2VmM2JjNSJ9\" href='https:\/\/angelopiovesan.com\/wp-content\/uploads\/2019\/02\/mesa-radionica-nivel2-03-02-2019-9.jpg'><img loading=\"lazy\" decoding=\"async\" width=\"300\" height=\"218\" src=\"https:\/\/angelopiovesan.com\/wp-content\/uploads\/2019\/02\/mesa-radionica-nivel2-03-02-2019-9-300x218.jpg\" class=\"attachment-medium size-medium\" alt=\"\" srcset=\"https:\/\/angelopiovesan.com\/wp-content\/uploads\/2019\/02\/mesa-radionica-nivel2-03-02-2019-9-300x218.jpg 300w, https:\/\/angelopiovesan.com\/wp-content\/uploads\/2019\/02\/mesa-radionica-nivel2-03-02-2019-9.jpg 600w\" sizes=\"(max-width: 300px) 100vw, 300px\" \/><\/a>\n\t\t\t<\/div><\/figure><figure class='gallery-item'>\n\t\t\t<div class='gallery-icon landscape'>\n\t\t\t\t<a data-elementor-open-lightbox=\"yes\" data-elementor-lightbox-slideshow=\"cef3bc5\" data-elementor-lightbox-title=\"mesa-radionica-nivel2-03-02-2019 (10)\" data-e-action-hash=\"#elementor-action%3Aaction%3Dlightbox%26settings%3DeyJpZCI6NDI0MiwidXJsIjoiaHR0cHM6XC9cL2FuZ2Vsb3Bpb3Zlc2FuLmNvbVwvd3AtY29udGVudFwvdXBsb2Fkc1wvMjAxOVwvMDJcL21lc2EtcmFkaW9uaWNhLW5pdmVsMi0wMy0wMi0yMDE5LTEwLmpwZyIsInNsaWRlc2hvdyI6ImNlZjNiYzUifQ%3D%3D\" href='https:\/\/angelopiovesan.com\/wp-content\/uploads\/2019\/02\/mesa-radionica-nivel2-03-02-2019-10.jpg'><img loading=\"lazy\" decoding=\"async\" width=\"300\" height=\"218\" src=\"https:\/\/angelopiovesan.com\/wp-content\/uploads\/2019\/02\/mesa-radionica-nivel2-03-02-2019-10-300x218.jpg\" class=\"attachment-medium size-medium\" alt=\"\" srcset=\"https:\/\/angelopiovesan.com\/wp-content\/uploads\/2019\/02\/mesa-radionica-nivel2-03-02-2019-10-300x218.jpg 300w, https:\/\/angelopiovesan.com\/wp-content\/uploads\/2019\/02\/mesa-radionica-nivel2-03-02-2019-10.jpg 600w\" sizes=\"(max-width: 300px) 100vw, 300px\" \/><\/a>\n\t\t\t<\/div><\/figure>\n\t\t<\/div>\n\t\t<\/div>\n\t\t\t\t\t\t<\/div>\n\t\t\t\t<\/div>\n\t\t\t\t\t<\/div>\n\t\t<\/div>\n\t\t\t\t\t<\/div>\n\t\t<\/section>\n\t\t\t\t<\/div>","protected":false},"excerpt":{"rendered":"<p>Curso de Mesa Radi\u00f4nica do Fogo Sagrado N\u00edvel II (S\u00e3o Paulo &#8211; SP) &#8211; 03\/02\/2019<\/p>","protected":false},"author":4,"featured_media":3350,"parent":3245,"menu_order":0,"comment_status":"closed","ping_status":"closed","template":"elementor_header_footer","meta":{"footnotes":""},"class_list":["post-4231","page","type-page","status-publish","has-post-thumbnail","hentry"],"publishpress_future_action":{"enabled":false,"date":"2026-04-30 13:05:32","action":"change-status","newStatus":"draft","terms":[],"taxonomy":"","extraData":[]},"publishpress_future_workflow_manual_trigger":{"enabledWorkflows":[]},"_links":{"self":[{"href":"https:\/\/angelopiovesan.com\/es\/wp-json\/wp\/v2\/pages\/4231","targetHints":{"allow":["GET"]}}],"collection":[{"href":"https:\/\/angelopiovesan.com\/es\/wp-json\/wp\/v2\/pages"}],"about":[{"href":"https:\/\/angelopiovesan.com\/es\/wp-json\/wp\/v2\/types\/page"}],"author":[{"embeddable":true,"href":"https:\/\/angelopiovesan.com\/es\/wp-json\/wp\/v2\/users\/4"}],"replies":[{"embeddable":true,"href":"https:\/\/angelopiovesan.com\/es\/wp-json\/wp\/v2\/comments?post=4231"}],"version-history":[{"count":10,"href":"https:\/\/angelopiovesan.com\/es\/wp-json\/wp\/v2\/pages\/4231\/revisions"}],"predecessor-version":[{"id":7613,"href":"https:\/\/angelopiovesan.com\/es\/wp-json\/wp\/v2\/pages\/4231\/revisions\/7613"}],"up":[{"embeddable":true,"href":"https:\/\/angelopiovesan.com\/es\/wp-json\/wp\/v2\/pages\/3245"}],"wp:featuredmedia":[{"embeddable":true,"href":"https:\/\/angelopiovesan.com\/es\/wp-json\/wp\/v2\/media\/3350"}],"wp:attachment":[{"href":"https:\/\/angelopiovesan.com\/es\/wp-json\/wp\/v2\/media?parent=4231"}],"curies":[{"name":"wp","href":"https:\/\/api.w.org\/{rel}","templated":true}]}}