{"id":6512,"date":"2021-10-01T06:52:17","date_gmt":"2021-10-01T09:52:17","guid":{"rendered":"http:\/\/berkanainstituto.com.br\/?page_id=6512"},"modified":"2024-08-02T10:41:11","modified_gmt":"2024-08-02T13:41:11","slug":"sesiones","status":"publish","type":"page","link":"https:\/\/angelopiovesan.com\/es\/consultas\/","title":{"rendered":"Sesiones"},"content":{"rendered":"<div data-elementor-type=\"wp-post\" data-elementor-id=\"6512\" class=\"elementor elementor-6512\">\n\t\t\t\t\t\t<section class=\"elementor-section elementor-top-section elementor-element elementor-element-d87aec1 elementor-section-boxed elementor-section-height-default elementor-section-height-default\" data-id=\"d87aec1\" data-element_type=\"section\" data-e-type=\"section\">\n\t\t\t\t\t\t<div class=\"elementor-container elementor-column-gap-default\">\n\t\t\t\t\t<div class=\"elementor-column elementor-col-100 elementor-top-column elementor-element elementor-element-f3858db\" data-id=\"f3858db\" data-element_type=\"column\" data-e-type=\"column\">\n\t\t\t<div class=\"elementor-widget-wrap elementor-element-populated\">\n\t\t\t\t\t\t<div class=\"elementor-element elementor-element-7cca0d1 elementor-widget elementor-widget-heading\" data-id=\"7cca0d1\" data-element_type=\"widget\" data-e-type=\"widget\" data-widget_type=\"heading.default\">\n\t\t\t\t<div class=\"elementor-widget-container\">\n\t\t\t\t\t<h1 class=\"elementor-heading-title elementor-size-default\">Sesiones<\/h1>\t\t\t\t<\/div>\n\t\t\t\t<\/div>\n\t\t\t\t<div class=\"elementor-element elementor-element-3cd6f98 elementor-widget elementor-widget-heading\" data-id=\"3cd6f98\" data-element_type=\"widget\" data-e-type=\"widget\" data-widget_type=\"heading.default\">\n\t\t\t\t<div class=\"elementor-widget-container\">\n\t\t\t\t\t<h3 class=\"elementor-heading-title elementor-size-default\">Para ayudarle en el proceso inseparable de autoconocimiento y crecimiento espiritual<\/h3>\t\t\t\t<\/div>\n\t\t\t\t<\/div>\n\t\t\t\t\t<\/div>\n\t\t<\/div>\n\t\t\t\t\t<\/div>\n\t\t<\/section>\n\t\t\t\t<section class=\"elementor-section elementor-top-section elementor-element elementor-element-0f8c535 elementor-section-boxed elementor-section-height-default elementor-section-height-default\" data-id=\"0f8c535\" data-element_type=\"section\" data-e-type=\"section\">\n\t\t\t\t\t\t<div class=\"elementor-container elementor-column-gap-default\">\n\t\t\t\t\t<div class=\"elementor-column elementor-col-50 elementor-top-column elementor-element elementor-element-ed2589b\" data-id=\"ed2589b\" data-element_type=\"column\" data-e-type=\"column\">\n\t\t\t<div class=\"elementor-widget-wrap elementor-element-populated\">\n\t\t\t\t\t\t<div class=\"elementor-element elementor-element-437f9c1 elementor-widget elementor-widget-heading\" data-id=\"437f9c1\" data-element_type=\"widget\" data-e-type=\"widget\" data-widget_type=\"heading.default\">\n\t\t\t\t<div class=\"elementor-widget-container\">\n\t\t\t\t\t<h2 class=\"elementor-heading-title elementor-size-default\">Tablero Radi\u00f3nico del Fuego Sagrado<\/h2>\t\t\t\t<\/div>\n\t\t\t\t<\/div>\n\t\t\t\t<div class=\"elementor-element elementor-element-230e5a1 elementor-widget elementor-widget-image\" data-id=\"230e5a1\" data-element_type=\"widget\" data-e-type=\"widget\" data-widget_type=\"image.default\">\n\t\t\t\t<div class=\"elementor-widget-container\">\n\t\t\t\t\t\t\t\t\t\t\t\t\t\t\t<img decoding=\"async\" src=\"https:\/\/angelopiovesan.com\/wp-content\/uploads\/elementor\/thumbs\/Mesa-Radi\u00f4nica-do-Fogo-Sagrado-1-pvc5wyv5c232p4hsywikmyk8uuotld3sjv7bzp90jk.jpg\" title=\"Mesa Radi\u00f4nica do Fogo Sagrado 1\" alt=\"El Tablero Radi\u00f3nico del Fuego Sagrado trabaja sobre los cuerpos f\u00edsico, emocional, mental y espiritual.\" loading=\"lazy\" \/>\t\t\t\t\t\t\t\t\t\t\t\t\t\t\t<\/div>\n\t\t\t\t<\/div>\n\t\t\t\t<div class=\"elementor-element elementor-element-d45b844 elementor-widget elementor-widget-text-editor\" data-id=\"d45b844\" data-element_type=\"widget\" data-e-type=\"widget\" data-widget_type=\"text-editor.default\">\n\t\t\t\t<div class=\"elementor-widget-container\">\n\t\t\t\t\t\t\t\t\t<p>El Tablero Radi\u00f3nico del Fuego Sagrado es una herramienta de sanaci\u00f3n basada en las ense\u00f1anzas de la Geometr\u00eda Sagrada, la Radiestesia, la Geobiolog\u00eda, el Feng Shui y la Gran Hermandad Blanca, con los Doce Rayos de la Creaci\u00f3n y los Maestros Ascendidos, Arc\u00e1ngeles y Elohim.<\/p>\t\t\t\t\t\t\t\t<\/div>\n\t\t\t\t<\/div>\n\t\t\t\t<div class=\"elementor-element elementor-element-72a33a6 elementor-align-left elementor-widget elementor-widget-button\" data-id=\"72a33a6\" data-element_type=\"widget\" data-e-type=\"widget\" data-widget_type=\"button.default\">\n\t\t\t\t<div class=\"elementor-widget-container\">\n\t\t\t\t\t\t\t\t\t<div class=\"elementor-button-wrapper\">\n\t\t\t\t\t<a class=\"elementor-button elementor-button-link elementor-size-sm\" href=\"https:\/\/angelopiovesan.com\/es\/sesion-com-el-tablero-radionico-del-fuego-sagrado\/\">\n\t\t\t\t\t\t<span class=\"elementor-button-content-wrapper\">\n\t\t\t\t\t\t\t\t\t<span class=\"elementor-button-text\">Para saber m\u00e1s<\/span>\n\t\t\t\t\t<\/span>\n\t\t\t\t\t<\/a>\n\t\t\t\t<\/div>\n\t\t\t\t\t\t\t\t<\/div>\n\t\t\t\t<\/div>\n\t\t\t\t\t<\/div>\n\t\t<\/div>\n\t\t\t\t<div class=\"elementor-column elementor-col-50 elementor-top-column elementor-element elementor-element-82d86a0\" data-id=\"82d86a0\" data-element_type=\"column\" data-e-type=\"column\">\n\t\t\t<div class=\"elementor-widget-wrap elementor-element-populated\">\n\t\t\t\t\t\t<div class=\"elementor-element elementor-element-978c3b2 elementor-widget elementor-widget-heading\" data-id=\"978c3b2\" data-element_type=\"widget\" data-e-type=\"widget\" data-widget_type=\"heading.default\">\n\t\t\t\t<div class=\"elementor-widget-container\">\n\t\t\t\t\t<h2 class=\"elementor-heading-title elementor-size-default\">Tarot<\/h2>\t\t\t\t<\/div>\n\t\t\t\t<\/div>\n\t\t\t\t<div class=\"elementor-element elementor-element-952f378 elementor-widget elementor-widget-image\" data-id=\"952f378\" data-element_type=\"widget\" data-e-type=\"widget\" data-widget_type=\"image.default\">\n\t\t\t\t<div class=\"elementor-widget-container\">\n\t\t\t\t\t\t\t\t\t\t\t\t\t\t\t<img decoding=\"async\" src=\"https:\/\/angelopiovesan.com\/wp-content\/uploads\/elementor\/thumbs\/tarot-2022-pvc5wsaa07u2furd1bo6ni80p5l93hdo6ymxmrirr4.jpg\" title=\"tarot-2022\" alt=\"tarot-2022\" loading=\"lazy\" \/>\t\t\t\t\t\t\t\t\t\t\t\t\t\t\t<\/div>\n\t\t\t\t<\/div>\n\t\t\t\t<div class=\"elementor-element elementor-element-8baa080 elementor-widget elementor-widget-text-editor\" data-id=\"8baa080\" data-element_type=\"widget\" data-e-type=\"widget\" data-widget_type=\"text-editor.default\">\n\t\t\t\t<div class=\"elementor-widget-container\">\n\t\t\t\t\t\t\t\t\t<p>El Tarot es un or\u00e1culo - de car\u00e1cter divinatorio y no adivinatorio - que puede alumbrar aspectos importantes de la vida de la persona. En una Sesion de Tarot, se ayuda a la persona consultante a afrontar sus problemas, a resolver sus dudas y a tomar decisiones, lo que le permite desentra\u00f1ar y comprender su trayectoria de vida.<\/p>\t\t\t\t\t\t\t\t<\/div>\n\t\t\t\t<\/div>\n\t\t\t\t<div class=\"elementor-element elementor-element-d5a48db elementor-align-left elementor-widget elementor-widget-button\" data-id=\"d5a48db\" data-element_type=\"widget\" data-e-type=\"widget\" data-widget_type=\"button.default\">\n\t\t\t\t<div class=\"elementor-widget-container\">\n\t\t\t\t\t\t\t\t\t<div class=\"elementor-button-wrapper\">\n\t\t\t\t\t<a class=\"elementor-button elementor-button-link elementor-size-sm\" href=\"https:\/\/angelopiovesan.com\/es\/consulta-del-tarot\/\">\n\t\t\t\t\t\t<span class=\"elementor-button-content-wrapper\">\n\t\t\t\t\t\t\t\t\t<span class=\"elementor-button-text\">Para saber m\u00e1s<\/span>\n\t\t\t\t\t<\/span>\n\t\t\t\t\t<\/a>\n\t\t\t\t<\/div>\n\t\t\t\t\t\t\t\t<\/div>\n\t\t\t\t<\/div>\n\t\t\t\t\t<\/div>\n\t\t<\/div>\n\t\t\t\t\t<\/div>\n\t\t<\/section>\n\t\t\t\t<section class=\"elementor-section elementor-top-section elementor-element elementor-element-5709bd2 elementor-section-boxed elementor-section-height-default elementor-section-height-default\" data-id=\"5709bd2\" data-element_type=\"section\" data-e-type=\"section\">\n\t\t\t\t\t\t<div class=\"elementor-container elementor-column-gap-default\">\n\t\t\t\t\t<div class=\"elementor-column elementor-col-50 elementor-top-column elementor-element elementor-element-4f14310\" data-id=\"4f14310\" data-element_type=\"column\" data-e-type=\"column\">\n\t\t\t<div class=\"elementor-widget-wrap elementor-element-populated\">\n\t\t\t\t\t\t<div class=\"elementor-element elementor-element-984a112 elementor-widget elementor-widget-heading\" data-id=\"984a112\" data-element_type=\"widget\" data-e-type=\"widget\" data-widget_type=\"heading.default\">\n\t\t\t\t<div class=\"elementor-widget-container\">\n\t\t\t\t\t<h2 class=\"elementor-heading-title elementor-size-default\">Feng Shui para Hogares y Negocios<\/h2>\t\t\t\t<\/div>\n\t\t\t\t<\/div>\n\t\t\t\t<div class=\"elementor-element elementor-element-a98f48f elementor-widget elementor-widget-image\" data-id=\"a98f48f\" data-element_type=\"widget\" data-e-type=\"widget\" data-widget_type=\"image.default\">\n\t\t\t\t<div class=\"elementor-widget-container\">\n\t\t\t\t\t\t\t\t\t\t\t\t\t\t\t<img decoding=\"async\" src=\"https:\/\/angelopiovesan.com\/wp-content\/uploads\/elementor\/thumbs\/feng-shui-consultoria-consultas-pvc5wsaa07u28hl4aka9d8gpw7t0dtnrd86k0fnmdc.png\" title=\"feng-shui-consultoria-consultas\" alt=\"feng-shui-consultoria-consultas\" loading=\"lazy\" \/>\t\t\t\t\t\t\t\t\t\t\t\t\t\t\t<\/div>\n\t\t\t\t<\/div>\n\t\t\t\t<div class=\"elementor-element elementor-element-12c2c24 elementor-widget elementor-widget-text-editor\" data-id=\"12c2c24\" data-element_type=\"widget\" data-e-type=\"widget\" data-widget_type=\"text-editor.default\">\n\t\t\t\t<div class=\"elementor-widget-container\">\n\t\t\t\t\t\t\t\t\t<p>El Feng Shui es una antigua pr\u00e1ctica china que organiza los cinco elementos de la naturaleza para que la energ\u00eda vital fluya de forma equilibrada, aportando armon\u00eda a los ambientes. La consultor\u00eda, que se integra con la Mesa Radi\u00f3nica del Fuego Sagrado, limpia, armoniza y fortalece a las personas y los entornos sobre los que se trabaja.<\/p>\t\t\t\t\t\t\t\t<\/div>\n\t\t\t\t<\/div>\n\t\t\t\t<div class=\"elementor-element elementor-element-2969092 elementor-align-left elementor-widget elementor-widget-button\" data-id=\"2969092\" data-element_type=\"widget\" data-e-type=\"widget\" data-widget_type=\"button.default\">\n\t\t\t\t<div class=\"elementor-widget-container\">\n\t\t\t\t\t\t\t\t\t<div class=\"elementor-button-wrapper\">\n\t\t\t\t\t<a class=\"elementor-button elementor-button-link elementor-size-sm\" href=\"https:\/\/angelopiovesan.com\/es\/consultoria-del-feng-shui-para-hogares-y-negocios\/\">\n\t\t\t\t\t\t<span class=\"elementor-button-content-wrapper\">\n\t\t\t\t\t\t\t\t\t<span class=\"elementor-button-text\">Para saber m\u00e1s<\/span>\n\t\t\t\t\t<\/span>\n\t\t\t\t\t<\/a>\n\t\t\t\t<\/div>\n\t\t\t\t\t\t\t\t<\/div>\n\t\t\t\t<\/div>\n\t\t\t\t\t<\/div>\n\t\t<\/div>\n\t\t\t\t<div class=\"elementor-column elementor-col-50 elementor-top-column elementor-element elementor-element-69182f0\" data-id=\"69182f0\" data-element_type=\"column\" data-e-type=\"column\">\n\t\t\t<div class=\"elementor-widget-wrap elementor-element-populated\">\n\t\t\t\t\t\t<div class=\"elementor-element elementor-element-b39087b elementor-widget elementor-widget-heading\" data-id=\"b39087b\" data-element_type=\"widget\" data-e-type=\"widget\" data-widget_type=\"heading.default\">\n\t\t\t\t<div class=\"elementor-widget-container\">\n\t\t\t\t\t<h2 class=\"elementor-heading-title elementor-size-default\">Juego del Maha Lilah<\/h2>\t\t\t\t<\/div>\n\t\t\t\t<\/div>\n\t\t\t\t<div class=\"elementor-element elementor-element-e6beba7 elementor-widget elementor-widget-image\" data-id=\"e6beba7\" data-element_type=\"widget\" data-e-type=\"widget\" data-widget_type=\"image.default\">\n\t\t\t\t<div class=\"elementor-widget-container\">\n\t\t\t\t\t\t\t\t\t\t\t\t\t\t\t<img decoding=\"async\" src=\"https:\/\/angelopiovesan.com\/wp-content\/uploads\/elementor\/thumbs\/Maha-Lilah-qk521vqawmgw7v18h6dqzd9r8ltvtevjx7g5chppts.png\" title=\"Maha Lilah\" alt=\"Maha Lilah\" loading=\"lazy\" \/>\t\t\t\t\t\t\t\t\t\t\t\t\t\t\t<\/div>\n\t\t\t\t<\/div>\n\t\t\t\t<div class=\"elementor-element elementor-element-8a8a99b elementor-widget elementor-widget-text-editor\" data-id=\"8a8a99b\" data-element_type=\"widget\" data-e-type=\"widget\" data-widget_type=\"text-editor.default\">\n\t\t\t\t<div class=\"elementor-widget-container\">\n\t\t\t\t\t\t\t\t\t<p>El Maha Lilah es una herramienta terap\u00e9utica para el autoconocimiento que proviene de la antigua sabidur\u00eda de la India. Todo lo que existe participa en este juego y, como seres autoconscientes, podemos tomar conciencia de nuestro protagonismo en este juego de la vida.\u00a0<\/p>\t\t\t\t\t\t\t\t<\/div>\n\t\t\t\t<\/div>\n\t\t\t\t<div class=\"elementor-element elementor-element-421bc85 elementor-align-left elementor-widget elementor-widget-button\" data-id=\"421bc85\" data-element_type=\"widget\" data-e-type=\"widget\" data-widget_type=\"button.default\">\n\t\t\t\t<div class=\"elementor-widget-container\">\n\t\t\t\t\t\t\t\t\t<div class=\"elementor-button-wrapper\">\n\t\t\t\t\t<a class=\"elementor-button elementor-button-link elementor-size-sm\" href=\"https:\/\/angelopiovesan.com\/es\/el-juego-de-maha-lilah\/\">\n\t\t\t\t\t\t<span class=\"elementor-button-content-wrapper\">\n\t\t\t\t\t\t\t\t\t<span class=\"elementor-button-text\">Para saber m\u00e1s<\/span>\n\t\t\t\t\t<\/span>\n\t\t\t\t\t<\/a>\n\t\t\t\t<\/div>\n\t\t\t\t\t\t\t\t<\/div>\n\t\t\t\t<\/div>\n\t\t\t\t\t<\/div>\n\t\t<\/div>\n\t\t\t\t\t<\/div>\n\t\t<\/section>\n\t\t\t\t<section class=\"elementor-section elementor-top-section elementor-element elementor-element-6cd770f elementor-section-full_width elementor-section-height-default elementor-section-height-default\" data-id=\"6cd770f\" data-element_type=\"section\" data-e-type=\"section\">\n\t\t\t\t\t\t<div class=\"elementor-container elementor-column-gap-default\">\n\t\t\t\t\t<div class=\"elementor-column elementor-col-100 elementor-top-column elementor-element elementor-element-657f3d3\" data-id=\"657f3d3\" data-element_type=\"column\" data-e-type=\"column\">\n\t\t\t<div class=\"elementor-widget-wrap elementor-element-populated\">\n\t\t\t\t\t\t<section class=\"elementor-section elementor-inner-section elementor-element elementor-element-147494c elementor-section-content-middle elementor-section-boxed elementor-section-height-default elementor-section-height-default\" data-id=\"147494c\" data-element_type=\"section\" data-e-type=\"section\">\n\t\t\t\t\t\t<div class=\"elementor-container elementor-column-gap-default\">\n\t\t\t\t\t<div class=\"elementor-column elementor-col-66 elementor-inner-column elementor-element elementor-element-243d751\" data-id=\"243d751\" data-element_type=\"column\" data-e-type=\"column\">\n\t\t\t<div class=\"elementor-widget-wrap elementor-element-populated\">\n\t\t\t\t\t\t<div class=\"elementor-element elementor-element-0035fde elementor-widget elementor-widget-text-editor\" data-id=\"0035fde\" data-element_type=\"widget\" data-e-type=\"widget\" data-widget_type=\"text-editor.default\">\n\t\t\t\t<div class=\"elementor-widget-container\">\n\t\t\t\t\t\t\t\t\t<p>Ofrecemos consultas individuales, siempre con el objetivo de ofrecer servicios de excelente calidad, promoviendo el autoconocimiento, la expansi\u00f3n de la conciencia y el desarrollo espiritual.<\/p>\t\t\t\t\t\t\t\t<\/div>\n\t\t\t\t<\/div>\n\t\t\t\t\t<\/div>\n\t\t<\/div>\n\t\t\t\t<div class=\"elementor-column elementor-col-33 elementor-inner-column elementor-element elementor-element-2a17685\" data-id=\"2a17685\" data-element_type=\"column\" data-e-type=\"column\">\n\t\t\t<div class=\"elementor-widget-wrap elementor-element-populated\">\n\t\t\t\t\t\t<div class=\"elementor-element elementor-element-68693cd elementor-widget elementor-widget-image\" data-id=\"68693cd\" data-element_type=\"widget\" data-e-type=\"widget\" data-widget_type=\"image.default\">\n\t\t\t\t<div class=\"elementor-widget-container\">\n\t\t\t\t\t\t\t\t\t\t\t\t\t\t\t<img fetchpriority=\"high\" decoding=\"async\" width=\"640\" height=\"426\" src=\"https:\/\/angelopiovesan.com\/wp-content\/uploads\/2024\/08\/consultas-angelo.jpg\" class=\"attachment-large size-large wp-image-8614\" alt=\"\" srcset=\"https:\/\/angelopiovesan.com\/wp-content\/uploads\/2024\/08\/consultas-angelo.jpg 640w, https:\/\/angelopiovesan.com\/wp-content\/uploads\/2024\/08\/consultas-angelo-300x200.jpg 300w, https:\/\/angelopiovesan.com\/wp-content\/uploads\/2024\/08\/consultas-angelo-18x12.jpg 18w, https:\/\/angelopiovesan.com\/wp-content\/uploads\/2024\/08\/consultas-angelo-24x16.jpg 24w, https:\/\/angelopiovesan.com\/wp-content\/uploads\/2024\/08\/consultas-angelo-36x24.jpg 36w, https:\/\/angelopiovesan.com\/wp-content\/uploads\/2024\/08\/consultas-angelo-48x32.jpg 48w\" sizes=\"(max-width: 640px) 100vw, 640px\" \/>\t\t\t\t\t\t\t\t\t\t\t\t\t\t\t<\/div>\n\t\t\t\t<\/div>\n\t\t\t\t\t<\/div>\n\t\t<\/div>\n\t\t\t\t\t<\/div>\n\t\t<\/section>\n\t\t\t\t<div class=\"elementor-element elementor-element-6318d2b elementor-widget elementor-widget-image\" data-id=\"6318d2b\" data-element_type=\"widget\" data-e-type=\"widget\" data-widget_type=\"image.default\">\n\t\t\t\t<div class=\"elementor-widget-container\">\n\t\t\t\t\t\t\t\t\t\t\t\t\t\t\t<img decoding=\"async\" src=\"https:\/\/angelopiovesan.com\/wp-content\/uploads\/elementor\/thumbs\/bg-consultas-qs0pme97c52tzw4gm1fjjfojzydr3hxio69qbqr0h4.jpg\" title=\"bg-consultas\" alt=\"bg-consultas\" loading=\"lazy\" \/>\t\t\t\t\t\t\t\t\t\t\t\t\t\t\t<\/div>\n\t\t\t\t<\/div>\n\t\t\t\t\t<\/div>\n\t\t<\/div>\n\t\t\t\t\t<\/div>\n\t\t<\/section>\n\t\t\t\t<\/div>","protected":false},"excerpt":{"rendered":"<p>Consultas Ajudando voc\u00ea no processo insepar\u00e1vel de autoconhecimento e crescimento espiritual Mesa Radi\u00f4nica do Fogo Sagrado A Mesa Radi\u00f4nica do Fogo Sagrado \u00e9 uma ferramenta de cura baseada nos ensinamentos da Geometria Sagrada, da Radiestesia, da Geobiologia, do Feng Shui e da Grande Fraternidade Branca, com os Doze Raios da Cria\u00e7\u00e3o e os Mestres Ascensionados, [&hellip;]<\/p>\n","protected":false},"author":4,"featured_media":3519,"parent":0,"menu_order":0,"comment_status":"closed","ping_status":"closed","template":"elementor_header_footer","meta":{"footnotes":""},"class_list":["post-6512","page","type-page","status-publish","has-post-thumbnail","hentry"],"publishpress_future_action":{"enabled":false,"date":"2026-04-30 11:40:46","action":"change-status","newStatus":"draft","terms":[],"taxonomy":"","extraData":[]},"publishpress_future_workflow_manual_trigger":{"enabledWorkflows":[]},"_links":{"self":[{"href":"https:\/\/angelopiovesan.com\/es\/wp-json\/wp\/v2\/pages\/6512","targetHints":{"allow":["GET"]}}],"collection":[{"href":"https:\/\/angelopiovesan.com\/es\/wp-json\/wp\/v2\/pages"}],"about":[{"href":"https:\/\/angelopiovesan.com\/es\/wp-json\/wp\/v2\/types\/page"}],"author":[{"embeddable":true,"href":"https:\/\/angelopiovesan.com\/es\/wp-json\/wp\/v2\/users\/4"}],"replies":[{"embeddable":true,"href":"https:\/\/angelopiovesan.com\/es\/wp-json\/wp\/v2\/comments?post=6512"}],"version-history":[{"count":56,"href":"https:\/\/angelopiovesan.com\/es\/wp-json\/wp\/v2\/pages\/6512\/revisions"}],"predecessor-version":[{"id":8621,"href":"https:\/\/angelopiovesan.com\/es\/wp-json\/wp\/v2\/pages\/6512\/revisions\/8621"}],"wp:featuredmedia":[{"embeddable":true,"href":"https:\/\/angelopiovesan.com\/es\/wp-json\/wp\/v2\/media\/3519"}],"wp:attachment":[{"href":"https:\/\/angelopiovesan.com\/es\/wp-json\/wp\/v2\/media?parent=6512"}],"curies":[{"name":"wp","href":"https:\/\/api.w.org\/{rel}","templated":true}]}}