{"id":6628,"date":"2021-11-20T13:59:33","date_gmt":"2021-11-20T16:59:33","guid":{"rendered":"http:\/\/berkanainstituto.com.br\/?page_id=6628"},"modified":"2025-09-18T16:06:16","modified_gmt":"2025-09-18T19:06:16","slug":"mandala-anual-del-tarot","status":"publish","type":"page","link":"https:\/\/angelopiovesan.com\/es\/mandala-anual-do-tarot\/","title":{"rendered":"Mandala Anual do Tarot &#8211; 2025"},"content":{"rendered":"<div data-elementor-type=\"wp-post\" data-elementor-id=\"6628\" class=\"elementor elementor-6628\">\n\t\t\t\t\t\t<section class=\"elementor-section elementor-top-section elementor-element elementor-element-d87aec1 elementor-section-boxed elementor-section-height-default elementor-section-height-default\" data-id=\"d87aec1\" data-element_type=\"section\" data-e-type=\"section\">\n\t\t\t\t\t\t<div class=\"elementor-container elementor-column-gap-default\">\n\t\t\t\t\t<div class=\"elementor-column elementor-col-100 elementor-top-column elementor-element elementor-element-f3858db\" data-id=\"f3858db\" data-element_type=\"column\" data-e-type=\"column\">\n\t\t\t<div class=\"elementor-widget-wrap elementor-element-populated\">\n\t\t\t\t\t\t<div class=\"elementor-element elementor-element-7cca0d1 elementor-widget elementor-widget-heading\" data-id=\"7cca0d1\" data-element_type=\"widget\" data-e-type=\"widget\" data-widget_type=\"heading.default\">\n\t\t\t\t<div class=\"elementor-widget-container\">\n\t\t\t\t\t<h1 class=\"elementor-heading-title elementor-size-default\">M\u00e1ndala Anual del Tarot - 2025<\/h1>\t\t\t\t<\/div>\n\t\t\t\t<\/div>\n\t\t\t\t<div class=\"elementor-element elementor-element-3cd6f98 elementor-widget elementor-widget-heading\" data-id=\"3cd6f98\" data-element_type=\"widget\" data-e-type=\"widget\" data-widget_type=\"heading.default\">\n\t\t\t\t<div class=\"elementor-widget-container\">\n\t\t\t\t\t<h3 class=\"elementor-heading-title elementor-size-default\">UN CAMINO PARA DESCUBRIR Y COMPRENDER NUESTRO CAMINO DE VIDA<\/h3>\t\t\t\t<\/div>\n\t\t\t\t<\/div>\n\t\t\t\t<div class=\"elementor-element elementor-element-5164ab5 elementor-widget elementor-widget-heading\" data-id=\"5164ab5\" data-element_type=\"widget\" data-e-type=\"widget\" data-widget_type=\"heading.default\">\n\t\t\t\t<div class=\"elementor-widget-container\">\n\t\t\t\t\t<h3 class=\"elementor-heading-title elementor-size-default\">CON ANGELO PIOVESAN<\/h3>\t\t\t\t<\/div>\n\t\t\t\t<\/div>\n\t\t\t\t<section class=\"elementor-section elementor-inner-section elementor-element elementor-element-147494c elementor-section-boxed elementor-section-height-default elementor-section-height-default\" data-id=\"147494c\" data-element_type=\"section\" data-e-type=\"section\">\n\t\t\t\t\t\t<div class=\"elementor-container elementor-column-gap-default\">\n\t\t\t\t\t<div class=\"elementor-column elementor-col-50 elementor-inner-column elementor-element elementor-element-243d751\" data-id=\"243d751\" data-element_type=\"column\" data-e-type=\"column\">\n\t\t\t<div class=\"elementor-widget-wrap elementor-element-populated\">\n\t\t\t\t\t\t<div class=\"elementor-element elementor-element-0035fde elementor-widget elementor-widget-text-editor\" data-id=\"0035fde\" data-element_type=\"widget\" data-e-type=\"widget\" data-widget_type=\"text-editor.default\">\n\t\t\t\t<div class=\"elementor-widget-container\">\n\t\t\t\t\t\t\t\t\t<p>Del 22\/Nov\/24 al 10\/Ene\/25, exclusivamente durante las <strong><i>\u201c7 Semanas Sagradas\u201d<\/i><\/strong>, realizaremos el M\u00e1ndala Anual del Tarot para el a\u00f1o 2025.<\/p><ul><li>\u00bfCu\u00e1l es tu fuerza \/ cu\u00e1l es tu energ\u00eda de base para el a\u00f1o de 2025?<\/li><li style=\"font-weight: 400;\">\u00bfCu\u00e1les son las energ\u00edas m\u00e1s importantes que influenciar\u00e1n cada uno de los 12 meses del a\u00f1o para ti?<\/li><li style=\"font-weight: 400;\">\u00bfCu\u00e1les son los puntos fuertes y los puntos d\u00e9biles de cada mes?<\/li><li style=\"font-weight: 400;\">\u00bfQu\u00e9 cuidados son necesarios?<\/li><li style=\"font-weight: 400;\">\u00bfCu\u00e1les son las recomendaciones y consejos para cada mes de tu camino en el a\u00f1o de 2025?<\/li><\/ul><p>\u00bfQuiere averiguarlo? Reserve su consulta.<\/p>\t\t\t\t\t\t\t\t<\/div>\n\t\t\t\t<\/div>\n\t\t\t\t<div class=\"elementor-element elementor-element-ff76f7e elementor-button-success elementor-align-left elementor-widget elementor-widget-button\" data-id=\"ff76f7e\" data-element_type=\"widget\" data-e-type=\"widget\" data-widget_type=\"button.default\">\n\t\t\t\t<div class=\"elementor-widget-container\">\n\t\t\t\t\t\t\t\t\t<div class=\"elementor-button-wrapper\">\n\t\t\t\t\t<a class=\"elementor-button elementor-button-link elementor-size-lg\" href=\"https:\/\/angelopiovesan.com\/es\/blog\/tarot-de-las-7-semanas-sagradas\/\">\n\t\t\t\t\t\t<span class=\"elementor-button-content-wrapper\">\n\t\t\t\t\t\t<span class=\"elementor-button-icon\">\n\t\t\t\t<i aria-hidden=\"true\" class=\"fas fa-hand-point-right\"><\/i>\t\t\t<\/span>\n\t\t\t\t\t\t\t\t\t<span class=\"elementor-button-text\">M\u00e1s informaci\u00f3n sobre el Tarot de las 7 Semanas Sagradas<\/span>\n\t\t\t\t\t<\/span>\n\t\t\t\t\t<\/a>\n\t\t\t\t<\/div>\n\t\t\t\t\t\t\t\t<\/div>\n\t\t\t\t<\/div>\n\t\t\t\t\t<\/div>\n\t\t<\/div>\n\t\t\t\t<div class=\"elementor-column elementor-col-50 elementor-inner-column elementor-element elementor-element-c05d458\" data-id=\"c05d458\" data-element_type=\"column\" data-e-type=\"column\">\n\t\t\t<div class=\"elementor-widget-wrap elementor-element-populated\">\n\t\t\t\t\t\t<div class=\"elementor-element elementor-element-41cd0b9 elementor-widget elementor-widget-image\" data-id=\"41cd0b9\" data-element_type=\"widget\" data-e-type=\"widget\" data-widget_type=\"image.default\">\n\t\t\t\t<div class=\"elementor-widget-container\">\n\t\t\t\t\t\t\t\t\t\t\t\t\t\t\t<img fetchpriority=\"high\" decoding=\"async\" width=\"500\" height=\"438\" src=\"https:\/\/angelopiovesan.com\/wp-content\/uploads\/2021\/11\/tarot-2022.jpg\" class=\"attachment-large size-large wp-image-6643\" alt=\"\" srcset=\"https:\/\/angelopiovesan.com\/wp-content\/uploads\/2021\/11\/tarot-2022.jpg 500w, https:\/\/angelopiovesan.com\/wp-content\/uploads\/2021\/11\/tarot-2022-300x263.jpg 300w, https:\/\/angelopiovesan.com\/wp-content\/uploads\/2021\/11\/tarot-2022-14x12.jpg 14w, https:\/\/angelopiovesan.com\/wp-content\/uploads\/2021\/11\/tarot-2022-24x21.jpg 24w, https:\/\/angelopiovesan.com\/wp-content\/uploads\/2021\/11\/tarot-2022-36x32.jpg 36w, https:\/\/angelopiovesan.com\/wp-content\/uploads\/2021\/11\/tarot-2022-48x42.jpg 48w\" sizes=\"(max-width: 500px) 100vw, 500px\" \/>\t\t\t\t\t\t\t\t\t\t\t\t\t\t\t<\/div>\n\t\t\t\t<\/div>\n\t\t\t\t\t<\/div>\n\t\t<\/div>\n\t\t\t\t\t<\/div>\n\t\t<\/section>\n\t\t\t\t\t<\/div>\n\t\t<\/div>\n\t\t\t\t\t<\/div>\n\t\t<\/section>\n\t\t\t\t<section class=\"elementor-section elementor-top-section elementor-element elementor-element-6cd770f elementor-section-full_width elementor-section-height-default elementor-section-height-default\" data-id=\"6cd770f\" data-element_type=\"section\" data-e-type=\"section\">\n\t\t\t\t\t\t<div class=\"elementor-container elementor-column-gap-default\">\n\t\t\t\t\t<div class=\"elementor-column elementor-col-100 elementor-top-column elementor-element elementor-element-657f3d3\" data-id=\"657f3d3\" data-element_type=\"column\" data-e-type=\"column\">\n\t\t\t<div class=\"elementor-widget-wrap elementor-element-populated\">\n\t\t\t\t\t\t<div class=\"elementor-element elementor-element-6318d2b elementor-widget elementor-widget-image\" data-id=\"6318d2b\" data-element_type=\"widget\" data-e-type=\"widget\" data-widget_type=\"image.default\">\n\t\t\t\t<div class=\"elementor-widget-container\">\n\t\t\t\t\t\t\t\t\t\t\t\t\t\t\t<img decoding=\"async\" src=\"https:\/\/angelopiovesan.com\/wp-content\/uploads\/elementor\/thumbs\/bg-tarot-anual-qs0pfjzhljppi226k2zae5tsd03l2sruebcil8w5rc.jpg\" title=\"bg-tarot-anual\" alt=\"bg-tarot-anual\" loading=\"lazy\" \/>\t\t\t\t\t\t\t\t\t\t\t\t\t\t\t<\/div>\n\t\t\t\t<\/div>\n\t\t\t\t\t<\/div>\n\t\t<\/div>\n\t\t\t\t\t<\/div>\n\t\t<\/section>\n\t\t\t\t<section class=\"elementor-section elementor-top-section elementor-element elementor-element-fce39d3 elementor-section-boxed elementor-section-height-default elementor-section-height-default\" data-id=\"fce39d3\" data-element_type=\"section\" data-e-type=\"section\">\n\t\t\t\t\t\t<div class=\"elementor-container elementor-column-gap-default\">\n\t\t\t\t\t<div class=\"elementor-column elementor-col-33 elementor-top-column elementor-element elementor-element-fd19c5d\" data-id=\"fd19c5d\" data-element_type=\"column\" data-e-type=\"column\">\n\t\t\t<div class=\"elementor-widget-wrap elementor-element-populated\">\n\t\t\t\t\t\t<div class=\"elementor-element elementor-element-061712c elementor-widget elementor-widget-image\" data-id=\"061712c\" data-element_type=\"widget\" data-e-type=\"widget\" data-widget_type=\"image.default\">\n\t\t\t\t<div class=\"elementor-widget-container\">\n\t\t\t\t\t\t\t\t\t\t\t\t\t\t\t<img decoding=\"async\" width=\"500\" height=\"412\" src=\"https:\/\/angelopiovesan.com\/wp-content\/uploads\/2021\/11\/angelo-tarot-2022.jpg\" class=\"attachment-medium_large size-medium_large wp-image-6637\" alt=\"\" srcset=\"https:\/\/angelopiovesan.com\/wp-content\/uploads\/2021\/11\/angelo-tarot-2022.jpg 500w, https:\/\/angelopiovesan.com\/wp-content\/uploads\/2021\/11\/angelo-tarot-2022-300x247.jpg 300w, https:\/\/angelopiovesan.com\/wp-content\/uploads\/2021\/11\/angelo-tarot-2022-16x12.jpg 16w, https:\/\/angelopiovesan.com\/wp-content\/uploads\/2021\/11\/angelo-tarot-2022-24x20.jpg 24w, https:\/\/angelopiovesan.com\/wp-content\/uploads\/2021\/11\/angelo-tarot-2022-36x30.jpg 36w, https:\/\/angelopiovesan.com\/wp-content\/uploads\/2021\/11\/angelo-tarot-2022-48x40.jpg 48w\" sizes=\"(max-width: 500px) 100vw, 500px\" \/>\t\t\t\t\t\t\t\t\t\t\t\t\t\t\t<\/div>\n\t\t\t\t<\/div>\n\t\t\t\t\t<\/div>\n\t\t<\/div>\n\t\t\t\t<div class=\"elementor-column elementor-col-66 elementor-top-column elementor-element elementor-element-169f285\" data-id=\"169f285\" data-element_type=\"column\" data-e-type=\"column\">\n\t\t\t<div class=\"elementor-widget-wrap elementor-element-populated\">\n\t\t\t\t\t\t<div class=\"elementor-element elementor-element-746b8dd elementor-widget elementor-widget-text-editor\" data-id=\"746b8dd\" data-element_type=\"widget\" data-e-type=\"widget\" data-widget_type=\"text-editor.default\">\n\t\t\t\t<div class=\"elementor-widget-container\">\n\t\t\t\t\t\t\t\t\t<h2><span style=\"font-size: 18pt;\"><strong>Tarot de las 7 Semanas Sagradas - M\u00e1ndala Anual<\/strong><\/span><\/h2><h6><strong>\u00a1Prep\u00e1rate para vivir a tope el 2025!<\/strong><\/h6><p style=\"font-weight: 400;\">El periodo comprendido entre los finales de noviembre - incluyendo el D\u00eda de Acci\u00f3n de Gracias (<em>Thanksgiving<\/em>) y hasta mediados de enero (incluyendo el D\u00eda de Reyes) se denomina las\u00a0<em><strong>\"7 Semanas Sagradas\u201d. <\/strong><\/em><\/p><p style=\"font-weight: 400;\">Durante este periodo, las energ\u00edas del amor, la paz y la buena voluntad inundan la Tierra con gran intensidad, facilitando que las personas se empe\u00f1en en acciones fraternas y solidarias. No es por casualidad que el 1\u00ba de enero es el d\u00eda de la Paz Universal y de la Fraternidad.<\/p><p style=\"font-weight: 400;\">\u00danicamente durante este per\u00edodo estoy autorizado a realizar el M\u00e1ndala Anual del Tarot, con el objetivo de ayudar a las personas a comprender su propio camino de vida, superar los obst\u00e1culos y tomar decisiones apropiadas que conduzcan a la felicidad y a la plenitud.<\/p>\t\t\t\t\t\t\t\t<\/div>\n\t\t\t\t<\/div>\n\t\t\t\t\t<\/div>\n\t\t<\/div>\n\t\t\t\t\t<\/div>\n\t\t<\/section>\n\t\t\t\t<section class=\"elementor-section elementor-top-section elementor-element elementor-element-7a5661e elementor-section-boxed elementor-section-height-default elementor-section-height-default\" data-id=\"7a5661e\" data-element_type=\"section\" data-e-type=\"section\">\n\t\t\t\t\t\t<div class=\"elementor-container elementor-column-gap-default\">\n\t\t\t\t\t<div class=\"elementor-column elementor-col-50 elementor-top-column elementor-element elementor-element-aea699c\" data-id=\"aea699c\" data-element_type=\"column\" data-e-type=\"column\">\n\t\t\t<div class=\"elementor-widget-wrap elementor-element-populated\">\n\t\t\t\t\t\t<div class=\"elementor-element elementor-element-796993b elementor-widget elementor-widget-text-editor\" data-id=\"796993b\" data-element_type=\"widget\" data-e-type=\"widget\" data-widget_type=\"text-editor.default\">\n\t\t\t\t<div class=\"elementor-widget-container\">\n\t\t\t\t\t\t\t\t\t<p><em>\u00a1Desvele sus caminos y conozca su fuerza!<\/em><\/p><p>Reserve su consulta hoy mismo y descubre lo que el Tarot de las 7 Semanas Sagradas puede revelarte!<\/p><ul><li>Telefone e WhatsApp: (+55 11) 98244.2762<\/li><li>Correo electr\u00f3nico: angelo.piovesan@gmail.com<\/li><li>Messenger: <a href=\"http:\/\/m.me\/angelo.piovesan.1\">hacer clic aqu\u00ed<\/a><\/li><\/ul>\t\t\t\t\t\t\t\t<\/div>\n\t\t\t\t<\/div>\n\t\t\t\t\t<\/div>\n\t\t<\/div>\n\t\t\t\t<div class=\"elementor-column elementor-col-50 elementor-top-column elementor-element elementor-element-213c17d\" data-id=\"213c17d\" data-element_type=\"column\" data-e-type=\"column\">\n\t\t\t<div class=\"elementor-widget-wrap elementor-element-populated\">\n\t\t\t\t\t\t<div class=\"elementor-element elementor-element-fe7885f elementor-button-success elementor-align-justify elementor-widget elementor-widget-button\" data-id=\"fe7885f\" data-element_type=\"widget\" data-e-type=\"widget\" data-widget_type=\"button.default\">\n\t\t\t\t<div class=\"elementor-widget-container\">\n\t\t\t\t\t\t\t\t\t<div class=\"elementor-button-wrapper\">\n\t\t\t\t\t<a class=\"elementor-button elementor-button-link elementor-size-xl\" href=\"https:\/\/angelopiovesan.com\/es\/contacto\/\">\n\t\t\t\t\t\t<span class=\"elementor-button-content-wrapper\">\n\t\t\t\t\t\t<span class=\"elementor-button-icon\">\n\t\t\t\t<i aria-hidden=\"true\" class=\"fas fa-arrow-right\"><\/i>\t\t\t<\/span>\n\t\t\t\t\t\t\t\t\t<span class=\"elementor-button-text\">Inscripci\u00f3n<\/span>\n\t\t\t\t\t<\/span>\n\t\t\t\t\t<\/a>\n\t\t\t\t<\/div>\n\t\t\t\t\t\t\t\t<\/div>\n\t\t\t\t<\/div>\n\t\t\t\t\t<\/div>\n\t\t<\/div>\n\t\t\t\t\t<\/div>\n\t\t<\/section>\n\t\t\t\t<section class=\"elementor-section elementor-top-section elementor-element elementor-element-b4ae0bb elementor-section-boxed elementor-section-height-default elementor-section-height-default\" data-id=\"b4ae0bb\" data-element_type=\"section\" data-e-type=\"section\">\n\t\t\t\t\t\t<div class=\"elementor-container elementor-column-gap-default\">\n\t\t\t\t\t<div class=\"elementor-column elementor-col-100 elementor-top-column elementor-element elementor-element-35e7d25\" data-id=\"35e7d25\" data-element_type=\"column\" data-e-type=\"column\">\n\t\t\t<div class=\"elementor-widget-wrap elementor-element-populated\">\n\t\t\t\t\t\t<div class=\"elementor-element elementor-element-97e7622 elementor-widget elementor-widget-image\" data-id=\"97e7622\" data-element_type=\"widget\" data-e-type=\"widget\" data-widget_type=\"image.default\">\n\t\t\t\t<div class=\"elementor-widget-container\">\n\t\t\t\t\t\t\t\t\t\t\t\t\t\t\t\t<a href=\"https:\/\/angelopiovesan.com\/es\/contacto\/\">\n\t\t\t\t\t\t\t<img decoding=\"async\" width=\"300\" height=\"300\" src=\"https:\/\/angelopiovesan.com\/wp-content\/uploads\/2024\/02\/consulta-online-presente-angelo-es.jpg\" class=\"attachment-medium size-medium wp-image-6935\" alt=\"\" srcset=\"https:\/\/angelopiovesan.com\/wp-content\/uploads\/2024\/02\/consulta-online-presente-angelo-es.jpg 700w, https:\/\/angelopiovesan.com\/wp-content\/uploads\/2024\/02\/consulta-online-presente-angelo-es-300x300.jpg 300w, https:\/\/angelopiovesan.com\/wp-content\/uploads\/2024\/02\/consulta-online-presente-angelo-es-150x150.jpg 150w, https:\/\/angelopiovesan.com\/wp-content\/uploads\/2024\/02\/consulta-online-presente-angelo-es-12x12.jpg 12w, https:\/\/angelopiovesan.com\/wp-content\/uploads\/2024\/02\/consulta-online-presente-angelo-es-24x24.jpg 24w, https:\/\/angelopiovesan.com\/wp-content\/uploads\/2024\/02\/consulta-online-presente-angelo-es-36x36.jpg 36w, https:\/\/angelopiovesan.com\/wp-content\/uploads\/2024\/02\/consulta-online-presente-angelo-es-48x48.jpg 48w\" sizes=\"(max-width: 300px) 100vw, 300px\" \/>\t\t\t\t\t\t\t\t<\/a>\n\t\t\t\t\t\t\t\t\t\t\t\t\t\t\t<\/div>\n\t\t\t\t<\/div>\n\t\t\t\t\t<\/div>\n\t\t<\/div>\n\t\t\t\t\t<\/div>\n\t\t<\/section>\n\t\t\t\t<\/div>","protected":false},"excerpt":{"rendered":"<p>Mandala Anual do Tarot &#8211; 2025 Um caminho para desvendar e entender a nossa jornada de vida com angelo piovesan De 22\/Nov\/24 at\u00e9 10\/Jan\/25, somente durante as \u201c7 Semanas Sagradas\u201d, realizamos a Mandala Anual do Tarot para o ano de 2025. Qual \u00e9 a sua for\u00e7a \/ qual a sua energia de base para o [&hellip;]<\/p>\n","protected":false},"author":4,"featured_media":5648,"parent":0,"menu_order":0,"comment_status":"closed","ping_status":"closed","template":"elementor_header_footer","meta":{"footnotes":""},"class_list":["post-6628","page","type-page","status-publish","has-post-thumbnail","hentry"],"publishpress_future_action":{"enabled":false,"date":"2026-04-30 13:06:41","action":"change-status","newStatus":"draft","terms":[],"taxonomy":"","extraData":[]},"publishpress_future_workflow_manual_trigger":{"enabledWorkflows":[]},"_links":{"self":[{"href":"https:\/\/angelopiovesan.com\/es\/wp-json\/wp\/v2\/pages\/6628","targetHints":{"allow":["GET"]}}],"collection":[{"href":"https:\/\/angelopiovesan.com\/es\/wp-json\/wp\/v2\/pages"}],"about":[{"href":"https:\/\/angelopiovesan.com\/es\/wp-json\/wp\/v2\/types\/page"}],"author":[{"embeddable":true,"href":"https:\/\/angelopiovesan.com\/es\/wp-json\/wp\/v2\/users\/4"}],"replies":[{"embeddable":true,"href":"https:\/\/angelopiovesan.com\/es\/wp-json\/wp\/v2\/comments?post=6628"}],"version-history":[{"count":62,"href":"https:\/\/angelopiovesan.com\/es\/wp-json\/wp\/v2\/pages\/6628\/revisions"}],"predecessor-version":[{"id":9416,"href":"https:\/\/angelopiovesan.com\/es\/wp-json\/wp\/v2\/pages\/6628\/revisions\/9416"}],"wp:featuredmedia":[{"embeddable":true,"href":"https:\/\/angelopiovesan.com\/es\/wp-json\/wp\/v2\/media\/5648"}],"wp:attachment":[{"href":"https:\/\/angelopiovesan.com\/es\/wp-json\/wp\/v2\/media?parent=6628"}],"curies":[{"name":"wp","href":"https:\/\/api.w.org\/{rel}","templated":true}]}}